{"id":8514,"date":"2021-09-25T19:36:57","date_gmt":"2021-09-25T18:36:57","guid":{"rendered":"https:\/\/swmikolaj.org\/?page_id=8514"},"modified":"2025-09-19T09:33:22","modified_gmt":"2025-09-19T08:33:22","slug":"grupy-modlitwy-kontemplacyjnej","status":"publish","type":"page","link":"https:\/\/swmikolaj.org\/index.php\/grupy-modlitwy-kontemplacyjnej\/","title":{"rendered":"Grupa modlitwy kontemplacyjnej"},"content":{"rendered":"\n<p>&nbsp;<\/p>\n<p style=\"text-align: left;\"><img decoding=\"async\" loading=\"lazy\" class=\"alignnone  wp-image-166095\" src=\"https:\/\/swmikolaj.org\/wp-content\/uploads\/2025\/09\/IMG_6187-300x300.jpeg\" alt=\"\" width=\"699\" height=\"699\" srcset=\"https:\/\/swmikolaj.org\/wp-content\/uploads\/2025\/09\/IMG_6187-300x300.jpeg 300w, https:\/\/swmikolaj.org\/wp-content\/uploads\/2025\/09\/IMG_6187-1024x1022.jpeg 1024w, https:\/\/swmikolaj.org\/wp-content\/uploads\/2025\/09\/IMG_6187-150x150.jpeg 150w, https:\/\/swmikolaj.org\/wp-content\/uploads\/2025\/09\/IMG_6187-768x767.jpeg 768w, https:\/\/swmikolaj.org\/wp-content\/uploads\/2025\/09\/IMG_6187-1536x1533.jpeg 1536w, https:\/\/swmikolaj.org\/wp-content\/uploads\/2025\/09\/IMG_6187-2048x2044.jpeg 2048w, https:\/\/swmikolaj.org\/wp-content\/uploads\/2025\/09\/IMG_6187-676x675.jpeg 676w\" sizes=\"(max-width: 699px) 100vw, 699px\" \/><\/p>\n\n\n\n<p class=\"p1\"><span class=\"s1\">\u201e\u015awi\u0119ta Cisza na tej ikonie jest kr\u00f3lewiczem, \u017ceby kr\u00f3lowa\u0107 w waszych sercach i w grupach modlitwy kontemplacyjnej.<\/span><\/p>\n<p class=\"p1\"><span class=\"s1\">Ma\u0142a Teresa trzyma Ewangeli\u0119 otwart\u0105 na tek\u015bcie:\u00a0<\/span><span class=\"s2\">je\u015bli si\u0119 nie odmienicie i nie staniecie jak dzieci, nie wejdziecie do Kr\u00f3lestwa Niebieskiego<\/span><span class=\"s1\">\u00a0&#8211;\u00a0<\/span>Mt 18,3<\/p>\n<p class=\"p1\"><span class=\"s1\">Niech ta ikona b\u0119dzie b\u0142ogos\u0142awie\u0144stwem pokoju i g\u0142\u0119bi \u017cycia wewn\u0119trznego\u201d<\/span><\/p>\n<p class=\"p1\"><span class=\"s1\">s. Miriam od Krzy\u017ca, er<\/span><\/p>\n<p>\u00a0<\/p>\n<p>\u00a0<\/p>\n<p class=\"p1\"><span class=\"s1\">Grupa powsta\u0142a we wrze\u015bniu 2021 r., inspiruj\u0105c si\u0119\u00a0<\/span><span class=\"s2\">Przyjaci\u00f3\u0142mi Mi\u0142o\u015bci Mi\u0142osiernej<\/span><span class=\"s1\">\u00a0&#8211; duchow\u0105 rodzin\u0105 formuj\u0105c\u0105 si\u0119 w duchowo\u015bci Mi\u0142o\u015bci Mi\u0142osiernej (duchowo\u015bci \u201epustych r\u0105k\u201d), kt\u00f3rej inicjatorami jest ma\u0142\u017ce\u0144stwo Monika i dk. Marcin Gajda.\u00a0<\/span><\/p>\n<p class=\"p1\"><span class=\"s1\">Wi\u0119cej na\u00a0<a href=\"https:\/\/przyjacielemm.pl\/\" target=\"_blank\" rel=\"noopener noreferrer\">https:\/\/przyjacielemm.pl<\/a>\u00a0.<\/span><\/p>\n<p class=\"p1\"><span class=\"s1\">Indywidualnie formujemy si\u0119, bior\u0105c udzia\u0142 <a href=\"http:\/\/m.in\/\">m.in<\/a>.:\u00a0<\/span><\/p>\n<ul class=\"ul1\">\n<li class=\"li1\"><span class=\"s1\">w rekolekcjach \u201ePuste r\u0119ce\u201d (wi\u0119cej na\u00a0<a href=\"https:\/\/www.fundacjatheosis.pl\/wydarzenia\/\" target=\"_blank\" rel=\"noopener noreferrer\">https:\/\/www.fundacjatheosis.pl\/wydarzenia\/<\/a>),\u00a0<\/span><\/li>\n<li class=\"li1\"><span class=\"s1\">a tak\u017ce wydarzeniach organizowanych przez O\u015brodek Medytacji Chrze\u015bcija\u0144skiej &#8211;\u00a0 Opactwo Benedyktyn\u00f3w w Lubiniu (wi\u0119cej na\u00a0<a href=\"https:\/\/lubin-medytacje.pl\/\" target=\"_blank\" rel=\"noopener noreferrer\">https:\/\/lubin-medytacje.pl\/<\/a>).<\/span><\/li>\n<\/ul>\n<p class=\"p1\"><span class=\"s1\">\u201eGrupy modlitwy kontemplacyjnej spotykaj\u0105 si\u0119, aby pog\u0142\u0119bia\u0107 osobiste do\u015bwiadczenie modlitwy uczestnik\u00f3w. Przebieg spotkania jest bardzo prosty i ma tradycyjn\u0105 form\u0119:\u00a0<\/span><\/p>\n<ul class=\"ul1\">\n<li class=\"li1\"><span class=\"s1\">lectio (czytanie)<\/span><\/li>\n<li class=\"li1\"><span class=\"s1\">meditatio (rozwa\u017canie)<\/span><\/li>\n<li class=\"li1\"><span class=\"s1\">oratio (modlitwa spontaniczna)<\/span><\/li>\n<li class=\"li1\"><span class=\"s1\">contemplatio (modlitwa kontemplacyjna).\u201d\u00a0<\/span><\/li>\n<\/ul>\n<p class=\"p1\"><span class=\"s1\">Spotykamy si\u0119 w czwartki o godz. 18:30 (na ok 1,5 godziny).<\/span><\/p>\n<p class=\"p1\"><span class=\"s1\">Miejsce spotkania jest zmienne, dlatego prosimy o wcze\u015bniejszy kontakt e-mail lub SMS.<\/span><\/p>\n<p class=\"p1\"><span class=\"s1\">koordynacja:\u00a0<\/span><\/p>\n<p class=\"p1\"><span class=\"s1\">Magda Niemkiewicz\u00a0<\/span><\/p>\n<p class=\"p1\"><span class=\"s1\"><a href=\"mailto:niemkiewicz.magdalena@gmail.com\" target=\"_blank\" rel=\"noopener noreferrer\">niemkiewicz.magdalena@gmail.com<\/a><\/span><\/p>\n<p class=\"p1\"><span class=\"s1\">501 549 511\u00a0<\/span><\/p>\n","protected":false},"excerpt":{"rendered":"<p>&nbsp; \u201e\u015awi\u0119ta Cisza na tej ikonie jest kr\u00f3lewiczem, \u017ceby kr\u00f3lowa\u0107 w waszych sercach i w grupach modlitwy kontemplacyjnej. Ma\u0142a Teresa trzyma Ewangeli\u0119 otwart\u0105 na tek\u015bcie:\u00a0je\u015bli si\u0119 nie odmienicie i nie staniecie jak dzieci, nie wejdziecie do Kr\u00f3lestwa Niebieskiego\u00a0&#8211;\u00a0Mt 18,3 Niech ta ikona b\u0119dzie b\u0142ogos\u0142awie\u0144stwem pokoju i g\u0142\u0119bi \u017cycia wewn\u0119trznego\u201d s. Miriam od Krzy\u017ca, er \u00a0 [&hellip;]<\/p>\n","protected":false},"author":2,"featured_media":0,"parent":0,"menu_order":0,"comment_status":"closed","ping_status":"closed","template":"","meta":{"footnotes":""},"publishpress_future_action":{"enabled":false,"date":"1970-01-01 01:00:00","action":"","terms":[],"taxonomy":"","browser_timezone_offset":0},"_links":{"self":[{"href":"https:\/\/swmikolaj.org\/index.php\/wp-json\/wp\/v2\/pages\/8514"}],"collection":[{"href":"https:\/\/swmikolaj.org\/index.php\/wp-json\/wp\/v2\/pages"}],"about":[{"href":"https:\/\/swmikolaj.org\/index.php\/wp-json\/wp\/v2\/types\/page"}],"author":[{"embeddable":true,"href":"https:\/\/swmikolaj.org\/index.php\/wp-json\/wp\/v2\/users\/2"}],"replies":[{"embeddable":true,"href":"https:\/\/swmikolaj.org\/index.php\/wp-json\/wp\/v2\/comments?post=8514"}],"version-history":[{"count":29,"href":"https:\/\/swmikolaj.org\/index.php\/wp-json\/wp\/v2\/pages\/8514\/revisions"}],"predecessor-version":[{"id":166116,"href":"https:\/\/swmikolaj.org\/index.php\/wp-json\/wp\/v2\/pages\/8514\/revisions\/166116"}],"wp:attachment":[{"href":"https:\/\/swmikolaj.org\/index.php\/wp-json\/wp\/v2\/media?parent=8514"}],"curies":[{"name":"wp","href":"https:\/\/api.w.org\/{rel}","templated":true}]}}