{"id":8511,"date":"2023-01-01T19:29:00","date_gmt":"2023-01-01T18:29:00","guid":{"rendered":"https:\/\/swmikolaj.org\/?page_id=8511"},"modified":"2023-01-17T12:07:11","modified_gmt":"2023-01-17T11:07:11","slug":"anonimowi-alkoholicy-uwierzylismy","status":"publish","type":"page","link":"https:\/\/swmikolaj.org\/index.php\/anonimowi-alkoholicy-uwierzylismy\/","title":{"rendered":"Anonimowi Alkoholicy &#8222;Uwierzyli\u015bmy&#8221;"},"content":{"rendered":"\n<p>Spotkania odbywaj\u0105 si\u0119 w czwartki o 19:00 w sali nr 7 w domu parafialnym.<\/p>\n<p>Pierwsze spotkanie odby\u0142o si\u0119 &nbsp;7 pa\u017adziernika 2021 r.<\/p>\n<p>&nbsp;<\/p>\n\n\n\n<p>W trzeci czwartek miesi\u0105ca odbywa si\u0119 miting otwarty, na kt\u00f3rym ka\u017cdy jest mile widziany.<\/p>\n","protected":false},"excerpt":{"rendered":"<p>Spotkania odbywaj\u0105 si\u0119 w czwartki o 19:00 w sali nr 7 w domu parafialnym. Pierwsze spotkanie odby\u0142o si\u0119 &nbsp;7 pa\u017adziernika 2021 r. &nbsp; W trzeci czwartek miesi\u0105ca odbywa si\u0119 miting otwarty, na kt\u00f3rym ka\u017cdy jest mile widziany.<\/p>\n","protected":false},"author":2,"featured_media":0,"parent":0,"menu_order":0,"comment_status":"closed","ping_status":"closed","template":"","meta":{"footnotes":""},"publishpress_future_action":{"enabled":false,"date":"1970-01-01 01:00:00","action":"","terms":[],"taxonomy":"","browser_timezone_offset":0},"_links":{"self":[{"href":"https:\/\/swmikolaj.org\/index.php\/wp-json\/wp\/v2\/pages\/8511"}],"collection":[{"href":"https:\/\/swmikolaj.org\/index.php\/wp-json\/wp\/v2\/pages"}],"about":[{"href":"https:\/\/swmikolaj.org\/index.php\/wp-json\/wp\/v2\/types\/page"}],"author":[{"embeddable":true,"href":"https:\/\/swmikolaj.org\/index.php\/wp-json\/wp\/v2\/users\/2"}],"replies":[{"embeddable":true,"href":"https:\/\/swmikolaj.org\/index.php\/wp-json\/wp\/v2\/comments?post=8511"}],"version-history":[{"count":5,"href":"https:\/\/swmikolaj.org\/index.php\/wp-json\/wp\/v2\/pages\/8511\/revisions"}],"predecessor-version":[{"id":9316,"href":"https:\/\/swmikolaj.org\/index.php\/wp-json\/wp\/v2\/pages\/8511\/revisions\/9316"}],"wp:attachment":[{"href":"https:\/\/swmikolaj.org\/index.php\/wp-json\/wp\/v2\/media?parent=8511"}],"curies":[{"name":"wp","href":"https:\/\/api.w.org\/{rel}","templated":true}]}}