{"id":6728,"date":"2021-03-20T23:55:18","date_gmt":"2021-03-20T21:55:18","guid":{"rendered":"https:\/\/swmikolaj.org\/?page_id=6728"},"modified":"2022-04-29T21:55:01","modified_gmt":"2022-04-29T20:55:01","slug":"poczatek-adoracji-najswietszego-sakramentu","status":"publish","type":"page","link":"https:\/\/swmikolaj.org\/index.php\/poczatek-adoracji-najswietszego-sakramentu\/","title":{"rendered":"Pocz\u0105tek adoracji Naj\u015bwi\u0119tszego Sakramentu."},"content":{"rendered":"\n<p style=\"text-align: center;\"><strong><em>&nbsp;-2010 &#8211;<\/em><\/strong><\/p>\n<p style=\"text-align: right;\"><em>\u201eUroczysto\u015b\u0107 Bo\u017cego Cia\u0142a 2010 r. to pocz\u0105tek wieczystej adoracji. <br>Od poniedzia\u0142ku do pi\u0105tku trwa nieustanna modlitwa w dolnym ko\u015bciele.\u201d<br><\/em><span style=\"font-size: 8pt;\"><em>3 czerwca 2010<\/em><\/span><\/p>\n<figure class=\"wp-block-image size-large\"><img decoding=\"async\" loading=\"lazy\" class=\"wp-image-6709\" src=\"https:\/\/swmikolaj.org\/wp-content\/uploads\/2021\/03\/P6044891.jpg\" sizes=\"(max-width: 800px) 100vw, 800px\" srcset=\"https:\/\/swmikolaj.org\/wp-content\/uploads\/2021\/03\/P6044891.jpg 800w, https:\/\/swmikolaj.org\/wp-content\/uploads\/2021\/03\/P6044891-300x225.jpg 300w, https:\/\/swmikolaj.org\/wp-content\/uploads\/2021\/03\/P6044891-768x576.jpg 768w, https:\/\/swmikolaj.org\/wp-content\/uploads\/2021\/03\/P6044891-676x507.jpg 676w\" alt=\"\" width=\"800\" height=\"600\">\n<figcaption>Wieczysta Adoracja 2010<\/figcaption>\n<\/figure>\n\n\n\n<p style=\"text-align: center;\"><strong><em>&nbsp;<\/em><\/strong><\/p>\n<p style=\"text-align: center;\"><strong><em>-2014 &#8211;<\/em><\/strong><\/p>\n<p><a href=\"https:\/\/swmikolaj.org\/wp-content\/uploads\/2021\/03\/projekt_adoracja__maly480x640.jpg\"><img decoding=\"async\" loading=\"lazy\" class=\"alignleft wp-image-6748\" src=\"https:\/\/swmikolaj.org\/wp-content\/uploads\/2021\/03\/projekt_adoracja__maly480x640-225x300.jpg\" alt=\"\" width=\"148\" height=\"198\" srcset=\"https:\/\/swmikolaj.org\/wp-content\/uploads\/2021\/03\/projekt_adoracja__maly480x640-225x300.jpg 225w, https:\/\/swmikolaj.org\/wp-content\/uploads\/2021\/03\/projekt_adoracja__maly480x640.jpg 480w\" sizes=\"(max-width: 148px) 100vw, 148px\" \/><\/a><\/p>\n<p><em>Jeden raz w miesi\u0105cu odbywa si\u0119 adoracja nocna z soboty na niedziel\u0119 (zazwyczaj w 3 sobot\u0119&nbsp;miesi\u0105ca. Zawsze anonsujemy to w og\u0142oszeniach). <strong>Pierwsza adoracja nocna odby\u0142a si\u0119 we wrze\u015bniu 2014 r.<\/strong><\/em><\/p>\n<p><em>Na nocn\u0105 adoracj\u0119 zapraszamy o dowolnej godzinie, natomiast cz\u0142onk\u00f3w wsp\u00f3lnot i grup duszpasterskich&nbsp;prosimy o zaanga\u017cowanie w nast\u0119puj\u0105ce&nbsp;dy\u017cury:<\/em><\/p>\n\n\n\n<p>   <br><\/p>\n\n\n\n<p><em>21:30 \u2013 23:00 \u2013 Apostolat Maryjny<br \/><\/em><em>23:00-24:00 &#8211;\u00a0 Wsp\u00f3lnota Trudnych Ma\u0142\u017ce\u0144stw Sychar oraz Przymierze Mi\u0142osierdzia<br \/><\/em><em>24:00 \u2013 1:00 &#8211; Dzieje 2<br \/><\/em><em>1:00 &#8211;\u00a0 3:00 &#8211; Neokatechumenat<br \/><\/em><em>3:00-5:00 \u2013 Wsp\u00f3lnota SE Magnificat<br \/><\/em><em>5:00- 6:00-\u00a0 Czciciele Mi\u0142osierdzia Bo\u017cego<br \/><\/em><em>6:00-7:30 &#8211; \u017bywy R\u00f3\u017caniec.<\/em><\/p>\n<p style=\"text-align: center;\"><strong><em>-2017 &#8211;<\/em><\/strong><\/p>\n\n\n\n<figure class=\"wp-block-image size-large is-resized\"><img decoding=\"async\" loading=\"lazy\" src=\"https:\/\/swmikolaj.org\/wp-content\/uploads\/2021\/03\/Adoracja_01.jpg\" alt=\"\" class=\"wp-image-6747\" width=\"670\" height=\"944\" srcset=\"https:\/\/swmikolaj.org\/wp-content\/uploads\/2021\/03\/Adoracja_01.jpg 681w, https:\/\/swmikolaj.org\/wp-content\/uploads\/2021\/03\/Adoracja_01-213x300.jpg 213w, https:\/\/swmikolaj.org\/wp-content\/uploads\/2021\/03\/Adoracja_01-676x953.jpg 676w\" sizes=\"(max-width: 670px) 100vw, 670px\" \/><\/figure>\n","protected":false},"excerpt":{"rendered":"<p>&nbsp;-2010 &#8211; \u201eUroczysto\u015b\u0107 Bo\u017cego Cia\u0142a 2010 r. to pocz\u0105tek wieczystej adoracji. Od poniedzia\u0142ku do pi\u0105tku trwa nieustanna modlitwa w dolnym ko\u015bciele.\u201d3 czerwca 2010 Wieczysta Adoracja 2010 &nbsp; -2014 &#8211; Jeden raz w miesi\u0105cu odbywa si\u0119 adoracja nocna z soboty na niedziel\u0119 (zazwyczaj w 3 sobot\u0119&nbsp;miesi\u0105ca. Zawsze anonsujemy to w og\u0142oszeniach). Pierwsza adoracja nocna odby\u0142a si\u0119 [&hellip;]<\/p>\n","protected":false},"author":2,"featured_media":0,"parent":0,"menu_order":0,"comment_status":"closed","ping_status":"closed","template":"","meta":{"footnotes":""},"publishpress_future_action":{"enabled":false,"date":"1970-01-01 01:00:00","action":"","terms":[],"taxonomy":"","browser_timezone_offset":0},"_links":{"self":[{"href":"https:\/\/swmikolaj.org\/index.php\/wp-json\/wp\/v2\/pages\/6728"}],"collection":[{"href":"https:\/\/swmikolaj.org\/index.php\/wp-json\/wp\/v2\/pages"}],"about":[{"href":"https:\/\/swmikolaj.org\/index.php\/wp-json\/wp\/v2\/types\/page"}],"author":[{"embeddable":true,"href":"https:\/\/swmikolaj.org\/index.php\/wp-json\/wp\/v2\/users\/2"}],"replies":[{"embeddable":true,"href":"https:\/\/swmikolaj.org\/index.php\/wp-json\/wp\/v2\/comments?post=6728"}],"version-history":[{"count":8,"href":"https:\/\/swmikolaj.org\/index.php\/wp-json\/wp\/v2\/pages\/6728\/revisions"}],"predecessor-version":[{"id":10767,"href":"https:\/\/swmikolaj.org\/index.php\/wp-json\/wp\/v2\/pages\/6728\/revisions\/10767"}],"wp:attachment":[{"href":"https:\/\/swmikolaj.org\/index.php\/wp-json\/wp\/v2\/media?parent=6728"}],"curies":[{"name":"wp","href":"https:\/\/api.w.org\/{rel}","templated":true}]}}