{"id":67,"date":"2020-03-04T20:45:20","date_gmt":"2020-03-04T19:45:20","guid":{"rendered":"http:\/\/nowa.swmikolaj.org\/?page_id=67"},"modified":"2026-02-18T16:27:31","modified_gmt":"2026-02-18T15:27:31","slug":"wspolnota-trudnych-malzenstw-sychar","status":"publish","type":"page","link":"https:\/\/swmikolaj.org\/index.php\/wspolnota-trudnych-malzenstw-sychar\/","title":{"rendered":"Wsp\u00f3lnota Trudnych Ma\u0142\u017ce\u0144stw &#8222;Sychar&#8221;"},"content":{"rendered":"\n<p> Wsp\u00f3lnota Trudnych Ma\u0142\u017ce\u0144stw w Chyloni powsta\u0142a po rekolekcjach, kt\u00f3re odby\u0142y si\u0119 w dniach 14-16 pa\u017adziernika 2016 r. Go\u015b\u0107mi we wspomniany weekend byli: ks. Piotr Adamski i przedstawiciele gda\u0144skiego ogniska \u201cSychar\u201d.&nbsp;&nbsp;&nbsp;&nbsp;&nbsp; <\/p>\n\n\n\n<p>       <\/p>\n\n\n\n<p><\/p>\n\n\n\n<p><\/p>\n\n\n\n<p>koorydnatorka ogniska gdy\u0144skiego: Danuta Necel-Lewandowska, e-mail: <a href=\"mailto:sychar.gdynia@gmail.com\">sychar.gdynia@gmail.com<\/a><\/p>\n\n\n\n<p>opiekun duchowy ogniska gdy\u0144skiego: ks. Zbigniew W\u0105drzyk<\/p>\n\n\n\n<p><\/p>\n\n\n\n<pre class=\"wp-block-verse\"><\/pre>\n\n\n\n<p>SPOTKANIA GDY\u0143SKIEGO OGNISKA ODBYWAJ\u0104 SI\u0118 W NASTEPUJ\u0104CYCH TERMINACH:<\/p>\n\n\n\n<ul>\n<li>Pierwszy i trzeci poniedzia\u0142ek miesi\u0105ca,   18:30 &#8211;  Eucharystia w ko\u015bciele, a nast\u0119pnie spotkanie ok. 19:15  w sali pod star\u0105 plebani\u0105 (Sw. Miko\u0142aja 4, wej\u015bcie przez furtk\u0119 ogrodow\u0105)<\/li>\n<\/ul>\n\n\n\n\n\n<p><br><\/p>\n\n\n\n\n\n<p><a href=\"http:\/\/www.sychar.org\/\">wiecej informacji: www.sychar.org<\/a><\/p>\n\n\n\n<p>&nbsp;<strong>Modlitwa gdy\u0144skiego ogniska &#8222;Sychar&#8221;:<\/strong><br><em>O Panie, uczy\u0144 z nas narz\u0119dzia Twojego pokoju, aby\u015bmy siali mi\u0142o\u015b\u0107 tam, gdzie panuje nienawi\u015b\u0107; wybaczenie tam, gdzie panuje krzywda; jedno\u015b\u0107 tam, gdzie panuje zw\u0105tpienie; nadziej\u0119 tam, gdzie panuje rozpacz; \u015bwiat\u0142o tam, gdzie panuje mrok; rado\u015b\u0107 tam, gdzie panuje smutek. Spraw, aby\u015bmy mogli, nie tyle szuka\u0107 pociechy, co pociech\u0119 dawa\u0107; nie tyle szuka\u0107 zrozumienia, co rozumie\u0107; nie tyle szuka\u0107 mi\u0142o\u015bci, co kocha\u0107; albowiem daj\u0105c, otrzymujemy; wybaczaj\u0105c, zyskujemy przebaczenie, a umieraj\u0105c, rodzimy si\u0119 do wiecznego \u017cycia.<\/em><\/p>\n\n\n\n<p><strong>Przez Chrystusa Pana naszego.<\/strong><\/p>\n\n\n\n<p><strong>Amen.<\/strong><\/p>\n\n\n\n<p>Polecamy relacj\u0119 z inauguracji gdy\u0144skiego &#8222;Sychar&#8221;&nbsp;<a href=\"http:\/\/gdansk.gosc.pl\/gal\/pokaz\/3593114.Rozpalili-ogien-Bozej-milosci#gt\">gdansk.gosc.pl<\/a><\/p>\n","protected":false},"excerpt":{"rendered":"<p>Wsp\u00f3lnota Trudnych Ma\u0142\u017ce\u0144stw w Chyloni powsta\u0142a po rekolekcjach, kt\u00f3re odby\u0142y si\u0119 w dniach 14-16 pa\u017adziernika 2016 r. Go\u015b\u0107mi we wspomniany weekend byli: ks. Piotr Adamski i przedstawiciele gda\u0144skiego ogniska \u201cSychar\u201d.&nbsp;&nbsp;&nbsp;&nbsp;&nbsp; koorydnatorka ogniska gdy\u0144skiego: Danuta Necel-Lewandowska, e-mail: sychar.gdynia@gmail.com opiekun duchowy ogniska gdy\u0144skiego: ks. Zbigniew W\u0105drzyk SPOTKANIA GDY\u0143SKIEGO OGNISKA ODBYWAJ\u0104 SI\u0118 W NASTEPUJ\u0104CYCH TERMINACH: wiecej informacji: www.sychar.org [&hellip;]<\/p>\n","protected":false},"author":6,"featured_media":0,"parent":0,"menu_order":0,"comment_status":"closed","ping_status":"closed","template":"","meta":{"footnotes":""},"publishpress_future_action":{"enabled":false,"date":"1970-01-01 01:00:00","action":"","terms":[],"taxonomy":"","browser_timezone_offset":0},"_links":{"self":[{"href":"https:\/\/swmikolaj.org\/index.php\/wp-json\/wp\/v2\/pages\/67"}],"collection":[{"href":"https:\/\/swmikolaj.org\/index.php\/wp-json\/wp\/v2\/pages"}],"about":[{"href":"https:\/\/swmikolaj.org\/index.php\/wp-json\/wp\/v2\/types\/page"}],"author":[{"embeddable":true,"href":"https:\/\/swmikolaj.org\/index.php\/wp-json\/wp\/v2\/users\/6"}],"replies":[{"embeddable":true,"href":"https:\/\/swmikolaj.org\/index.php\/wp-json\/wp\/v2\/comments?post=67"}],"version-history":[{"count":60,"href":"https:\/\/swmikolaj.org\/index.php\/wp-json\/wp\/v2\/pages\/67\/revisions"}],"predecessor-version":[{"id":167132,"href":"https:\/\/swmikolaj.org\/index.php\/wp-json\/wp\/v2\/pages\/67\/revisions\/167132"}],"wp:attachment":[{"href":"https:\/\/swmikolaj.org\/index.php\/wp-json\/wp\/v2\/media?parent=67"}],"curies":[{"name":"wp","href":"https:\/\/api.w.org\/{rel}","templated":true}]}}