{"id":66,"date":"2020-03-04T20:45:20","date_gmt":"2020-03-04T20:45:20","guid":{"rendered":"http:\/\/nowa.swmikolaj.org\/?page_id=66"},"modified":"2024-09-30T10:45:47","modified_gmt":"2024-09-30T09:45:47","slug":"trojmiejska-formacja-uwielbienia","status":"publish","type":"page","link":"https:\/\/swmikolaj.org\/index.php\/trojmiejska-formacja-uwielbienia\/","title":{"rendered":"Tr\u00f3jmiejska Formacja Uwielbienia"},"content":{"rendered":"\n<figure class=\"wp-block-image size-large is-resized\"><img decoding=\"async\" loading=\"lazy\" width=\"1024\" height=\"683\" src=\"http:\/\/swmikolaj.org\/wp-content\/uploads\/2020\/04\/TFU1-4-1024x683.jpg\" alt=\"\" class=\"wp-image-3693\" style=\"width:531px;height:354px\" srcset=\"https:\/\/swmikolaj.org\/wp-content\/uploads\/2020\/04\/TFU1-4-1024x683.jpg 1024w, https:\/\/swmikolaj.org\/wp-content\/uploads\/2020\/04\/TFU1-4-300x200.jpg 300w, https:\/\/swmikolaj.org\/wp-content\/uploads\/2020\/04\/TFU1-4-768x512.jpg 768w, https:\/\/swmikolaj.org\/wp-content\/uploads\/2020\/04\/TFU1-4-676x451.jpg 676w, https:\/\/swmikolaj.org\/wp-content\/uploads\/2020\/04\/TFU1-4.jpg 1080w\" sizes=\"(max-width: 1024px) 100vw, 1024px\" \/><\/figure>\n\n\n\n<p><\/p>\n\n\n\n<p>Wsp\u00f3lnota Tr\u00f3jmiejska Formacja Uwielbienia dzia\u0142a w parafii p.w.&nbsp;\u015bw. Miko\u0142aja w Gdyni od wrze\u015bnia 2014 r., a powsta\u0142a kilka lat wcze\u015bniej. Jest katolick\u0105&nbsp;wsp\u00f3lnot\u0105&nbsp;modlitewn\u0105, dla kt\u00f3rej wa\u017cnym elementem jest modlitwa poprzez muzyk\u0119. Skupia kilkunastu muzyk\u00f3w \u2013 profesjonalist\u00f3w i amator\u00f3w. Opiekunem wsp\u00f3lnoty jest ksi\u0105dz Jacek Socha.<\/p>\n\n\n\n<p>Wsp\u00f3lnota k\u0142adzie nacisk na regularne uczestnictwo w spotkaniach oraz rozw\u00f3j duchowy, ale r\u00f3wnie\u017c&nbsp;muzyczny. Skupia osoby pochodz\u0105ce z r\u00f3\u017cnych parafii zar\u00f3wno z Gdyni, Tr\u00f3jmiasta jak i jego okolic. W miar\u0119&nbsp;swoich mo\u017cliwo\u015bci TFU uczestniczy w&nbsp;\u017cyciu parafialnym, szczeg\u00f3lnie poprzez pos\u0142ug\u0119&nbsp;muzyczn\u0105&nbsp;podczas uroczysto\u015bci parafialnych.<\/p>\n\n\n\n<p>Spotkania wsp\u00f3lnoty odbywaj\u0105\u00a0si\u0119\u00a0co dwa tygodnie i obejmuj\u0105\u00a0cz\u0119\u015b\u0107\u00a0formacyjn\u0105\u00a0z dzieleniem oraz cz\u0119\u015b\u0107\u00a0modlitewn\u0105\u00a0z uwielbieniem. Dodatkowo, co jaki\u015b\u00a0czas dodawana jest cz\u0119\u015b\u0107\u00a0szkoleniowo muzyczna, podczas kt\u00f3rej uczymy si\u0119\u00a0nowych pie\u015bni. Ka\u017cda z tych cz\u0119\u015bci wi\u0105\u017ce si\u0119\u00a0z innym obszarem, kt\u00f3rego rozw\u00f3j dla cz\u0142onk\u00f3w wsp\u00f3lnoty jest wa\u017cny. Za ka\u017cd\u0105\u00a0z cz\u0119\u015bci odpowiedzialna jest podczas ka\u017cdego spotkania wyznaczona osoba.<br>     W roku 2023  wsp\u00f3lnota podj\u0119\u0142a formacj\u0119\u00a0prowadzon\u0105\u00a0w oparciu o ksi\u0105\u017ck\u0119\u00a0ks. Tomasza Szalandy \u201aDuch\u00a0\u015awi\u0119ty dotyk Boga w codziennosci\u2019. W poprzednich latach formacja prowadzona by\u0142a na podstawie serii ksi\u0105\u017cek \u201eSeminarium Odnowy Wiary\u201d.<\/p>\n\n\n\n<p>     Ze wsp\u00f3lnot\u0105\u00a0Tr\u00f3jmiejska Formacja Uwielbienia zwi\u0105zana jest bezpo\u015brednio grupa Tr\u00f3jmiejskie Uwielbienie (TU). Jest to projekt stworzony i koordynowany przez cz\u0142onk\u00f3w wsp\u00f3lnoty, kt\u00f3rego celem jest propagowanie na Pomorzu aktywno\u015bci muzyk\u00f3w na polu chrze\u015bcija\u0144skim, poprzez organizowanie uwielbie\u0144, rekolekcji dla muzyk\u00f3w, warsztat\u00f3w oraz koncert\u00f3w ewangelizacyjnych.<\/p>\n\n\n\n<p>    G\u0142\u00f3wnym przedsi\u0119wzi\u0119ciem organizowanym w miesi\u0105cach zimowych s\u0105\u00a0Rekolekcje dla Muzyk\u00f3w. Podczas dotychczasowych o\u015bmiu edycji, z kt\u00f3rych sze\u015b\u0107\u00a0odby\u0142o si\u0119\u00a0w domu parafialnym Parafii p.w.\u00a0\u015bw. Miko\u0142aja, prelegentami byli duszpasterze bp Piotr Przyborek, ks. Piotr Daszkiewicz, ks. Jacek Socha oraz wspaniali muzycy: Cezary Paciorek, Kuba Kornacki, zesp\u00f3\u0142\u00a0Fisheclectic, Ma\u0142gorzata Hutek, Agnieszka Musia\u0142, Olga Boczar, Jakub Tomalak oraz zesp\u00f3\u0142\u00a0PAW. W ostatnich rekolekcjach uczestniczy\u0142o ponad 80 os\u00f3b.<\/p>\n\n\n\n<p>    Dodatkowo w ramach dzia\u0142a\u0144\u00a0Tr\u00f3jmiejskiego Uwielbienia zorganizowane zosta\u0142y dotychczas m.in.:<\/p>\n\n\n\n<p>&#8211; kilka edycji 24 &#8211; godzinnego Uwielbienia, w kt\u00f3rych ka\u017cdorazowo bierze udzia\u0142&nbsp;ponad 20 zespo\u0142\u00f3w, muzycy z Tr\u00f3jmiasta i okolic.<br>&#8211; koncerty ewangelizacyjne<br>&#8211; 200 &#8211; osobowe Warsztaty TGD z koncertem fina\u0142owym.<\/p>\n\n\n\n<p>    TU prowadzi na co dzie\u0144\u00a0dzia\u0142ania informacyjno- ewangelizacyjne za po\u015brednictwem swojego profilu na Facebooku, gdzie reklamuje muzyczne wydarzenia chrze\u015bcija\u0144skie, rozpowszechniaj\u0105c je w\u015br\u00f3d tr\u00f3jmiejskich i nie tylko tr\u00f3jmiejskich odbiorc\u00f3w.<\/p>\n\n\n\n<p>Koordynatorka: Kinga Bronk<\/p>\n\n\n\n<p>Duszpasterzem TFU jest ks. Jacek Socha<\/p>\n\n\n\n<p>Tr\u00f3jmiejska Formacja Uwielbienia spotyka si\u0119 w starej plebanii (ul. \u015aw. Miko\u0142aja 4), co dwa tygodnie w czwartki o 19:30.<\/p>\n\n\n\n<h4 class=\"wp-block-heading has-dark-gray-color has-text-color\"><\/h4>\n\n\n\n<div class=\"wp-block-group is-layout-flow wp-block-group-is-layout-flow\"><div class=\"wp-block-group__inner-container\">\n<figure class=\"wp-block-gallery aligncenter has-nested-images columns-default wp-block-gallery-1 is-layout-flex wp-block-gallery-is-layout-flex\">\n<figure class=\"wp-block-image size-large\"><a href=\"https:\/\/swmikolaj.org\/wp-content\/uploads\/2020\/04\/TU2.jpg\"><img decoding=\"async\" loading=\"lazy\" width=\"1024\" height=\"683\" src=\"https:\/\/swmikolaj.org\/wp-content\/uploads\/2020\/04\/TU2-1024x683.jpg\" alt=\"\" class=\"wp-image-3635\" srcset=\"https:\/\/swmikolaj.org\/wp-content\/uploads\/2020\/04\/TU2-1024x683.jpg 1024w, https:\/\/swmikolaj.org\/wp-content\/uploads\/2020\/04\/TU2-300x200.jpg 300w, https:\/\/swmikolaj.org\/wp-content\/uploads\/2020\/04\/TU2-768x512.jpg 768w, https:\/\/swmikolaj.org\/wp-content\/uploads\/2020\/04\/TU2-676x451.jpg 676w, https:\/\/swmikolaj.org\/wp-content\/uploads\/2020\/04\/TU2.jpg 1296w\" sizes=\"(max-width: 1024px) 100vw, 1024px\" \/><\/a><\/figure>\n\n\n\n<figure class=\"wp-block-image size-large\"><a href=\"http:\/\/swmikolaj.org\/wp-content\/uploads\/2020\/04\/TU1-1.jpg\"><img decoding=\"async\" src=\"http:\/\/swmikolaj.org\/wp-content\/uploads\/2020\/04\/TU1-1.jpg\" alt=\"\" class=\"wp-image-3634\"\/><\/a><\/figure>\n\n\n\n<figure class=\"wp-block-image size-large\"><a href=\"https:\/\/swmikolaj.org\/wp-content\/uploads\/2020\/04\/TU4.jpg\"><img decoding=\"async\" loading=\"lazy\" width=\"1024\" height=\"683\" src=\"https:\/\/swmikolaj.org\/wp-content\/uploads\/2020\/04\/TU4-1024x683.jpg\" alt=\"\" class=\"wp-image-3637\" srcset=\"https:\/\/swmikolaj.org\/wp-content\/uploads\/2020\/04\/TU4-1024x683.jpg 1024w, https:\/\/swmikolaj.org\/wp-content\/uploads\/2020\/04\/TU4-300x200.jpg 300w, https:\/\/swmikolaj.org\/wp-content\/uploads\/2020\/04\/TU4-768x512.jpg 768w, https:\/\/swmikolaj.org\/wp-content\/uploads\/2020\/04\/TU4-676x451.jpg 676w, https:\/\/swmikolaj.org\/wp-content\/uploads\/2020\/04\/TU4.jpg 1200w\" sizes=\"(max-width: 1024px) 100vw, 1024px\" \/><\/a><\/figure>\n\n\n\n<figure class=\"wp-block-image size-large\"><a href=\"https:\/\/swmikolaj.org\/wp-content\/uploads\/2020\/04\/TU3.jpg\"><img decoding=\"async\" loading=\"lazy\" width=\"1024\" height=\"683\" src=\"https:\/\/swmikolaj.org\/wp-content\/uploads\/2020\/04\/TU3-1024x683.jpg\" alt=\"\" class=\"wp-image-3636\" srcset=\"https:\/\/swmikolaj.org\/wp-content\/uploads\/2020\/04\/TU3-1024x683.jpg 1024w, https:\/\/swmikolaj.org\/wp-content\/uploads\/2020\/04\/TU3-300x200.jpg 300w, https:\/\/swmikolaj.org\/wp-content\/uploads\/2020\/04\/TU3-768x512.jpg 768w, https:\/\/swmikolaj.org\/wp-content\/uploads\/2020\/04\/TU3-1536x1024.jpg 1536w, https:\/\/swmikolaj.org\/wp-content\/uploads\/2020\/04\/TU3-676x451.jpg 676w, https:\/\/swmikolaj.org\/wp-content\/uploads\/2020\/04\/TU3.jpg 1920w\" sizes=\"(max-width: 1024px) 100vw, 1024px\" \/><\/a><\/figure>\n<\/figure>\n<\/div><\/div>\n\n\n\n<p>STRONA FB:&nbsp;<a href=\"https:\/\/www.facebook.com\/tu.gdynia\/\" target=\"_blank\" rel=\"noreferrer noopener\">https:\/\/www.facebook.com\/tu.gdynia\/<\/a><\/p>\n\n\n\n<p><\/p>\n\n\n\n<p>E-mail:  <a href=\"michalskakasia@gmail.com\" data-type=\"URL\" data-id=\"michalskakasia@gmail.com\">michalskakasia@gmail.com<\/a><\/p>\n\n\n","protected":false},"excerpt":{"rendered":"<p>Wsp\u00f3lnota Tr\u00f3jmiejska Formacja Uwielbienia dzia\u0142a w parafii p.w.&nbsp;\u015bw. Miko\u0142aja w Gdyni od wrze\u015bnia 2014 r., a powsta\u0142a kilka lat wcze\u015bniej. Jest katolick\u0105&nbsp;wsp\u00f3lnot\u0105&nbsp;modlitewn\u0105, dla kt\u00f3rej wa\u017cnym elementem jest modlitwa poprzez muzyk\u0119. Skupia kilkunastu muzyk\u00f3w \u2013 profesjonalist\u00f3w i amator\u00f3w. Opiekunem wsp\u00f3lnoty jest ksi\u0105dz Jacek Socha. Wsp\u00f3lnota k\u0142adzie nacisk na regularne uczestnictwo w spotkaniach oraz rozw\u00f3j duchowy, ale [&hellip;]<\/p>\n","protected":false},"author":2,"featured_media":0,"parent":0,"menu_order":0,"comment_status":"closed","ping_status":"closed","template":"","meta":{"footnotes":""},"publishpress_future_action":{"enabled":false,"date":"1970-01-01 01:00:00","action":"","terms":[],"taxonomy":"","browser_timezone_offset":0},"_links":{"self":[{"href":"https:\/\/swmikolaj.org\/index.php\/wp-json\/wp\/v2\/pages\/66"}],"collection":[{"href":"https:\/\/swmikolaj.org\/index.php\/wp-json\/wp\/v2\/pages"}],"about":[{"href":"https:\/\/swmikolaj.org\/index.php\/wp-json\/wp\/v2\/types\/page"}],"author":[{"embeddable":true,"href":"https:\/\/swmikolaj.org\/index.php\/wp-json\/wp\/v2\/users\/2"}],"replies":[{"embeddable":true,"href":"https:\/\/swmikolaj.org\/index.php\/wp-json\/wp\/v2\/comments?post=66"}],"version-history":[{"count":49,"href":"https:\/\/swmikolaj.org\/index.php\/wp-json\/wp\/v2\/pages\/66\/revisions"}],"predecessor-version":[{"id":163659,"href":"https:\/\/swmikolaj.org\/index.php\/wp-json\/wp\/v2\/pages\/66\/revisions\/163659"}],"wp:attachment":[{"href":"https:\/\/swmikolaj.org\/index.php\/wp-json\/wp\/v2\/media?parent=66"}],"curies":[{"name":"wp","href":"https:\/\/api.w.org\/{rel}","templated":true}]}}