{"id":65,"date":"2020-03-04T20:45:20","date_gmt":"2020-03-04T19:45:20","guid":{"rendered":"http:\/\/nowa.swmikolaj.org\/?page_id=65"},"modified":"2025-12-22T13:19:34","modified_gmt":"2025-12-22T12:19:34","slug":"anonimowi-narkomani","status":"publish","type":"page","link":"https:\/\/swmikolaj.org\/index.php\/anonimowi-narkomani\/","title":{"rendered":"Anonimowi Narkomani"},"content":{"rendered":"\n<p>Grupy  zacz\u0119\u0142y funkcjonowa\u0107 od  wrze\u015bnia 2019 r. (grupa \u015brodowa); Grupa niedzielna &#8211; 2021 r.;  Czwartkowa grupa powsta\u0142a jesieni\u0105 2023 roku.<\/p>\n\n\n\n<p><\/p>\n\n\n\n<p>Spotkania odbywaj\u0105 si\u0119:<\/p>\n\n\n\n<ul>\n<li>w \u015brod\u0119  o 19.30 <\/li>\n\n\n\n<li>czwartek, 20:00 <\/li>\n\n\n\n<li> niedziel\u0119  19:00 <\/li>\n<\/ul>\n\n\n<div class=\"wp-block-image\">\n<figure class=\"aligncenter\"><img decoding=\"async\" loading=\"lazy\" width=\"1024\" height=\"768\" src=\"http:\/\/swmikolaj.org\/wp-content\/uploads\/2020\/04\/stara_plebania_2-1024x768.jpg\" alt=\"\" class=\"wp-image-1809\" srcset=\"https:\/\/swmikolaj.org\/wp-content\/uploads\/2020\/04\/stara_plebania_2-1024x768.jpg 1024w, https:\/\/swmikolaj.org\/wp-content\/uploads\/2020\/04\/stara_plebania_2-300x225.jpg 300w, https:\/\/swmikolaj.org\/wp-content\/uploads\/2020\/04\/stara_plebania_2-768x576.jpg 768w, https:\/\/swmikolaj.org\/wp-content\/uploads\/2020\/04\/stara_plebania_2-676x507.jpg 676w, https:\/\/swmikolaj.org\/wp-content\/uploads\/2020\/04\/stara_plebania_2.jpg 2016w\" sizes=\"(max-width: 1024px) 100vw, 1024px\" \/><\/figure><\/div>\n\n\n<p>Miejce spotka\u0144 w sali &#8211; piwnicy starej plebanii, ul. \u015bw. Miko\u0142aja 4 (wej\u015bcie od ogrodu, przez furtk\u0119 po prawej stronie budynku).<\/p>\n","protected":false},"excerpt":{"rendered":"<p>Grupy zacz\u0119\u0142y funkcjonowa\u0107 od wrze\u015bnia 2019 r. (grupa \u015brodowa); Grupa niedzielna &#8211; 2021 r.; Czwartkowa grupa powsta\u0142a jesieni\u0105 2023 roku. Spotkania odbywaj\u0105 si\u0119: Miejce spotka\u0144 w sali &#8211; piwnicy starej plebanii, ul. \u015bw. Miko\u0142aja 4 (wej\u015bcie od ogrodu, przez furtk\u0119 po prawej stronie budynku).<\/p>\n","protected":false},"author":6,"featured_media":0,"parent":0,"menu_order":0,"comment_status":"closed","ping_status":"closed","template":"","meta":{"footnotes":""},"publishpress_future_action":{"enabled":false,"date":"1970-01-01 01:00:00","action":"","terms":[],"taxonomy":"","browser_timezone_offset":0},"_links":{"self":[{"href":"https:\/\/swmikolaj.org\/index.php\/wp-json\/wp\/v2\/pages\/65"}],"collection":[{"href":"https:\/\/swmikolaj.org\/index.php\/wp-json\/wp\/v2\/pages"}],"about":[{"href":"https:\/\/swmikolaj.org\/index.php\/wp-json\/wp\/v2\/types\/page"}],"author":[{"embeddable":true,"href":"https:\/\/swmikolaj.org\/index.php\/wp-json\/wp\/v2\/users\/6"}],"replies":[{"embeddable":true,"href":"https:\/\/swmikolaj.org\/index.php\/wp-json\/wp\/v2\/comments?post=65"}],"version-history":[{"count":11,"href":"https:\/\/swmikolaj.org\/index.php\/wp-json\/wp\/v2\/pages\/65\/revisions"}],"predecessor-version":[{"id":166721,"href":"https:\/\/swmikolaj.org\/index.php\/wp-json\/wp\/v2\/pages\/65\/revisions\/166721"}],"wp:attachment":[{"href":"https:\/\/swmikolaj.org\/index.php\/wp-json\/wp\/v2\/media?parent=65"}],"curies":[{"name":"wp","href":"https:\/\/api.w.org\/{rel}","templated":true}]}}