{"id":629,"date":"2020-03-16T15:26:27","date_gmt":"2020-03-16T15:26:27","guid":{"rendered":"http:\/\/nowa.swmikolaj.org\/?page_id=629"},"modified":"2024-03-08T20:35:13","modified_gmt":"2024-03-08T19:35:13","slug":"pozostale-liturgie-i-nabozenstwa","status":"publish","type":"page","link":"https:\/\/swmikolaj.org\/index.php\/pozostale-liturgie-i-nabozenstwa\/","title":{"rendered":"Pozosta\u0142e liturgie i nabo\u017ce\u0144stwa"},"content":{"rendered":"\n<p><strong>Jutrznia &#8211;<\/strong> okresie Wielkiego Postu i Adwentu o 5:45 w sali nr 10, od poniedzia\u0142ku do pi\u0105tku<\/p>\n\n\n\n<h4 class=\"wp-block-heading\"><strong>Nowenna do Matki Bo\u017cej Nieustaj\u0105cej Pomocy <\/strong><\/h4>\n\n\n\n<p>w ka\u017cd\u0105 \u015brod\u0119 o 8.00 i 18.30<\/p>\n\n\n\n<h4 class=\"wp-block-heading\"> <strong>R\u00f3\u017caniec<\/strong> <\/h4>\n\n\n\n<p>\u015broda &#8211; 18.00<br>\nw pa\u017adzierniku: codziennie o 17.45, a dla dzieci w poniedzia\u0142ek i pi\u0105tek o 17:00<\/p>\n\n\n\n<h4 class=\"wp-block-heading\"><strong>Koronka do Bo\u017cego Mi\u0142osierdzia<\/strong><\/h4>\n\n\n\n<p>niedziela &#8211; 9.30<br> od poniedzia\u0142ku do soboty &#8211; 15.00 (dolny ko\u015bci\u00f3\u0142)<\/p>\n\n\n\n<h4 class=\"wp-block-heading\"><strong>Godzinki do NMP<\/strong><\/h4>\n\n\n\n<p>sobota 7.40<\/p>\n\n\n\n<h4 class=\"wp-block-heading\"><strong>Droga Krzy\u017cowa<\/strong><\/h4>\n\n\n\n<p>w ka\u017cdy pi\u0105tek Wielkiego Postu <\/p>\n\n\n\n<ul>\n<li>dla wszystkich wiernych o 8.30 i 17.45<\/li>\n\n\n\n<li>z udzia\u0142em dzieci o 17.00<\/li>\n<\/ul>\n\n\n<p><!--EndFragment--><\/p>","protected":false},"excerpt":{"rendered":"<p>Jutrznia &#8211; okresie Wielkiego Postu i Adwentu o 5:45 w sali nr 10, od poniedzia\u0142ku do pi\u0105tku Nowenna do Matki Bo\u017cej Nieustaj\u0105cej Pomocy w ka\u017cd\u0105 \u015brod\u0119 o 8.00 i 18.30 R\u00f3\u017caniec \u015broda &#8211; 18.00 w pa\u017adzierniku: codziennie o 17.45, a dla dzieci w poniedzia\u0142ek i pi\u0105tek o 17:00 Koronka do Bo\u017cego Mi\u0142osierdzia niedziela &#8211; 9.30 [&hellip;]<\/p>\n","protected":false},"author":2,"featured_media":0,"parent":0,"menu_order":0,"comment_status":"closed","ping_status":"closed","template":"","meta":{"footnotes":""},"publishpress_future_action":{"enabled":false,"date":"1970-01-01 01:00:00","action":"","terms":[],"taxonomy":"","browser_timezone_offset":0},"_links":{"self":[{"href":"https:\/\/swmikolaj.org\/index.php\/wp-json\/wp\/v2\/pages\/629"}],"collection":[{"href":"https:\/\/swmikolaj.org\/index.php\/wp-json\/wp\/v2\/pages"}],"about":[{"href":"https:\/\/swmikolaj.org\/index.php\/wp-json\/wp\/v2\/types\/page"}],"author":[{"embeddable":true,"href":"https:\/\/swmikolaj.org\/index.php\/wp-json\/wp\/v2\/users\/2"}],"replies":[{"embeddable":true,"href":"https:\/\/swmikolaj.org\/index.php\/wp-json\/wp\/v2\/comments?post=629"}],"version-history":[{"count":4,"href":"https:\/\/swmikolaj.org\/index.php\/wp-json\/wp\/v2\/pages\/629\/revisions"}],"predecessor-version":[{"id":144746,"href":"https:\/\/swmikolaj.org\/index.php\/wp-json\/wp\/v2\/pages\/629\/revisions\/144746"}],"wp:attachment":[{"href":"https:\/\/swmikolaj.org\/index.php\/wp-json\/wp\/v2\/media?parent=629"}],"curies":[{"name":"wp","href":"https:\/\/api.w.org\/{rel}","templated":true}]}}