{"id":60,"date":"2020-03-04T20:45:20","date_gmt":"2020-03-04T20:45:20","guid":{"rendered":"http:\/\/nowa.swmikolaj.org\/?page_id=60"},"modified":"2025-10-26T21:34:53","modified_gmt":"2025-10-26T20:34:53","slug":"pracownia-ikon","status":"publish","type":"page","link":"https:\/\/swmikolaj.org\/index.php\/pracownia-ikon\/","title":{"rendered":"Pracownia Ikon"},"content":{"rendered":"\n<p class=\"has-text-align-center\"><em>My wszyscy z ods\u0142oni\u0119t\u0105 twarz\u0105 wpatrujemy si\u0119 w jasno\u015b\u0107 Pa\u0144sk\u0105, jakby w zwierciadle,<\/em><br><em>za spraw\u0105 Ducha Pa\u0144skiego coraz bardziej ja\u015bniej\u0105c upodabniamy si\u0119 do Jego obrazu<\/em>.<\/p>\n\n\n\n<p class=\"has-text-align-right\">(2 Kor 3,18)<\/p>\n\n\n\n<figure class=\"wp-block-image\"><a href=\"http:\/\/swmikolaj.org\/wp-content\/uploads\/2020\/04\/Ikona_Przemienienia_Panskiego_s.jpg\"><img decoding=\"async\" loading=\"lazy\" width=\"771\" height=\"1024\" src=\"http:\/\/swmikolaj.org\/wp-content\/uploads\/2020\/04\/Ikona_Przemienienia_Panskiego_s-771x1024.jpg\" alt=\"\" class=\"wp-image-1935\" srcset=\"https:\/\/swmikolaj.org\/wp-content\/uploads\/2020\/04\/Ikona_Przemienienia_Panskiego_s-771x1024.jpg 771w, https:\/\/swmikolaj.org\/wp-content\/uploads\/2020\/04\/Ikona_Przemienienia_Panskiego_s-226x300.jpg 226w, https:\/\/swmikolaj.org\/wp-content\/uploads\/2020\/04\/Ikona_Przemienienia_Panskiego_s-768x1020.jpg 768w, https:\/\/swmikolaj.org\/wp-content\/uploads\/2020\/04\/Ikona_Przemienienia_Panskiego_s-676x897.jpg 676w, https:\/\/swmikolaj.org\/wp-content\/uploads\/2020\/04\/Ikona_Przemienienia_Panskiego_s.jpg 800w\" sizes=\"(max-width: 771px) 100vw, 771px\" \/><\/a><figcaption class=\"wp-element-caption\"> <br><em>IKONA PRZEMIENIENIA PA\u0143SKIEGO AUTORSTWA ANNY KINOWSKIEJ<\/em> <\/figcaption><\/figure>\n\n\n\n<p>Pracownia Ikon BARDZO PROSZ\u0118 dzia\u0142alno\u015b\u0107 rozpocz\u0119\u0142a &nbsp;z inicjatywy ikonopisarki Anny Kinowskiej,&nbsp; po otrzymaniu b\u0142ogos\u0142awie\u0144stwa ksi\u0119dza proboszcza Jacka Sochy.<\/p>\n\n\n\n<p><strong>Warsztaty ikonograficzne odbywaj\u0105 si\u0119:<\/strong><\/p>\n\n\n\n<p><strong>czwartki, godz.&nbsp; 16-20 &#8211; grupa \u015brednio-zaawansowana<\/strong><\/p>\n\n\n\n<p>Spotkania maj\u0105 charakter ci\u0105g\u0142y, tzn. trwaj\u0105 nieprzerwanie, za\u015b o czasie brania udzia\u0142u w \u017cyciu pracowni samodzielnie decyduje ka\u017cdy z uczestnik\u00f3w.<\/p>\n\n\n\n<p>Istot\u0105 naszej dzia\u0142alno\u015bci jest otwarcie drogi do wielkiego skarbu Ko\u015bcio\u0142a, kt\u00f3rym &nbsp;jest dziedzictwo ikony. Wsp\u00f3lnie odkrywamy jak cennym darem Oblubie\u0144ca jest obraz objawiony Oblubienicy- Ko\u015bcio\u0142owi. Proces ten przebiega dwutorowo poprzez przybli\u017cenie&nbsp;<\/p>\n\n\n\n<p>wiedzy z zakresu teologii i historii ikony, jak r\u00f3wnie\u017c poprzez dotkni\u0119cie jej pisz\u0105c \u201ew\u0142asn\u0105\u201d ikon\u0119.<\/p>\n\n\n\n<p>\u201dKopiuj\u0105c ikon\u0119 cz\u0142owiek wszechstronnie j\u0105 poznaje i mimo woli nast\u0119puje Jego spotkanie ze \u015bwiatem, kt\u00f3ry jest w niej zamkni\u0119ty. Stopniowo zaczyna odczuwa\u0107 realno\u015b\u0107 tego \u015bwiata, poznawa\u0107 istot\u0119 danego obrazu, potem wnika\u0107 w g\u0142\u0119bi\u0119 jego tre\u015bci, a\u017c zostaje pora\u017cony wyrazisto\u015bci\u0105 form, wewn\u0119trznym sensem szczeg\u00f3\u0142\u00f3w i zaiste \u015bwi\u0119t\u0105 prostot\u0105 wyrazu artystycznego. \u017beby jednak tak zrozumie\u0107 ikon\u0119, potrzeba czasu, niekiedy do\u015b\u0107 d\u0142ugiego.\u201d&nbsp;<\/p>\n\n\n\n<p>s. Maria Soko\u0142owa, wsp\u00f3\u0142czesna wybitna ikonopisarka.<\/p>\n\n\n\n<p>Anna Kinowska \u2013 absolwentka Akademii Sztuk Pi\u0119knych w Gda\u0144sku &#8211; studia malarstwa i grafiki oraz podyplomowych studi\u00f3w na wydziale Teologii Prawos\u0142awnej Uniwersytetu w Bia\u0142ymstoku w zakresie Teologii Prawos\u0142awnej i Ikonografii. Pisania Ikon uczy\u0142a si\u0119 g\u0142\u00f3wnie w cerkwi prawos\u0142awnej w Krakowie. Prywatnie \u017cona jednego m\u0119\u017ca i mama pi\u0105tki dzieci.<\/p>\n\n\n\n<p><em><strong>ZAPRASZAMY DO KONTAKTU<\/strong><\/em><\/p>\n\n\n\n<p><a href=\"https:\/\/www.facebook.com\/bardzoproszeikony\/\">Facebook.<\/a><\/p>\n\n\n\n<p>tel. 602 430 032 \u2013 Anna Kinowska<\/p>\n\n\n\n<p>Zdj\u0119cia z pracowni:<\/p>\n","protected":false},"excerpt":{"rendered":"<p>My wszyscy z ods\u0142oni\u0119t\u0105 twarz\u0105 wpatrujemy si\u0119 w jasno\u015b\u0107 Pa\u0144sk\u0105, jakby w zwierciadle,za spraw\u0105 Ducha Pa\u0144skiego coraz bardziej ja\u015bniej\u0105c upodabniamy si\u0119 do Jego obrazu. (2 Kor 3,18) Pracownia Ikon BARDZO PROSZ\u0118 dzia\u0142alno\u015b\u0107 rozpocz\u0119\u0142a &nbsp;z inicjatywy ikonopisarki Anny Kinowskiej,&nbsp; po otrzymaniu b\u0142ogos\u0142awie\u0144stwa ksi\u0119dza proboszcza Jacka Sochy. Warsztaty ikonograficzne odbywaj\u0105 si\u0119: czwartki, godz.&nbsp; 16-20 &#8211; grupa \u015brednio-zaawansowana [&hellip;]<\/p>\n","protected":false},"author":6,"featured_media":0,"parent":0,"menu_order":0,"comment_status":"closed","ping_status":"closed","template":"","meta":{"footnotes":""},"publishpress_future_action":{"enabled":false,"date":"1970-01-01 01:00:00","action":"","terms":[],"taxonomy":"","browser_timezone_offset":0},"_links":{"self":[{"href":"https:\/\/swmikolaj.org\/index.php\/wp-json\/wp\/v2\/pages\/60"}],"collection":[{"href":"https:\/\/swmikolaj.org\/index.php\/wp-json\/wp\/v2\/pages"}],"about":[{"href":"https:\/\/swmikolaj.org\/index.php\/wp-json\/wp\/v2\/types\/page"}],"author":[{"embeddable":true,"href":"https:\/\/swmikolaj.org\/index.php\/wp-json\/wp\/v2\/users\/6"}],"replies":[{"embeddable":true,"href":"https:\/\/swmikolaj.org\/index.php\/wp-json\/wp\/v2\/comments?post=60"}],"version-history":[{"count":4,"href":"https:\/\/swmikolaj.org\/index.php\/wp-json\/wp\/v2\/pages\/60\/revisions"}],"predecessor-version":[{"id":166366,"href":"https:\/\/swmikolaj.org\/index.php\/wp-json\/wp\/v2\/pages\/60\/revisions\/166366"}],"wp:attachment":[{"href":"https:\/\/swmikolaj.org\/index.php\/wp-json\/wp\/v2\/media?parent=60"}],"curies":[{"name":"wp","href":"https:\/\/api.w.org\/{rel}","templated":true}]}}