{"id":59,"date":"2020-03-04T20:45:20","date_gmt":"2020-03-04T20:45:20","guid":{"rendered":"http:\/\/nowa.swmikolaj.org\/?page_id=59"},"modified":"2025-10-09T06:03:58","modified_gmt":"2025-10-09T05:03:58","slug":"zywy-rozaniec","status":"publish","type":"page","link":"https:\/\/swmikolaj.org\/index.php\/zywy-rozaniec\/","title":{"rendered":"\u017bywy R\u00f3\u017caniec"},"content":{"rendered":"<div class=\"wp-block-image\">\n<figure class=\"aligncenter size-large\"><a href=\"https:\/\/swmikolaj.org\/wp-content\/uploads\/2024\/09\/IMG-20240907-WA0003.jpg\"><img decoding=\"async\" loading=\"lazy\" width=\"1024\" height=\"576\" src=\"https:\/\/swmikolaj.org\/wp-content\/uploads\/2024\/09\/IMG-20240907-WA0003-1024x576.jpg\" alt=\"\" class=\"wp-image-163580\" srcset=\"https:\/\/swmikolaj.org\/wp-content\/uploads\/2024\/09\/IMG-20240907-WA0003-1024x576.jpg 1024w, https:\/\/swmikolaj.org\/wp-content\/uploads\/2024\/09\/IMG-20240907-WA0003-300x169.jpg 300w, https:\/\/swmikolaj.org\/wp-content\/uploads\/2024\/09\/IMG-20240907-WA0003-768x432.jpg 768w, https:\/\/swmikolaj.org\/wp-content\/uploads\/2024\/09\/IMG-20240907-WA0003-1536x864.jpg 1536w, https:\/\/swmikolaj.org\/wp-content\/uploads\/2024\/09\/IMG-20240907-WA0003-676x380.jpg 676w, https:\/\/swmikolaj.org\/wp-content\/uploads\/2024\/09\/IMG-20240907-WA0003.jpg 2016w\" sizes=\"(max-width: 1024px) 100vw, 1024px\" \/><\/a><figcaption class=\"wp-element-caption\">\u017bywy R\u00f3\u017caniec 2024<\/figcaption><\/figure><\/div>\n\n<p><strong>Koordynatorka \u0141ucja Piotrowska-Ferens<\/strong><\/p>\n<p>Duszpasterz: ks. Zbigniew W\u0105drzyk<\/p>\n<p>W roku duszpasterskim 2025\/2026 w parafii istnieje 11 R\u00f3\u017c<\/p>\n<h4>Terminy spotka\u0144<\/h4>\n<h3>Pierwsza sobota miesi\u0105ca godz. 8<sup>00<\/sup><\/h3>\n<p style=\"text-align: justify;\">\u00a0\u00a0\u00a0\u00a0\u00a0\u00a0\u00a0\u00a0 \u00a0\u017bywy R\u00f3\u017caniec jest najstarsz\u0105 i jedn\u0105 z najliczniejszych grup duszpasterskich parafii. Obecnie liczy 11 r\u00f3\u017c \u2013 10 \u017ce\u0144skich i 1 m\u0119ska. W sk\u0142ad ka\u017cdej r\u00f3\u017cy wchodzi 20 os\u00f3b \u2013 tyle ile tajemnic r\u00f3\u017ca\u0144ca. Opiekunem \u017bywego R\u00f3\u017ca\u0144ca, do chwili przej\u015bcia na emerytur\u0119, by\u0142 ks. pra\u0142at Ludwik Grochowina. Spotkania grupy odbywaj\u0105 si\u0119 w ka\u017cd\u0105 pierwsz\u0105 sobot\u0119 miesi\u0105ca o godz. 8:00<\/p>\n<p style=\"text-align: justify;\">\u00a0\u00a0\u00a0\u00a0\u00a0\u00a0\u00a0\u00a0\u00a0\u00a0 W odpowiedzi na apel Jana Paw\u0142a II, od grudnia 2002 roku, w Roku R\u00f3\u017ca\u0144ca, w ka\u017cd\u0105 \u015brod\u0119 przed wieczorn\u0105 Msz\u0105 \u015bw. odmawiamy r\u00f3\u017caniec ( w ka\u017cd\u0105 \u015brod\u0119 r\u00f3\u017caniec prowadzi kolejna R\u00f3\u017ca) w intencjach papie\u017ca, Ko\u015bcio\u0142a, Ojczyzny i parafii.<\/p>\n<p>\u00a0\u00a0\u00a0\u00a0\u00a0\u00a0\u00a0\u00a0\u00a0\u00a0\u00a0 Z inicjatywy \u017bywego R\u00f3\u017ca\u0144ca w roku 2003 ze sk\u0142adek zbieranych przez cz\u0142onk\u00f3w \u017bywego R\u00f3\u017ca\u0144ca po nabo\u017ce\u0144stwach majowych zosta\u0142a zakupiona r\u00f3\u017ca\u0144cowa chor\u0105giew upami\u0119tniaj\u0105ca,, Rok R\u00f3\u017ca\u0144ca\u2019\u2019.<\/p>\n<p style=\"text-align: justify;\">\u00a0\u00a0\u00a0\u00a0\u00a0\u00a0\u00a0\u00a0\u00a0\u00a0\u00a0 Cz\u0142onkowie \u017bywego R\u00f3\u017ca\u0144ca aktywnie uczestnicz\u0105 w \u017cyciu parafii w\u0142\u0105czaj\u0105c si\u0119 w r\u00f3\u017cne dzia\u0142ania duszpasterskie i opraw\u0119 uroczysto\u015bci parafialnych (np. Triduum Paschalne, Odpust parafialny, pielgrzymki autokarowe do Cz\u0119stochowy i innych sanktuari\u00f3w maryjnych, Duchowa Adopcja Dziecka Pocz\u0119tego, codzienna adoracja Naj\u015bwi\u0119tszego Sakramentu, modlitwa za kap\u0142an\u00f3w).<\/p>\n<p style=\"text-align: justify;\">\u00a0\u00a0\u00a0\u00a0\u00a0\u00a0\u00a0\u00a0\u00a0\u00a0\u00a0 Przez wiele lat Punkt Charytatywny by\u0142 prowadzony przez cz\u0142onkinie \u017bywego R\u00f3\u017ca\u0144ca. W ostatnim czasie wspomagamy dzia\u0142ania Stowarzyszenia \u015awi\u0119tego Miko\u0142aja Biskupa oraz Zupy Chylo\u0144skiej. \u00a0Z inicjatywy \u017bywego R\u00f3\u017ca\u0144ca aktywnie wspieramy misjonarzy, zw\u0142aszcza tych pochodz\u0105cych z naszej parafii.<\/p>\n<p style=\"text-align: center;\"><strong>\u017bYWY R\u00d3\u017bANIEC<\/strong><\/p>\n<p style=\"text-align: center;\"><span style=\"font-size: 14pt; font-family: helvetica, arial, sans-serif;\">I R\u00f3\u017ca &#8211; Krystyna Szubi\u0144ska<br \/>II R\u00f3\u017ca &#8211; \u0141ucja Piotrowska-Ferens<br \/>III R\u00f3\u017ca &#8211; Jadwiga Reszke<br \/>IV R\u00f3\u017ca &#8211; Danuta Sikorska<br \/>V R\u00f3\u017ca &#8211; Teresa Siewert<br \/>VI R\u00f3\u017ca &#8211; Janina Ma\u0142aszczycka<br \/>VII R\u00f3\u017ca &#8211; Aniela Sprawka<br \/>VIII R\u00f3\u017ca &#8211; Anna Ludwicka<br \/>IX R\u00f3\u017ca &#8211; Krystyna Duszy\u0144ska<br \/>X R\u00f3\u017ca &#8211; Miros\u0142aw Wiewi\u00f3rski<br \/>XI R\u00f3\u017ca &#8211; Jolanta Adamska-W\u00f3jcik<\/span><!--nextpage--><\/p>","protected":false},"excerpt":{"rendered":"<p>Koordynatorka \u0141ucja Piotrowska-Ferens Duszpasterz: ks. Zbigniew W\u0105drzyk W roku duszpasterskim 2025\/2026 w parafii istnieje 11 R\u00f3\u017c Terminy spotka\u0144 Pierwsza sobota miesi\u0105ca godz. 800 \u00a0\u00a0\u00a0\u00a0\u00a0\u00a0\u00a0\u00a0 \u00a0\u017bywy R\u00f3\u017caniec jest najstarsz\u0105 i jedn\u0105 z najliczniejszych grup duszpasterskich parafii. Obecnie liczy 11 r\u00f3\u017c \u2013 10 \u017ce\u0144skich i 1 m\u0119ska. W sk\u0142ad ka\u017cdej r\u00f3\u017cy wchodzi 20 os\u00f3b \u2013 tyle ile [&hellip;]<\/p>\n","protected":false},"author":2,"featured_media":0,"parent":0,"menu_order":0,"comment_status":"closed","ping_status":"closed","template":"","meta":{"footnotes":""},"publishpress_future_action":{"enabled":false,"date":"1970-01-01 01:00:00","action":"","terms":[],"taxonomy":"","browser_timezone_offset":0},"_links":{"self":[{"href":"https:\/\/swmikolaj.org\/index.php\/wp-json\/wp\/v2\/pages\/59"}],"collection":[{"href":"https:\/\/swmikolaj.org\/index.php\/wp-json\/wp\/v2\/pages"}],"about":[{"href":"https:\/\/swmikolaj.org\/index.php\/wp-json\/wp\/v2\/types\/page"}],"author":[{"embeddable":true,"href":"https:\/\/swmikolaj.org\/index.php\/wp-json\/wp\/v2\/users\/2"}],"replies":[{"embeddable":true,"href":"https:\/\/swmikolaj.org\/index.php\/wp-json\/wp\/v2\/comments?post=59"}],"version-history":[{"count":19,"href":"https:\/\/swmikolaj.org\/index.php\/wp-json\/wp\/v2\/pages\/59\/revisions"}],"predecessor-version":[{"id":166222,"href":"https:\/\/swmikolaj.org\/index.php\/wp-json\/wp\/v2\/pages\/59\/revisions\/166222"}],"wp:attachment":[{"href":"https:\/\/swmikolaj.org\/index.php\/wp-json\/wp\/v2\/media?parent=59"}],"curies":[{"name":"wp","href":"https:\/\/api.w.org\/{rel}","templated":true}]}}