{"id":589,"date":"2020-03-11T17:58:51","date_gmt":"2020-03-11T17:58:51","guid":{"rendered":"http:\/\/nowa.swmikolaj.org\/?page_id=589"},"modified":"2026-03-11T19:36:07","modified_gmt":"2026-03-11T18:36:07","slug":"adoracja","status":"publish","type":"page","link":"https:\/\/swmikolaj.org\/index.php\/adoracja\/","title":{"rendered":"Adoracja Naj\u015bwi\u0119tszego Sakramentu"},"content":{"rendered":"\n<p class=\"has-text-align-left\">Zapraszamy do adoracji od poniedzia\u0142ku do soboty, od 8:40 do 18:10 w dolnym ko\u015bciele.<br><\/p>\n\n\n\n<p><\/p>\n\n\n\n<p><br><a href=\"https:\/\/swmikolaj.org\/index.php\/poczatek-adoracji-najswietszego-sakramentu\/\" class=\"rank-math-link\">Pocz\u0105tek Adoracji Naj\u015bwi\u0119tszego Sakramentu<\/a> <br>  <\/p>\n","protected":false},"excerpt":{"rendered":"<p>Zapraszamy do adoracji od poniedzia\u0142ku do soboty, od 8:40 do 18:10 w dolnym ko\u015bciele. Pocz\u0105tek Adoracji Naj\u015bwi\u0119tszego Sakramentu<\/p>\n","protected":false},"author":2,"featured_media":0,"parent":0,"menu_order":0,"comment_status":"closed","ping_status":"closed","template":"","meta":{"footnotes":""},"publishpress_future_action":{"enabled":false,"date":"1970-01-01 01:00:00","action":"","terms":[],"taxonomy":"","browser_timezone_offset":0},"_links":{"self":[{"href":"https:\/\/swmikolaj.org\/index.php\/wp-json\/wp\/v2\/pages\/589"}],"collection":[{"href":"https:\/\/swmikolaj.org\/index.php\/wp-json\/wp\/v2\/pages"}],"about":[{"href":"https:\/\/swmikolaj.org\/index.php\/wp-json\/wp\/v2\/types\/page"}],"author":[{"embeddable":true,"href":"https:\/\/swmikolaj.org\/index.php\/wp-json\/wp\/v2\/users\/2"}],"replies":[{"embeddable":true,"href":"https:\/\/swmikolaj.org\/index.php\/wp-json\/wp\/v2\/comments?post=589"}],"version-history":[{"count":30,"href":"https:\/\/swmikolaj.org\/index.php\/wp-json\/wp\/v2\/pages\/589\/revisions"}],"predecessor-version":[{"id":167232,"href":"https:\/\/swmikolaj.org\/index.php\/wp-json\/wp\/v2\/pages\/589\/revisions\/167232"}],"wp:attachment":[{"href":"https:\/\/swmikolaj.org\/index.php\/wp-json\/wp\/v2\/media?parent=589"}],"curies":[{"name":"wp","href":"https:\/\/api.w.org\/{rel}","templated":true}]}}