{"id":574,"date":"2020-03-10T18:41:05","date_gmt":"2020-03-10T18:41:05","guid":{"rendered":"http:\/\/nowa.swmikolaj.org\/?page_id=574"},"modified":"2024-01-26T17:12:31","modified_gmt":"2024-01-26T16:12:31","slug":"studio-nagran-alternative","status":"publish","type":"page","link":"https:\/\/swmikolaj.org\/index.php\/studio-nagran-alternative\/","title":{"rendered":"Studio Nagra\u0144  &#8222;Alternative&#8221;"},"content":{"rendered":"\n<p>W starej plebanii dzia\u0142a parafialne studio nagra\u0144 &#8222;Alternative&#8221;.\u00a0<\/p>\n<p>Mo\u017cna je wynaj\u0105\u0107 na nagrania. Kontakt z Kacper Ma\u0144kowski \u00a0tel. 797671840<\/p>\n<p>\u00a0<\/p>\n<p><img decoding=\"async\" loading=\"lazy\" class=\"alignnone  wp-image-1809\" src=\"https:\/\/swmikolaj.org\/wp-content\/uploads\/2020\/04\/stara_plebania_2-300x225.jpg\" alt=\"\" width=\"669\" height=\"502\" srcset=\"https:\/\/swmikolaj.org\/wp-content\/uploads\/2020\/04\/stara_plebania_2-300x225.jpg 300w, https:\/\/swmikolaj.org\/wp-content\/uploads\/2020\/04\/stara_plebania_2-768x576.jpg 768w, https:\/\/swmikolaj.org\/wp-content\/uploads\/2020\/04\/stara_plebania_2-1024x768.jpg 1024w, https:\/\/swmikolaj.org\/wp-content\/uploads\/2020\/04\/stara_plebania_2-676x507.jpg 676w, https:\/\/swmikolaj.org\/wp-content\/uploads\/2020\/04\/stara_plebania_2.jpg 2016w\" sizes=\"(max-width: 669px) 100vw, 669px\" \/><\/p>\n<p>\u00a0<\/p>\n<p>\u00a0<\/p>\n","protected":false},"excerpt":{"rendered":"<p>W starej plebanii dzia\u0142a parafialne studio nagra\u0144 &#8222;Alternative&#8221;.\u00a0 Mo\u017cna je wynaj\u0105\u0107 na nagrania. Kontakt z Kacper Ma\u0144kowski \u00a0tel. 797671840 \u00a0 \u00a0 \u00a0<\/p>\n","protected":false},"author":6,"featured_media":0,"parent":0,"menu_order":0,"comment_status":"closed","ping_status":"closed","template":"","meta":{"footnotes":""},"publishpress_future_action":{"enabled":false,"date":"1970-01-01 01:00:00","action":"","terms":[],"taxonomy":"","browser_timezone_offset":0},"_links":{"self":[{"href":"https:\/\/swmikolaj.org\/index.php\/wp-json\/wp\/v2\/pages\/574"}],"collection":[{"href":"https:\/\/swmikolaj.org\/index.php\/wp-json\/wp\/v2\/pages"}],"about":[{"href":"https:\/\/swmikolaj.org\/index.php\/wp-json\/wp\/v2\/types\/page"}],"author":[{"embeddable":true,"href":"https:\/\/swmikolaj.org\/index.php\/wp-json\/wp\/v2\/users\/6"}],"replies":[{"embeddable":true,"href":"https:\/\/swmikolaj.org\/index.php\/wp-json\/wp\/v2\/comments?post=574"}],"version-history":[{"count":3,"href":"https:\/\/swmikolaj.org\/index.php\/wp-json\/wp\/v2\/pages\/574\/revisions"}],"predecessor-version":[{"id":138447,"href":"https:\/\/swmikolaj.org\/index.php\/wp-json\/wp\/v2\/pages\/574\/revisions\/138447"}],"wp:attachment":[{"href":"https:\/\/swmikolaj.org\/index.php\/wp-json\/wp\/v2\/media?parent=574"}],"curies":[{"name":"wp","href":"https:\/\/api.w.org\/{rel}","templated":true}]}}