{"id":57,"date":"2020-03-04T20:45:20","date_gmt":"2020-03-04T19:45:20","guid":{"rendered":"http:\/\/nowa.swmikolaj.org\/?page_id=57"},"modified":"2024-06-14T16:44:49","modified_gmt":"2024-06-14T15:44:49","slug":"rozaniec-rodzicow","status":"publish","type":"page","link":"https:\/\/swmikolaj.org\/index.php\/rozaniec-rodzicow\/","title":{"rendered":"Ro\u017caniec Rodzic\u00f3w"},"content":{"rendered":"\n<p>Koordynatorka: Krystyna Hebel<\/p>\n\n\n\n<p>1.&nbsp; R\u00f3\u017ca \u015bw. Jana Paw\u0142a II &#8211; pierwsza ro\u017ca rodzic\u00f3w modl\u0105cych za swoje dzieci powsta\u0142a w chylo\u0144skiej parafii 12.12.2011 r.<br><\/p>\n\n\n\n<p>2. Druga R\u00f3\u017ca sw. Joanny Beretta Molla powsta\u0142a&nbsp; 11.03.2013. <br><br><\/p>\n\n\n\n<p>3. Trzecia R\u00f3\u017ca \u015bw. Anny <\/p>\n\n\n\n<p>4. Czwarta R\u00f3za \u015bw. Zelli i Ludwika Martin <\/p>\n\n\n\n<p>5. Pi\u0105ta&nbsp; R\u00f3\u017ca b\u0142. ks. Jerzego Popie\u0142uszki (powsta\u0142a w 2016 r.) &#8211; <\/p>\n\n\n\n<p>&nbsp;&nbsp;&nbsp;&nbsp;&nbsp;<\/p>\n\n\n\n<p>Duszpasterzem&nbsp; R\u00f3\u017c R\u00f3\u017ca\u0144ca Rodzic\u00f3w jest ks.  Zbigniew W\u0105drzyk<\/p>\n\n\n\n<p><\/p>\n\n\n\n<p><\/p>\n\n\n\n<p><strong data-rich-text-format-boundary=\"true\">Polecajmy Bo\u017cemu Mi\u0142osierdziu zmar\u0142ych<\/strong>:<\/p>\n<p><em>Zaremba Jagoda (04.04.2014)<br><\/em><em>Repe\u0107 Lusia (05.02.2021)<br><\/em><em>Bisior Irena (29.03.2021)<br><\/em><em>\u017belazna Gra\u017cyna (16.06.2009)<br><\/em><em>Myszograj \u0141ukasz (syn Bo\u017ceny)<br><\/em><em>Kruczy\u0144skcy Krzysztof i Asia (dzieci Anny)<\/em><\/p>\n<p>&nbsp;<\/p>\n<p>Wi\u0119cej informacji na temat Ro\u017ca\u0144ca Rodzic\u00f3w za Dzieci znajdziesz tutaj:&nbsp;http:\/\/www.rozaniecrodzicow.pl\/<\/p>\n\n\n","protected":false},"excerpt":{"rendered":"<p>Koordynatorka: Krystyna Hebel 1.&nbsp; R\u00f3\u017ca \u015bw. Jana Paw\u0142a II &#8211; pierwsza ro\u017ca rodzic\u00f3w modl\u0105cych za swoje dzieci powsta\u0142a w chylo\u0144skiej parafii 12.12.2011 r. 2. Druga R\u00f3\u017ca sw. Joanny Beretta Molla powsta\u0142a&nbsp; 11.03.2013. 3. Trzecia R\u00f3\u017ca \u015bw. Anny 4. Czwarta R\u00f3za \u015bw. Zelli i Ludwika Martin 5. Pi\u0105ta&nbsp; R\u00f3\u017ca b\u0142. ks. Jerzego Popie\u0142uszki (powsta\u0142a w 2016 [&hellip;]<\/p>\n","protected":false},"author":2,"featured_media":0,"parent":0,"menu_order":0,"comment_status":"closed","ping_status":"closed","template":"","meta":{"footnotes":""},"publishpress_future_action":{"enabled":false,"date":"1970-01-01 01:00:00","action":"","terms":[],"taxonomy":"","browser_timezone_offset":0},"_links":{"self":[{"href":"https:\/\/swmikolaj.org\/index.php\/wp-json\/wp\/v2\/pages\/57"}],"collection":[{"href":"https:\/\/swmikolaj.org\/index.php\/wp-json\/wp\/v2\/pages"}],"about":[{"href":"https:\/\/swmikolaj.org\/index.php\/wp-json\/wp\/v2\/types\/page"}],"author":[{"embeddable":true,"href":"https:\/\/swmikolaj.org\/index.php\/wp-json\/wp\/v2\/users\/2"}],"replies":[{"embeddable":true,"href":"https:\/\/swmikolaj.org\/index.php\/wp-json\/wp\/v2\/comments?post=57"}],"version-history":[{"count":13,"href":"https:\/\/swmikolaj.org\/index.php\/wp-json\/wp\/v2\/pages\/57\/revisions"}],"predecessor-version":[{"id":158670,"href":"https:\/\/swmikolaj.org\/index.php\/wp-json\/wp\/v2\/pages\/57\/revisions\/158670"}],"wp:attachment":[{"href":"https:\/\/swmikolaj.org\/index.php\/wp-json\/wp\/v2\/media?parent=57"}],"curies":[{"name":"wp","href":"https:\/\/api.w.org\/{rel}","templated":true}]}}