{"id":54,"date":"2020-03-04T20:45:20","date_gmt":"2020-03-04T19:45:20","guid":{"rendered":"http:\/\/nowa.swmikolaj.org\/?page_id=54"},"modified":"2026-01-27T10:33:42","modified_gmt":"2026-01-27T09:33:42","slug":"sne-magnificat","status":"publish","type":"page","link":"https:\/\/swmikolaj.org\/index.php\/sne-magnificat\/","title":{"rendered":"Szko\u0142a Ewangelizacji Magnificat"},"content":{"rendered":"\n<h4 class=\"wp-block-heading\"><br>Liderzy \u015bwieccy i dyrektorzy Szko\u0142y Ewangelizacji : Krzysztof i Karolina Czerwi\u0144scy<\/h4>\n\n\n\n<p>kontakt: <a href=\"mailto:kkczerwinscy@gmail.com\">kkczerwinscy@gmail.com<\/a><\/p>\n\n\n\n<p>Duszpasterz: ks. Jacek Socha<\/p>\n\n\n\n<p><\/p>\n\n\n\n<p><strong>Spotkania odbywaj\u0105 si\u0119 w ka\u017cdy wtorek o 19:15 w dolnym ko\u015bciele.<\/strong><\/p>\n\n\n\n<p>Zazwyczaj dzieje si\u0119 to w nast\u0119puj\u0105cym rytmie:<\/p>\n\n\n\n<p>Pierwszy wtorek miesi\u0105ca &#8211; Eucharystia,<\/p>\n\n\n\n<p>Drugi wtorek miesi\u0105ca &#8211; Spotkanie w ma\u0142ych grupach wok\u00f3\u0142 S\u0142owa Bo\u017cego,<\/p>\n\n\n\n<p>Trzeci wtorek miesi\u0105ca &#8211; Modlitwa uwielbienia podczas adoracji Naj\u015bwi\u0119tszego Sakramentu,<\/p>\n\n\n\n<p>Czwarty wtorek miesi\u0105ca &#8211; Spotkanie w ma\u0142ych grupach wok\u00f3\u0142 S\u0142owa Bo\u017cego,<\/p>\n\n\n\n<p><\/p>\n\n\n\n<p>O NAS:<\/p>\n\n\n\n<p>&nbsp;&nbsp;&nbsp;&nbsp;&nbsp;&nbsp;Wsp\u00f3lnota SE \u201eMagnificat\u201d powsta\u0142a we wrze\u015bniu 2009, na bazie dw\u00f3ch wcze\u015bniej istniej\u0105cych w parafii grup charyzmatycznych. Naszym zadaniem, kt\u00f3re nadal odkrywamy jest nowa ewangelizacja w naszych \u015brodowiskach \u017cycia, pracy, nauki oraz w parafii. Wsp\u00f3\u0142pracowali\u015bmy z Gda\u0144sk\u0105 Szko\u0142\u0105 Nowej Ewangelizacji&nbsp; \u015bw. Wojciecha, kt\u00f3ra istnieje w konwencji z Mi\u0119dzynarodow\u0105 Szko\u0142\u0105 Nowej Ewangelizacji \u015bw. Andrzeja w Meksyku.<\/p>\n\n\n\n<p>       Naszym duszpasterzem w latach 2009 \u2013 2013 by\u0142 ks. Jan Kucharski, a od wrze\u015bnia 2013 pasterzem wsp\u00f3lnoty jest ks. Proboszcz Jacek Socha. Liderem \u015bwieckim w latach 2009 \u2013 2013 by\u0142a Joanna Wenta; w latach 2013 \u2013 2015 Joanna Rostankowska; w latach 2015 -2018 ponownie Joanna Wenta. Od lipca 2018 r. liderami s\u0105 Krzysztof i Karolina Czerwi\u0144scy.<\/p>\n\n\n\n<p>      <strong>W maju 2021 roku stali\u015bmy si\u0119 samodzieln\u0105 Szko\u0142\u0105 Ewangelizacji w ramach projektu SESA. <\/strong><\/p>\n\n\n\n<p>&nbsp;&nbsp;&nbsp;&nbsp; Magnificat anga\u017cuje si\u0119 w takie dzie\u0142a parafialne jak: Msza \u015bwi\u0119ta&nbsp; z modlitw\u0105 w intencji o uproszenie uzdrowienia duszy i cia\u0142a, kursy ewangelizacyjne SE, <a href=\"http:\/\/swmikolaj.org\/index.php\/kurs-alpha\/\">Kurs Alpha<\/a>, <a href=\"http:\/\/swmikolaj.org\/index.php\/zupa-chylonska\/\">Zupa Chylo\u0144ska<\/a> i inne dzie\u0142a mi\u0142osierdzia.<\/p>\n\n\n\n<p>&nbsp;&nbsp;&nbsp; Nasze grono stanowi\u0105 osoby doros\u0142e w r\u00f3\u017cnym wieku. Aktualnie w sta\u0142ej formacji uczestniczy ponad 100 os\u00f3b w 14 ma\u0142ych grupach. Ka\u017cde spotkanie rozpoczynamy uczestnictwem w Eucharystii parafialnej, a p\u00f3\u017aniej spotykamy si\u0119 na uwielbieniu, adoracji Naj\u015bwi\u0119tszego Sakramentu, dzieleniu w ma\u0142ych grupach i katechezie lub agapie zale\u017cnie od harmonogramu formacji. Raz w roku wyje\u017cd\u017camy na wsp\u00f3lnotowe rekolekcje i wyjazdy integracyjne, a latem je\u017adzimy na wsp\u00f3lne wakacje. Wsp\u00f3lnota ma 4 diakonie: modlitwy wstawienniczej, muzyczn\u0105, organizacyjn\u0105 i medialn\u0105.<\/p>\n\n\n\n<div class=\"wp-block-file\"><a id=\"wp-block-file--media-09793529-59bf-4438-acee-41efdf65252a\" href=\"https:\/\/swmikolaj.org\/wp-content\/uploads\/2022\/06\/STATUT-SE-MAGNIFICAT-UCHWALA-2.06.22.pdf\">STATUT-SE-MAGNIFICAT-UCHWALA-2.06.22<\/a><a href=\"https:\/\/swmikolaj.org\/wp-content\/uploads\/2022\/06\/STATUT-SE-MAGNIFICAT-UCHWALA-2.06.22.pdf\" class=\"wp-block-file__button wp-element-button\" download aria-describedby=\"wp-block-file--media-09793529-59bf-4438-acee-41efdf65252a\">Pobierz<\/a><\/div>\n\n\n\n<p>W latach 2011-2020 przeprowadzili\u015bmy w naszej parafii 16 kurs\u00f3w ewangelizacyjnych:<\/p>\n\n\n\n<p>*&nbsp; &nbsp;&nbsp;&nbsp;&nbsp;&nbsp; <a href=\"http:\/\/swmikolaj.org\/index.php\/kurs-nowe-zycie\/\">NOWE \u017bYCIE<\/a>: 16-18.03.2012; 22-24.02.2013; 22-24.11.2013; 16-18.03.2014; 24-26.04.2015;&nbsp;22- 24.04.2016; 26-28.04.2017; 6-8.04.2018; maj 2019 r.; stycze\u0144 2020<\/p>\n\n\n\n<p>\u00b7&nbsp;&nbsp;&nbsp;&nbsp;&nbsp;&nbsp;&nbsp;&nbsp; ANIMACJI MODLITWY CHARYZMATYCZNEJ: 11-13.02.2011; 17-19.10.2014; pa\u017adziernik 2017;<br><\/p>\n\n\n\n<p>\u00b7&nbsp;&nbsp;&nbsp;&nbsp;&nbsp;&nbsp;&nbsp;&nbsp; AKWILA I PRYSCYLLA (rekolekcje dla ma\u0142\u017ce\u0144stw): 7-9.02.2014&nbsp;<\/p>\n\n\n\n<p>\u00b7&nbsp;&nbsp;&nbsp;&nbsp;&nbsp;&nbsp;&nbsp;&nbsp; EMAUS: 25-27.09.2015; 09-11.02.2018<\/p>\n\n\n\n<p>* &nbsp; &nbsp; &nbsp; &nbsp;HISTORIA ZBAWIENIA : 18-21.07.2019&nbsp;<\/p>\n\n\n\n<p>Szukaj nas r\u00f3wnie\u017c na facebook:&nbsp;<a href=\"https:\/\/www.facebook.com\/wspolnotamagnificat\/\" target=\"_blank\" rel=\"noreferrer noopener\">https:\/\/www.facebook.com\/wspolnotamagnificat\/<\/a><\/p>\n\n\n\n<p>Nr konta Szko\u0142y Ewangelizacji Magnificat: 55 1240 5354 1111 0010 9124 3260<\/p>\n\n\n\n<figure class=\"wp-block-gallery has-nested-images columns-default is-cropped wp-block-gallery-1 is-layout-flex wp-block-gallery-is-layout-flex\">\n<figure class=\"wp-block-image size-large\"><img decoding=\"async\" loading=\"lazy\" width=\"320\" height=\"213\" data-id=\"128447\" src=\"https:\/\/swmikolaj.org\/wp-content\/uploads\/2023\/10\/157347035_3839466809432311_944256736736698898_n.jpg\" alt=\"\" class=\"wp-image-128447\" srcset=\"https:\/\/swmikolaj.org\/wp-content\/uploads\/2023\/10\/157347035_3839466809432311_944256736736698898_n.jpg 320w, https:\/\/swmikolaj.org\/wp-content\/uploads\/2023\/10\/157347035_3839466809432311_944256736736698898_n-300x200.jpg 300w\" sizes=\"(max-width: 320px) 100vw, 320px\" \/><\/figure>\n<\/figure>\n\n\n\n<p><em>&#8222;Trwali oni w nauce Aposto\u0142\u00f3w i we wsp\u00f3lnocie,<br>w \u0142amaniu chleba i w modlitwie.&#8221;<br>Dz 2,42<\/em>    <\/p>\n\n\n\n<figure class=\"wp-block-image size-large\"><img decoding=\"async\" loading=\"lazy\" width=\"768\" height=\"1024\" src=\"https:\/\/swmikolaj.org\/wp-content\/uploads\/2026\/01\/20260127_101653-768x1024.jpg\" alt=\"\" class=\"wp-image-166991\" srcset=\"https:\/\/swmikolaj.org\/wp-content\/uploads\/2026\/01\/20260127_101653-768x1024.jpg 768w, https:\/\/swmikolaj.org\/wp-content\/uploads\/2026\/01\/20260127_101653-225x300.jpg 225w, https:\/\/swmikolaj.org\/wp-content\/uploads\/2026\/01\/20260127_101653-1152x1536.jpg 1152w, https:\/\/swmikolaj.org\/wp-content\/uploads\/2026\/01\/20260127_101653-1536x2048.jpg 1536w, https:\/\/swmikolaj.org\/wp-content\/uploads\/2026\/01\/20260127_101653-676x901.jpg 676w, https:\/\/swmikolaj.org\/wp-content\/uploads\/2026\/01\/20260127_101653-scaled.jpg 1920w\" sizes=\"(max-width: 768px) 100vw, 768px\" \/><\/figure>\n","protected":false},"excerpt":{"rendered":"<p>Liderzy \u015bwieccy i dyrektorzy Szko\u0142y Ewangelizacji : Krzysztof i Karolina Czerwi\u0144scy kontakt: kkczerwinscy@gmail.com Duszpasterz: ks. Jacek Socha Spotkania odbywaj\u0105 si\u0119 w ka\u017cdy wtorek o 19:15 w dolnym ko\u015bciele. Zazwyczaj dzieje si\u0119 to w nast\u0119puj\u0105cym rytmie: Pierwszy wtorek miesi\u0105ca &#8211; Eucharystia, Drugi wtorek miesi\u0105ca &#8211; Spotkanie w ma\u0142ych grupach wok\u00f3\u0142 S\u0142owa Bo\u017cego, Trzeci wtorek miesi\u0105ca &#8211; [&hellip;]<\/p>\n","protected":false},"author":2,"featured_media":0,"parent":0,"menu_order":0,"comment_status":"closed","ping_status":"closed","template":"","meta":{"footnotes":""},"publishpress_future_action":{"enabled":false,"date":"1970-01-01 01:00:00","action":"","terms":[],"taxonomy":"","browser_timezone_offset":0},"_links":{"self":[{"href":"https:\/\/swmikolaj.org\/index.php\/wp-json\/wp\/v2\/pages\/54"}],"collection":[{"href":"https:\/\/swmikolaj.org\/index.php\/wp-json\/wp\/v2\/pages"}],"about":[{"href":"https:\/\/swmikolaj.org\/index.php\/wp-json\/wp\/v2\/types\/page"}],"author":[{"embeddable":true,"href":"https:\/\/swmikolaj.org\/index.php\/wp-json\/wp\/v2\/users\/2"}],"replies":[{"embeddable":true,"href":"https:\/\/swmikolaj.org\/index.php\/wp-json\/wp\/v2\/comments?post=54"}],"version-history":[{"count":65,"href":"https:\/\/swmikolaj.org\/index.php\/wp-json\/wp\/v2\/pages\/54\/revisions"}],"predecessor-version":[{"id":166993,"href":"https:\/\/swmikolaj.org\/index.php\/wp-json\/wp\/v2\/pages\/54\/revisions\/166993"}],"wp:attachment":[{"href":"https:\/\/swmikolaj.org\/index.php\/wp-json\/wp\/v2\/media?parent=54"}],"curies":[{"name":"wp","href":"https:\/\/api.w.org\/{rel}","templated":true}]}}