{"id":53,"date":"2020-03-04T20:45:20","date_gmt":"2020-03-04T20:45:20","guid":{"rendered":"http:\/\/nowa.swmikolaj.org\/?page_id=53"},"modified":"2026-02-20T17:41:53","modified_gmt":"2026-02-20T16:41:53","slug":"neokatechumenat","status":"publish","type":"page","link":"https:\/\/swmikolaj.org\/index.php\/neokatechumenat\/","title":{"rendered":"Neokatechumenat"},"content":{"rendered":"\n<h4 class=\"wp-block-heading\">\u015awieccy odpowiedzialni z ramienia struktur Drogi Neokatechumenalnej: <strong>Janina i Roman Szpura<\/strong> (tel. 510964276) oraz El\u017cbieta i Piot Rietz <\/h4>\n\n\n<div class=\"wp-block-image\">\n<figure class=\"alignright is-resized\"><img decoding=\"async\" loading=\"lazy\" width=\"267\" height=\"367\" src=\"http:\/\/swmikolaj.org\/wp-content\/uploads\/2020\/04\/Icona_maria_kiko.jpg\" alt=\"\" class=\"wp-image-1826\" style=\"width:181px;height:249px\" srcset=\"https:\/\/swmikolaj.org\/wp-content\/uploads\/2020\/04\/Icona_maria_kiko.jpg 267w, https:\/\/swmikolaj.org\/wp-content\/uploads\/2020\/04\/Icona_maria_kiko-218x300.jpg 218w\" sizes=\"(max-width: 267px) 100vw, 267px\" \/><figcaption class=\"wp-element-caption\">Madonna Drogi<br> Neokatechumenalnej <br>autorstwa <br>Kiko Arguello<\/figcaption><\/figure><\/div>\n\n\n<p><\/p>\n\n\n\n<h4 class=\"wp-block-heading has-text-align-left\"><strong>Terminy spotka\u0144<\/strong><\/h4>\n\n\n\n<p>Wtorek i \u015broda  godz. 19<sup>00<\/sup>&nbsp;\u2013&nbsp; Liturgia S\u0142owa<br>Sobota godz. 16<sup>00<\/sup>&nbsp;i 19<sup>30<\/sup>&nbsp;\u2013 Eucharystia dla poszczeg\u00f3lnych wsp\u00f3lnot ( w okresie wakacyjnym sprawowana jest Eucharystia dla wszystkich wsp\u00f3lnot o 19:30 w dolnym ko\u015bciele)<\/p>\n\n\n\n<h4 class=\"wp-block-heading\"><strong>Droga Neokatechumenalna w Parafii \u015aw. Miko\u0142aja:<\/strong><\/h4>\n\n\n\n<p>W naszej parafii aktualnie (stan na rok 2026) jest siedem wsp\u00f3lnot neokatechumenalnych na r\u00f3\u017cnych etapach wtajemniczenia:<\/p>\n\n\n\n<p>I wsp\u00f3lnota &#8211; jako pierwsza wsp\u00f3lnota w Gdyni uko\u0144czy\u0142a Drog\u0119 Neokatechumenaln\u0105&nbsp;<\/p>\n\n\n\n<p>II wsp\u00f3lnota &#8211; zako\u0144czy\u0142a formacj\u0119 na Wielkanoc 2018 r. , (zdj\u0119cie poni\u017cej).<\/p>\n\n\n<div class=\"wp-block-image size-large\">\n<figure class=\"aligncenter is-resized\"><img decoding=\"async\" loading=\"lazy\" width=\"960\" height=\"720\" src=\"http:\/\/swmikolaj.org\/wp-content\/uploads\/2020\/04\/II-Wsp\u00f3lnota-.jpg\" alt=\"\" class=\"wp-image-1845\" style=\"width:419px;height:314px\" srcset=\"https:\/\/swmikolaj.org\/wp-content\/uploads\/2020\/04\/II-Wsp\u00f3lnota-.jpg 960w, https:\/\/swmikolaj.org\/wp-content\/uploads\/2020\/04\/II-Wsp\u00f3lnota--300x225.jpg 300w, https:\/\/swmikolaj.org\/wp-content\/uploads\/2020\/04\/II-Wsp\u00f3lnota--768x576.jpg 768w, https:\/\/swmikolaj.org\/wp-content\/uploads\/2020\/04\/II-Wsp\u00f3lnota--676x507.jpg 676w\" sizes=\"(max-width: 960px) 100vw, 960px\" \/><figcaption class=\"wp-element-caption\">II Wsp\u00f3lnota Neokatechumenalna<\/figcaption><\/figure><\/div>\n\n\n<p>III wsp\u00f3lnota &#8211; zako\u0144czy\u0142a Drog\u0119 w 2022 roku.<\/p>\n\n\n<div class=\"wp-block-image\">\n<figure class=\"aligncenter size-large is-resized\"><img decoding=\"async\" loading=\"lazy\" width=\"1024\" height=\"605\" src=\"http:\/\/swmikolaj.org\/wp-content\/uploads\/2020\/04\/20181124_230250-1024x605.jpg\" alt=\"\" class=\"wp-image-3702\" style=\"width:418px;height:253px\" srcset=\"https:\/\/swmikolaj.org\/wp-content\/uploads\/2020\/04\/20181124_230250-1024x605.jpg 1024w, https:\/\/swmikolaj.org\/wp-content\/uploads\/2020\/04\/20181124_230250-300x177.jpg 300w, https:\/\/swmikolaj.org\/wp-content\/uploads\/2020\/04\/20181124_230250-768x454.jpg 768w, https:\/\/swmikolaj.org\/wp-content\/uploads\/2020\/04\/20181124_230250-1536x908.jpg 1536w, https:\/\/swmikolaj.org\/wp-content\/uploads\/2020\/04\/20181124_230250-2048x1210.jpg 2048w, https:\/\/swmikolaj.org\/wp-content\/uploads\/2020\/04\/20181124_230250-676x399.jpg 676w\" sizes=\"(max-width: 1024px) 100vw, 1024px\" \/><figcaption class=\"wp-element-caption\">III Wsp\u00f3lnota Neokatechumenalna<\/figcaption><\/figure><\/div>\n\n\n<p>IV wsp\u00f3lnota &#8211; etap Wybrania<\/p>\n\n\n\n<p><\/p>\n\n\n\n<p>V wsp\u00f3lnota &#8211; etap  Traditio<\/p>\n\n\n\n<p class=\"has-text-align-center\"><img decoding=\"async\" loading=\"lazy\" width=\"2048\" height=\"1151\" class=\"wp-image-8657\" style=\"width: 400px;\" src=\"https:\/\/swmikolaj.org\/wp-content\/uploads\/2021\/10\/244097579_4740332149320000_8876123824106135255_n.jpg\" alt=\"\" srcset=\"https:\/\/swmikolaj.org\/wp-content\/uploads\/2021\/10\/244097579_4740332149320000_8876123824106135255_n.jpg 2048w, https:\/\/swmikolaj.org\/wp-content\/uploads\/2021\/10\/244097579_4740332149320000_8876123824106135255_n-300x169.jpg 300w, https:\/\/swmikolaj.org\/wp-content\/uploads\/2021\/10\/244097579_4740332149320000_8876123824106135255_n-1024x576.jpg 1024w, https:\/\/swmikolaj.org\/wp-content\/uploads\/2021\/10\/244097579_4740332149320000_8876123824106135255_n-768x432.jpg 768w, https:\/\/swmikolaj.org\/wp-content\/uploads\/2021\/10\/244097579_4740332149320000_8876123824106135255_n-1536x863.jpg 1536w, https:\/\/swmikolaj.org\/wp-content\/uploads\/2021\/10\/244097579_4740332149320000_8876123824106135255_n-676x380.jpg 676w\" sizes=\"(max-width: 2048px) 100vw, 2048px\" \/><\/p>\n\n\n\n<p>VI wsp\u00f3lnota &#8211; etap II skrutynium<\/p>\n\n\n\n<p>VII wsp\u00f3lnota &#8211; Prekatechumenat (powsta\u0142a w 2022 r.)<\/p>\n\n\n\n<p><\/p>\n\n\n\n<p>Co roku w okresie Adwentu lub Wielkiego Postu g\u0142oszone s\u0105 <a href=\"http:\/\/swmikolaj.org\/index.php\/kursy\/503-2\/\">&#8222;Katechezy Zwiastowania&#8221;<\/a>, podczas kt\u00f3rych ka\u017cdy mo\u017ce do\u015bwiadczy\u0107 mocy&nbsp;Kerygmatu, czyli Dobrej Nowiny o Jezusie Chrystusie<\/p>\n\n\n\n<p>Wzorem wsp\u00f3lnoty neokatechumenalnej jest \u015awi\u0119ta Rodzina z Nazaretu, historyczne miejsce, gdzie S\u0142owo Bo\u017ce, kt\u00f3re sta\u0142o si\u0119 Cz\u0142owiekiem, dojrzewa wzrastaj\u0105c &#8222;w m\u0105dro\u015bci, w latach i w \u0142asce&#8221;, pozostaj\u0105c poddane J\u00f3zefowi i Maryi. We wsp\u00f3lnocie neokatechumeni staj\u0105 si\u0119 dojrza\u0142ymi w wierze, wzrastaj\u0105c w pokorze, prostocie i uwielbieniu, poddani Ko\u015bcio\u0142owi.<\/p>\n\n\n\n<p>\u0179r\u00f3d\u0142o:&nbsp;<a href=\"http:\/\/swmikolaj.org\/images\/stories\/wspolnoty\/Neokatechumenat\/statuto.pdf\" target=\"_blank\" rel=\"noopener noreferrer\">Statut Drogi Neokatechumenalnej<\/a><\/p>\n\n\n\n<p>Wsp\u00f3lnoty neokatechumenalne, maj\u0105c charyzmat misyjny i ewangelizacyjny, prowadz\u0105 co roku przez kilka kolejnych niedziel wielkanocnych <strong>e<\/strong><b>wangelizacj\u0119 na placach<\/b>. Modlitw\u0105, \u015bpiewem i ta\u0144cem daj\u0105 \u015bwiadectwo wiary i mocy Jezusa Chrystusa Zmartwychwsta\u0142ego.&nbsp;<\/p>\n\n\n\n<figure class=\"wp-block-gallery has-nested-images columns-default wp-block-gallery-1 is-layout-flex wp-block-gallery-is-layout-flex\">\n<figure class=\"wp-block-image size-large\"><a href=\"https:\/\/swmikolaj.org\/wp-content\/uploads\/2020\/04\/10-scaled.jpg\"><img decoding=\"async\" loading=\"lazy\" width=\"1024\" height=\"680\" data-id=\"3705\" src=\"https:\/\/swmikolaj.org\/wp-content\/uploads\/2020\/04\/10-1024x680.jpg\" alt=\"\" class=\"wp-image-3705\" srcset=\"https:\/\/swmikolaj.org\/wp-content\/uploads\/2020\/04\/10-1024x680.jpg 1024w, https:\/\/swmikolaj.org\/wp-content\/uploads\/2020\/04\/10-300x199.jpg 300w, https:\/\/swmikolaj.org\/wp-content\/uploads\/2020\/04\/10-768x510.jpg 768w, https:\/\/swmikolaj.org\/wp-content\/uploads\/2020\/04\/10-1536x1020.jpg 1536w, https:\/\/swmikolaj.org\/wp-content\/uploads\/2020\/04\/10-2048x1360.jpg 2048w, https:\/\/swmikolaj.org\/wp-content\/uploads\/2020\/04\/10-676x449.jpg 676w\" sizes=\"(max-width: 1024px) 100vw, 1024px\" \/><\/a><\/figure>\n\n\n\n<figure class=\"wp-block-image size-large\"><a href=\"https:\/\/swmikolaj.org\/wp-content\/uploads\/2020\/04\/9-scaled.jpg\"><img decoding=\"async\" loading=\"lazy\" width=\"1024\" height=\"680\" data-id=\"3704\" src=\"https:\/\/swmikolaj.org\/wp-content\/uploads\/2020\/04\/9-1024x680.jpg\" alt=\"\" class=\"wp-image-3704\" srcset=\"https:\/\/swmikolaj.org\/wp-content\/uploads\/2020\/04\/9-1024x680.jpg 1024w, https:\/\/swmikolaj.org\/wp-content\/uploads\/2020\/04\/9-300x199.jpg 300w, https:\/\/swmikolaj.org\/wp-content\/uploads\/2020\/04\/9-768x510.jpg 768w, https:\/\/swmikolaj.org\/wp-content\/uploads\/2020\/04\/9-1536x1020.jpg 1536w, https:\/\/swmikolaj.org\/wp-content\/uploads\/2020\/04\/9-2048x1360.jpg 2048w, https:\/\/swmikolaj.org\/wp-content\/uploads\/2020\/04\/9-676x449.jpg 676w\" sizes=\"(max-width: 1024px) 100vw, 1024px\" \/><\/a><\/figure>\n\n\n\n<figure class=\"wp-block-image size-large\"><a href=\"https:\/\/swmikolaj.org\/wp-content\/uploads\/2020\/04\/17-scaled.jpg\"><img decoding=\"async\" loading=\"lazy\" width=\"1024\" height=\"707\" data-id=\"3706\" src=\"https:\/\/swmikolaj.org\/wp-content\/uploads\/2020\/04\/17-1024x707.jpg\" alt=\"\" class=\"wp-image-3706\" srcset=\"https:\/\/swmikolaj.org\/wp-content\/uploads\/2020\/04\/17-1024x707.jpg 1024w, https:\/\/swmikolaj.org\/wp-content\/uploads\/2020\/04\/17-300x207.jpg 300w, https:\/\/swmikolaj.org\/wp-content\/uploads\/2020\/04\/17-768x531.jpg 768w, https:\/\/swmikolaj.org\/wp-content\/uploads\/2020\/04\/17-1536x1061.jpg 1536w, https:\/\/swmikolaj.org\/wp-content\/uploads\/2020\/04\/17-2048x1415.jpg 2048w, https:\/\/swmikolaj.org\/wp-content\/uploads\/2020\/04\/17-676x467.jpg 676w\" sizes=\"(max-width: 1024px) 100vw, 1024px\" \/><\/a><\/figure>\n<\/figure>\n\n\n\n<hr class=\"wp-block-separator has-css-opacity\"\/>\n\n\n\n<p class=\"has-text-align-left\">Dzie\u0142em ewangelizacyjnym, kt\u00f3re realizuje neokatechumenat w parafii pw. Sw. Miko\u0142aja jest projekt Postcresima. Rozpocz\u0119li\u015bmy go we wrze\u015bniu 2019 roku i zwi\u0105zany jest z przygotowaniem m\u0142odych do Bierzmowania.  Duszpasterstwo kandydat\u00f3w do Bierzmowania i m\u0142odzie\u017cy po Bierzmowaniu polega na co pi\u0105tkowych spotkaniach w kilkuosobowych grupach. Prowadz\u0105 je wybrane ma\u0142\u017ce\u0144stwa z Drogi Neokatechumenalnej w ich domach.&nbsp;<\/p>\n\n\n\n<p class=\"has-text-align-left\"><\/p>\n\n\n\n<hr class=\"wp-block-separator has-css-opacity\"\/>\n\n\n\n<pre class=\"wp-block-verse\">Fotogalerie i odno\u015bniki do materia\u0142\u00f3w archiwalnych w przygotowaniu<\/pre>\n","protected":false},"excerpt":{"rendered":"<p>\u015awieccy odpowiedzialni z ramienia struktur Drogi Neokatechumenalnej: Janina i Roman Szpura (tel. 510964276) oraz El\u017cbieta i Piot Rietz Terminy spotka\u0144 Wtorek i \u015broda godz. 1900&nbsp;\u2013&nbsp; Liturgia S\u0142owaSobota godz. 1600&nbsp;i 1930&nbsp;\u2013 Eucharystia dla poszczeg\u00f3lnych wsp\u00f3lnot ( w okresie wakacyjnym sprawowana jest Eucharystia dla wszystkich wsp\u00f3lnot o 19:30 w dolnym ko\u015bciele) Droga Neokatechumenalna w Parafii \u015aw. Miko\u0142aja: [&hellip;]<\/p>\n","protected":false},"author":2,"featured_media":0,"parent":0,"menu_order":0,"comment_status":"closed","ping_status":"closed","template":"","meta":{"footnotes":""},"publishpress_future_action":{"enabled":false,"date":"1970-01-01 01:00:00","action":"","terms":[],"taxonomy":"","browser_timezone_offset":0},"_links":{"self":[{"href":"https:\/\/swmikolaj.org\/index.php\/wp-json\/wp\/v2\/pages\/53"}],"collection":[{"href":"https:\/\/swmikolaj.org\/index.php\/wp-json\/wp\/v2\/pages"}],"about":[{"href":"https:\/\/swmikolaj.org\/index.php\/wp-json\/wp\/v2\/types\/page"}],"author":[{"embeddable":true,"href":"https:\/\/swmikolaj.org\/index.php\/wp-json\/wp\/v2\/users\/2"}],"replies":[{"embeddable":true,"href":"https:\/\/swmikolaj.org\/index.php\/wp-json\/wp\/v2\/comments?post=53"}],"version-history":[{"count":54,"href":"https:\/\/swmikolaj.org\/index.php\/wp-json\/wp\/v2\/pages\/53\/revisions"}],"predecessor-version":[{"id":167142,"href":"https:\/\/swmikolaj.org\/index.php\/wp-json\/wp\/v2\/pages\/53\/revisions\/167142"}],"wp:attachment":[{"href":"https:\/\/swmikolaj.org\/index.php\/wp-json\/wp\/v2\/media?parent=53"}],"curies":[{"name":"wp","href":"https:\/\/api.w.org\/{rel}","templated":true}]}}