{"id":522,"date":"2020-03-09T21:43:34","date_gmt":"2020-03-09T21:43:34","guid":{"rendered":"http:\/\/nowa.swmikolaj.org\/?page_id=522"},"modified":"2025-09-09T09:01:15","modified_gmt":"2025-09-09T08:01:15","slug":"zycie-w-duchu-swietym","status":"publish","type":"page","link":"https:\/\/swmikolaj.org\/index.php\/zycie-w-duchu-swietym\/","title":{"rendered":"Rekolekcje &#8222;\u017bycie w Duchu \u015awi\u0119tym&#8221;"},"content":{"rendered":"\n<p>Rekolekcje prowadzone przez wsp\u00f3lnot\u0119 Dzieje 2, to przede wszystkim do\u015bwiadczenie nawr\u00f3cenia.<\/p>\n\n\n\n<p>S\u0105 one pierwszym krokiem do \u017cycia w mocy Ducha \u015awi\u0119tego, uzdalniaj\u0105cym uczestnik\u00f3w do odkrywania dzia\u0142ania Ducha Jezusa w ich codziennym \u017cyciu. Uczestnicy uzyskuj\u0105 pomoc, aby rozpocz\u0105\u0107 now\u0105 relacj\u0119 z Jezusem Chrystusem jako Panem ich \u017cycia.<\/p>\n\n\n\n<p>Podczas Ostatniej Wieczerzy (J14, 16-17) Jezus obieca\u0142 swym uczniom, \u017ce po\u015ble Parakleta, kt\u00f3ry b\u0119dzie zawsze z nimi. Obietnica Jezusa dotyczy r\u00f3wnie\u017c nas. Zosta\u0142a ona wype\u0142niona w dniu Pi\u0119\u0107dziesi\u0105tnicy, kiedy to Ko\u015bcio\u0142owi zosta\u0142 pos\u0142any Duch \u015awi\u0119ty (Dz2, 1-4).<\/p>\n\n\n\n<p>Wylanie Ducha \u015awi\u0119tego radykalnie zmieni\u0142o \u017cycie uczni\u00f3w. R\u00f3wnie\u017c i dzisiaj mo\u017ce zmieni\u0107 Twoje \u017cycie i odkry\u0107 osobist\u0105 relacj\u0119 z Jezusem jako Panem i Zbawicielem.<\/p>\n\n\n\n<p>Wszyscy otrzymali\u015bmy Ducha \u015awi\u0119tego w momencie Chrztu i Bierzmowania, lecz wi\u0119kszo\u015b\u0107 z nas nie by\u0142a \u015bwiadoma tego, \u017ce mo\u017cemy rzeczywi\u015bcie do\u015bwiadcza\u0107 obecno\u015bci i mocy Ducha \u015awi\u0119tego w naszym \u017cyciu, tak by\u015bmy pozwolili&nbsp; Mu dzia\u0142a\u0107 jak On sam chce.<\/p>\n\n\n\n<p>Te rekolekcje pomog\u0105 Ci to odkry\u0107.<\/p>\n\n\n\n<p>Wszystkie nauczania, dzielenia i modlitwy podczas rekolekcji pomog\u0105 w otwarciu serca na nawr\u00f3cenie i wiar\u0119, tak by pozwoli\u0107 si\u0119 prowadzi\u0107 Duchowi.<\/p>\n\n\n\n<p>Rekolekcje odbywaj\u0105 si\u0119 dwa razy w roku: zazwyczaj w styczniu i sierpniu. S\u0105 to rekolekcje weekendowe. Informacja o rekolekcjach jest umieszczana na stronie internetowej parafii.<\/p>\n\n\n\n<p>W ostatnim czasie takie  rekolekcje odby\u0142y si\u0119 w sierpniu 2025 r. <\/p>\n\n\n\n<p>Kontakt w sprawie rekolekcji:<\/p>\n\n\n\n<p>dzieje2@gmail.com<\/p>\n\n\n\n<p>telefon: Gra\u017cyna Will \u2013 728 338 680<\/p>\n","protected":false},"excerpt":{"rendered":"<p>Rekolekcje prowadzone przez wsp\u00f3lnot\u0119 Dzieje 2, to przede wszystkim do\u015bwiadczenie nawr\u00f3cenia. S\u0105 one pierwszym krokiem do \u017cycia w mocy Ducha \u015awi\u0119tego, uzdalniaj\u0105cym uczestnik\u00f3w do odkrywania dzia\u0142ania Ducha Jezusa w ich codziennym \u017cyciu. Uczestnicy uzyskuj\u0105 pomoc, aby rozpocz\u0105\u0107 now\u0105 relacj\u0119 z Jezusem Chrystusem jako Panem ich \u017cycia. Podczas Ostatniej Wieczerzy (J14, 16-17) Jezus obieca\u0142 swym uczniom, [&hellip;]<\/p>\n","protected":false},"author":3,"featured_media":0,"parent":0,"menu_order":0,"comment_status":"closed","ping_status":"closed","template":"","meta":{"footnotes":""},"publishpress_future_action":{"enabled":false,"date":"1970-01-01 01:00:00","action":"","terms":[],"taxonomy":"","browser_timezone_offset":0},"_links":{"self":[{"href":"https:\/\/swmikolaj.org\/index.php\/wp-json\/wp\/v2\/pages\/522"}],"collection":[{"href":"https:\/\/swmikolaj.org\/index.php\/wp-json\/wp\/v2\/pages"}],"about":[{"href":"https:\/\/swmikolaj.org\/index.php\/wp-json\/wp\/v2\/types\/page"}],"author":[{"embeddable":true,"href":"https:\/\/swmikolaj.org\/index.php\/wp-json\/wp\/v2\/users\/3"}],"replies":[{"embeddable":true,"href":"https:\/\/swmikolaj.org\/index.php\/wp-json\/wp\/v2\/comments?post=522"}],"version-history":[{"count":6,"href":"https:\/\/swmikolaj.org\/index.php\/wp-json\/wp\/v2\/pages\/522\/revisions"}],"predecessor-version":[{"id":166031,"href":"https:\/\/swmikolaj.org\/index.php\/wp-json\/wp\/v2\/pages\/522\/revisions\/166031"}],"wp:attachment":[{"href":"https:\/\/swmikolaj.org\/index.php\/wp-json\/wp\/v2\/media?parent=522"}],"curies":[{"name":"wp","href":"https:\/\/api.w.org\/{rel}","templated":true}]}}