{"id":517,"date":"2020-03-09T21:31:25","date_gmt":"2020-03-09T21:31:25","guid":{"rendered":"http:\/\/nowa.swmikolaj.org\/?page_id=517"},"modified":"2025-10-02T13:55:38","modified_gmt":"2025-10-02T12:55:38","slug":"rekolekcje-dla-muzykow","status":"publish","type":"page","link":"https:\/\/swmikolaj.org\/index.php\/rekolekcje-dla-muzykow\/","title":{"rendered":"Rekolekcje dla muzyk\u00f3w"},"content":{"rendered":"\n<figure class=\"wp-block-gallery has-nested-images columns-default wp-block-gallery-1 is-layout-flex wp-block-gallery-is-layout-flex\">\n<figure class=\"wp-block-image size-large\"><img decoding=\"async\" loading=\"lazy\" width=\"1024\" height=\"683\" data-id=\"3661\" src=\"https:\/\/swmikolaj.org\/wp-content\/uploads\/2020\/04\/Reko2-1024x683.jpg\" alt=\"\" class=\"wp-image-3661\" srcset=\"https:\/\/swmikolaj.org\/wp-content\/uploads\/2020\/04\/Reko2-1024x683.jpg 1024w, https:\/\/swmikolaj.org\/wp-content\/uploads\/2020\/04\/Reko2-300x200.jpg 300w, https:\/\/swmikolaj.org\/wp-content\/uploads\/2020\/04\/Reko2-768x512.jpg 768w, https:\/\/swmikolaj.org\/wp-content\/uploads\/2020\/04\/Reko2-1536x1024.jpg 1536w, https:\/\/swmikolaj.org\/wp-content\/uploads\/2020\/04\/Reko2-676x451.jpg 676w, https:\/\/swmikolaj.org\/wp-content\/uploads\/2020\/04\/Reko2.jpg 2048w\" sizes=\"(max-width: 1024px) 100vw, 1024px\" \/><\/figure>\n\n\n\n<figure class=\"wp-block-image size-large\"><img decoding=\"async\" loading=\"lazy\" width=\"960\" height=\"662\" data-id=\"3662\" src=\"https:\/\/swmikolaj.org\/wp-content\/uploads\/2020\/04\/Reko3.jpg\" alt=\"\" class=\"wp-image-3662\" srcset=\"https:\/\/swmikolaj.org\/wp-content\/uploads\/2020\/04\/Reko3.jpg 960w, https:\/\/swmikolaj.org\/wp-content\/uploads\/2020\/04\/Reko3-300x207.jpg 300w, https:\/\/swmikolaj.org\/wp-content\/uploads\/2020\/04\/Reko3-768x530.jpg 768w, https:\/\/swmikolaj.org\/wp-content\/uploads\/2020\/04\/Reko3-676x466.jpg 676w\" sizes=\"(max-width: 960px) 100vw, 960px\" \/><\/figure>\n\n\n\n<figure class=\"wp-block-image size-large\"><img decoding=\"async\" loading=\"lazy\" width=\"1024\" height=\"683\" data-id=\"3663\" src=\"https:\/\/swmikolaj.org\/wp-content\/uploads\/2020\/04\/Reko4-1024x683.jpg\" alt=\"\" class=\"wp-image-3663\" srcset=\"https:\/\/swmikolaj.org\/wp-content\/uploads\/2020\/04\/Reko4-1024x683.jpg 1024w, https:\/\/swmikolaj.org\/wp-content\/uploads\/2020\/04\/Reko4-300x200.jpg 300w, https:\/\/swmikolaj.org\/wp-content\/uploads\/2020\/04\/Reko4-768x512.jpg 768w, https:\/\/swmikolaj.org\/wp-content\/uploads\/2020\/04\/Reko4-1536x1024.jpg 1536w, https:\/\/swmikolaj.org\/wp-content\/uploads\/2020\/04\/Reko4-676x451.jpg 676w, https:\/\/swmikolaj.org\/wp-content\/uploads\/2020\/04\/Reko4.jpg 2048w\" sizes=\"(max-width: 1024px) 100vw, 1024px\" \/><\/figure>\n\n\n\n<figure class=\"wp-block-image size-large\"><img decoding=\"async\" loading=\"lazy\" width=\"1024\" height=\"683\" data-id=\"3664\" src=\"https:\/\/swmikolaj.org\/wp-content\/uploads\/2020\/04\/Reko5-1024x683.jpg\" alt=\"\" class=\"wp-image-3664\" srcset=\"https:\/\/swmikolaj.org\/wp-content\/uploads\/2020\/04\/Reko5-1024x683.jpg 1024w, https:\/\/swmikolaj.org\/wp-content\/uploads\/2020\/04\/Reko5-300x200.jpg 300w, https:\/\/swmikolaj.org\/wp-content\/uploads\/2020\/04\/Reko5-768x512.jpg 768w, https:\/\/swmikolaj.org\/wp-content\/uploads\/2020\/04\/Reko5-1536x1024.jpg 1536w, https:\/\/swmikolaj.org\/wp-content\/uploads\/2020\/04\/Reko5-676x451.jpg 676w, https:\/\/swmikolaj.org\/wp-content\/uploads\/2020\/04\/Reko5.jpg 2048w\" sizes=\"(max-width: 1024px) 100vw, 1024px\" \/><\/figure>\n\n\n\n<figure class=\"wp-block-image size-large\"><img decoding=\"async\" loading=\"lazy\" width=\"1024\" height=\"683\" data-id=\"3665\" src=\"https:\/\/swmikolaj.org\/wp-content\/uploads\/2020\/04\/Reko6-1024x683.jpg\" alt=\"\" class=\"wp-image-3665\" srcset=\"https:\/\/swmikolaj.org\/wp-content\/uploads\/2020\/04\/Reko6-1024x683.jpg 1024w, https:\/\/swmikolaj.org\/wp-content\/uploads\/2020\/04\/Reko6-300x200.jpg 300w, https:\/\/swmikolaj.org\/wp-content\/uploads\/2020\/04\/Reko6-768x512.jpg 768w, https:\/\/swmikolaj.org\/wp-content\/uploads\/2020\/04\/Reko6-1536x1024.jpg 1536w, https:\/\/swmikolaj.org\/wp-content\/uploads\/2020\/04\/Reko6-676x451.jpg 676w, https:\/\/swmikolaj.org\/wp-content\/uploads\/2020\/04\/Reko6.jpg 2048w\" sizes=\"(max-width: 1024px) 100vw, 1024px\" \/><\/figure>\n\n\n\n<figure class=\"wp-block-image size-large\"><img decoding=\"async\" loading=\"lazy\" width=\"1024\" height=\"683\" data-id=\"3666\" src=\"https:\/\/swmikolaj.org\/wp-content\/uploads\/2020\/04\/Reko7-1024x683.jpg\" alt=\"\" class=\"wp-image-3666\" srcset=\"https:\/\/swmikolaj.org\/wp-content\/uploads\/2020\/04\/Reko7-1024x683.jpg 1024w, https:\/\/swmikolaj.org\/wp-content\/uploads\/2020\/04\/Reko7-300x200.jpg 300w, https:\/\/swmikolaj.org\/wp-content\/uploads\/2020\/04\/Reko7-768x512.jpg 768w, https:\/\/swmikolaj.org\/wp-content\/uploads\/2020\/04\/Reko7-1536x1024.jpg 1536w, https:\/\/swmikolaj.org\/wp-content\/uploads\/2020\/04\/Reko7-676x451.jpg 676w, https:\/\/swmikolaj.org\/wp-content\/uploads\/2020\/04\/Reko7.jpg 2048w\" sizes=\"(max-width: 1024px) 100vw, 1024px\" \/><\/figure>\n\n\n\n<figure class=\"wp-block-image size-large\"><img decoding=\"async\" loading=\"lazy\" width=\"1024\" height=\"683\" data-id=\"3660\" src=\"https:\/\/swmikolaj.org\/wp-content\/uploads\/2020\/04\/Reko1-1024x683.jpg\" alt=\"\" class=\"wp-image-3660\" srcset=\"https:\/\/swmikolaj.org\/wp-content\/uploads\/2020\/04\/Reko1-1024x683.jpg 1024w, https:\/\/swmikolaj.org\/wp-content\/uploads\/2020\/04\/Reko1-300x200.jpg 300w, https:\/\/swmikolaj.org\/wp-content\/uploads\/2020\/04\/Reko1-768x512.jpg 768w, https:\/\/swmikolaj.org\/wp-content\/uploads\/2020\/04\/Reko1-1536x1024.jpg 1536w, https:\/\/swmikolaj.org\/wp-content\/uploads\/2020\/04\/Reko1-2048x1365.jpg 2048w, https:\/\/swmikolaj.org\/wp-content\/uploads\/2020\/04\/Reko1-676x451.jpg 676w\" sizes=\"(max-width: 1024px) 100vw, 1024px\" \/><\/figure>\n<\/figure>\n\n\n\n<figure class=\"wp-block-image size-full\"><img decoding=\"async\" loading=\"lazy\" width=\"960\" height=\"478\" src=\"https:\/\/swmikolaj.org\/wp-content\/uploads\/2024\/04\/436814137_844655411035253_5577345036867330722_n.jpg\" alt=\"\" class=\"wp-image-149710\" srcset=\"https:\/\/swmikolaj.org\/wp-content\/uploads\/2024\/04\/436814137_844655411035253_5577345036867330722_n.jpg 960w, https:\/\/swmikolaj.org\/wp-content\/uploads\/2024\/04\/436814137_844655411035253_5577345036867330722_n-300x149.jpg 300w, https:\/\/swmikolaj.org\/wp-content\/uploads\/2024\/04\/436814137_844655411035253_5577345036867330722_n-768x382.jpg 768w, https:\/\/swmikolaj.org\/wp-content\/uploads\/2024\/04\/436814137_844655411035253_5577345036867330722_n-676x337.jpg 676w\" sizes=\"(max-width: 960px) 100vw, 960px\" \/><\/figure>\n\n\n\n<h2 class=\"wp-block-heading has-small-font-size\"><strong>Uczestnicy 8 rekolekcji dla muzyk\u00f3w 12-14 kwietnia 2024 r. <\/strong><\/h2>\n\n\n\n<div style=\"height:28px\" aria-hidden=\"true\" class=\"wp-block-spacer\"><\/div>\n\n\n\n<p><strong>Rekolekcje dla muzyk\u00f3w<\/strong> to wydarzenie przygotowywane z my\u015bl\u0105 o muzykach, wokalistach, prowadz\u0105cych w\u0142asne schole, ch\u00f3ry i zespo\u0142y oraz wszystkich pos\u0142uguj\u0105cych muzycznie na Bo\u017c\u0105 chwa\u0142\u0119. To \u015bwietny czas na zatrzymanie si\u0119 i oddanie swojego talentu Temu, kt\u00f3ry nam go ofiarowa\u0142. To miejsce, w kt\u00f3rym mo\u017cna spotka\u0107 oko\u0142o 90 muzyk\u00f3w graj\u0105cych na Chwa\u0142\u0119 Bo\u017c\u0105. To mo\u017cliwo\u015b\u0107 regeneracji duchowych si\u0142 i motywacji lub mo\u017cliwo\u015b\u0107 nap\u0119dzenia si\u0119 w tym, co ju\u017c robisz. To czas zainspirowania si\u0119 muzycznie, jak i duchowo. Czas wsp\u00f3lnej modlitwy, warsztat\u00f3w, dzielenia si\u0119 do\u015bwiadczeniami, poszerzenia wiedzy.<\/p>\n\n\n\n<p>Za nami ju\u017c 8 edycji Rekolekcji, podczas kt\u00f3rych mieli\u015bmy przyjemno\u015b\u0107 go\u015bci\u0107 wspania\u0142ych muzyk\u00f3w m.in. <strong>Ma\u0142gorzat\u0119 Hutek, Agnieszk\u0119 Musia\u0142, Olg\u0119 Boczar, Jakuba Tomalaka, Fisheclectic, Kub\u0119 Kornackiego, ks. Piotra Daszkiewicza, Cezarego Paciorka<\/strong> oraz <strong>Paw\u0142a Wszo\u0142ka i Aleksandra Caspedesa<\/strong> . Duchowo w trakcie rekolekcji prowadzi nas ks. Jacek Socha.<\/p>\n\n\n\n<p>Najbli\u017csze rekolekcje odb\u0119d\u0105 si\u0119 na wiosn\u0119 2026 roku.<\/p>\n\n\n\n<p>Je\u015bli:<br><img decoding=\"async\" alt=\"\ud83d\udc49\" src=\"https:\/\/static.xx.fbcdn.net\/images\/emoji.php\/v9\/taa\/1.5\/16\/1f449.png\"> Jest Ci szczeg\u00f3lnie bliska muzyczna forma modlitwy?<br><img decoding=\"async\" alt=\"\ud83d\udc49\" src=\"https:\/\/static.xx.fbcdn.net\/images\/emoji.php\/v9\/taa\/1.5\/16\/1f449.png\"> Zale\u017cy Ci na tym, by nieustannie podnosi\u0107 i doskonali\u0107 poziom muzyki granej w Ko\u015bciele?<br><img decoding=\"async\" alt=\"\ud83d\udc49\" src=\"https:\/\/static.xx.fbcdn.net\/images\/emoji.php\/v9\/taa\/1.5\/16\/1f449.png\"> Posiadasz talent muzyczny, kt\u00f3ry chcesz rozwija\u0107?<br><img decoding=\"async\" alt=\"\ud83d\udc49\" src=\"https:\/\/static.xx.fbcdn.net\/images\/emoji.php\/v9\/taa\/1.5\/16\/1f449.png\"> Chcesz umacnia\u0107 ducha?<br><img decoding=\"async\" alt=\"\ud83d\udc49\" src=\"https:\/\/static.xx.fbcdn.net\/images\/emoji.php\/v9\/taa\/1.5\/16\/1f449.png\"> Aktywnie anga\u017cujesz si\u0119 lub chcia\u0142by\u015b anga\u017cowa\u0107 si\u0119 w animacj\u0119 muzyczn\u0105 r\u00f3\u017cnych przedsi\u0119wzi\u0119\u0107 chrze\u015bcija\u0144skich?<\/p>\n\n\n\n<p><\/p>\n\n\n\n<figure class=\"wp-block-embed is-type-video is-provider-youtube wp-block-embed-youtube wp-embed-aspect-16-9 wp-has-aspect-ratio\"><div class=\"wp-block-embed__wrapper\">\n<iframe loading=\"lazy\" title=\"08.03.2019 - Wywiad i fragmenty koncertu Musia\u0142 &amp; Hutek &amp; Boczar\" width=\"676\" height=\"380\" src=\"https:\/\/www.youtube.com\/embed\/-zLG_ZWWoKA?feature=oembed\" frameborder=\"0\" allow=\"accelerometer; autoplay; clipboard-write; encrypted-media; gyroscope; picture-in-picture; web-share\" referrerpolicy=\"strict-origin-when-cross-origin\" allowfullscreen><\/iframe>\n<\/div><figcaption class=\"wp-element-caption\">Wywiad &#8222;G\u0142osu Miko\u0142aja&#8221; z <strong>Katarzyn\u0105 Michalsk\u0105<\/strong> &#8211; organizatork\u0105 VII Rekolekcji dla Muzyk\u00f3w i koncertu Musia\u0142 &amp; Hutek &amp; Boczar, kt\u00f3ry odby\u0142 si\u0119 w gdy\u0144skim &#8222;Miko\u0142aju&#8221; 8 marca 2019 r. oraz prowadz\u0105c\u0105 te rekolekcje <strong>Ma\u0142gorzat\u0105 Hutek<\/strong>.<\/figcaption><\/figure>\n\n\n\n<p>Szczeg\u00f3\u0142owe informacje znajdziecie na:<br><a href=\"https:\/\/www.facebook.com\/tu.gdynia\/\" target=\"_blank\" rel=\"noreferrer noopener\">https:\/\/www.facebook.com\/tu.gdynia\/<\/a><br>http:<a href=\"https:\/\/l.facebook.com\/l.php?u=http%3A%2F%2Ftrojmiejskieuwielbienie.pl%2F%3Ffbclid%3DIwAR0IFxtNgx98fKH30dkM_lHK__AygY9C-zRqSKJ4h6ka4pytdG4lD6iJEiY&amp;h=AT35NC6Z5iZTMlfLscH3_7LO2aMtZxJhTRttz9S7cdWZi5_IwsMvV0hMpVFDMC2D6ifqe6ncz8DzGNRb-tYd-z1z920FDTWJk4osGn0bMtD6Auv5BXajcwJxNMsawJ9oxG4\" target=\"_blank\" rel=\"noreferrer noopener\">\/\/trojmiejskieuwielbienie.pl<\/a><\/p>\n\n\n\n<p><br><br>E-mail: kontakt@trojmiejskieuwielbienie.pl<\/p>\n","protected":false},"excerpt":{"rendered":"<p>Uczestnicy 8 rekolekcji dla muzyk\u00f3w 12-14 kwietnia 2024 r. Rekolekcje dla muzyk\u00f3w to wydarzenie przygotowywane z my\u015bl\u0105 o muzykach, wokalistach, prowadz\u0105cych w\u0142asne schole, ch\u00f3ry i zespo\u0142y oraz wszystkich pos\u0142uguj\u0105cych muzycznie na Bo\u017c\u0105 chwa\u0142\u0119. To \u015bwietny czas na zatrzymanie si\u0119 i oddanie swojego talentu Temu, kt\u00f3ry nam go ofiarowa\u0142. To miejsce, w kt\u00f3rym mo\u017cna spotka\u0107 oko\u0142o [&hellip;]<\/p>\n","protected":false},"author":3,"featured_media":0,"parent":0,"menu_order":0,"comment_status":"closed","ping_status":"closed","template":"","meta":{"footnotes":""},"publishpress_future_action":{"enabled":false,"date":"1970-01-01 01:00:00","action":"","terms":[],"taxonomy":"","browser_timezone_offset":0},"_links":{"self":[{"href":"https:\/\/swmikolaj.org\/index.php\/wp-json\/wp\/v2\/pages\/517"}],"collection":[{"href":"https:\/\/swmikolaj.org\/index.php\/wp-json\/wp\/v2\/pages"}],"about":[{"href":"https:\/\/swmikolaj.org\/index.php\/wp-json\/wp\/v2\/types\/page"}],"author":[{"embeddable":true,"href":"https:\/\/swmikolaj.org\/index.php\/wp-json\/wp\/v2\/users\/3"}],"replies":[{"embeddable":true,"href":"https:\/\/swmikolaj.org\/index.php\/wp-json\/wp\/v2\/comments?post=517"}],"version-history":[{"count":16,"href":"https:\/\/swmikolaj.org\/index.php\/wp-json\/wp\/v2\/pages\/517\/revisions"}],"predecessor-version":[{"id":166162,"href":"https:\/\/swmikolaj.org\/index.php\/wp-json\/wp\/v2\/pages\/517\/revisions\/166162"}],"wp:attachment":[{"href":"https:\/\/swmikolaj.org\/index.php\/wp-json\/wp\/v2\/media?parent=517"}],"curies":[{"name":"wp","href":"https:\/\/api.w.org\/{rel}","templated":true}]}}