{"id":503,"date":"2020-03-09T21:12:11","date_gmt":"2020-03-09T21:12:11","guid":{"rendered":"http:\/\/nowa.swmikolaj.org\/?page_id=503"},"modified":"2025-09-09T08:59:36","modified_gmt":"2025-09-09T07:59:36","slug":"503-2","status":"publish","type":"page","link":"https:\/\/swmikolaj.org\/index.php\/kursy\/503-2\/","title":{"rendered":"Katechezy Zwiastowania"},"content":{"rendered":"<div class=\"wp-block-image\">\n<figure class=\"aligncenter size-large\"><img decoding=\"async\" loading=\"lazy\" width=\"986\" height=\"1024\" src=\"https:\/\/swmikolaj.org\/wp-content\/uploads\/2020\/04\/neo-ikona-986x1024.jpg\" alt=\"\" class=\"wp-image-3527\" srcset=\"https:\/\/swmikolaj.org\/wp-content\/uploads\/2020\/04\/neo-ikona-986x1024.jpg 986w, https:\/\/swmikolaj.org\/wp-content\/uploads\/2020\/04\/neo-ikona-289x300.jpg 289w, https:\/\/swmikolaj.org\/wp-content\/uploads\/2020\/04\/neo-ikona-768x798.jpg 768w, https:\/\/swmikolaj.org\/wp-content\/uploads\/2020\/04\/neo-ikona-676x702.jpg 676w, https:\/\/swmikolaj.org\/wp-content\/uploads\/2020\/04\/neo-ikona.jpg 1311w\" sizes=\"(max-width: 986px) 100vw, 986px\" \/><figcaption class=\"wp-element-caption\">&#8222;Jezus Pantokrator&#8221; autorstwa Kiko Arguello -inicjatora Drogi Neokatechumenalnej<\/figcaption><\/figure><\/div>\n\n\n<p>Co roku w okresie Adwentu lub Wielkiego Postu  ekipa \u015bwieckich ze wsp\u00f3lnot Drogi Neokatechumenalnej parafii \u015bw. Miko\u0142aja w Gdyni-Chyloni wraz z ks. Proboszczem g\u0142osi &#8222;Katechezy Zwiastowania&#8221;.<\/p>\n\n\n\n<p>Katechezy skierowane s\u0105 do ka\u017cdego: m\u0142odzie\u017cy, ma\u0142\u017ce\u0144stw, os\u00f3b \u017cyj\u0105cych w zwi\u0105zkach niesakramentalnych, os\u00f3b samotnych, starszych, chc\u0105cych pog\u0142\u0119bi\u0107 swoja wiar\u0119, a tak\u017ce do os\u00f3b oddalonych, niewierz\u0105cych, b\u0119d\u0105cych w poczuciu bezsensu \u017cycia, w r\u00f3\u017cnych \u017cyciowych kryzysach, by mog\u0142y do\u015bwiadczy\u0107 mocy Kerygmatu tj. Dobrej Nowiny o Jezusie Chrystusie, kt\u00f3ry kocha grzesznik\u00f3w i okazuje ka\u017cdemu swoje mi\u0142osierdzie, by do\u015bwiadczy\u0107 mocy S\u0142owa Bo\u017cego, kt\u00f3re zbawia i czyni cz\u0142owieka szcz\u0119\u015bliwym, daj\u0105c nadziej\u0119 i perspektyw\u0119 \u017cycia wiecznego.<\/p>\n\n\n\n<p>Katechezy odbywaj\u0105 si\u0119 zwykle w poniedzia\u0142ki i czwartki o  godz.19:15 w dolnym ko\u015bciele po Mszy \u015awi\u0119tej wieczornej.<\/p>\n\n\n\n<p>Jest to cykl 15 spotka\u0144 zwie\u0144czonych weekendow\u0105 konwiwencj\u0105 (rekolekcjami).<\/p>\n\n\n\n<p>Szczeg\u00f3\u0142owe informacje:  Adam tel. 515707531 <\/p>\n\n\n\n<p>Wi\u0119cej informacji: zak\u0142adka <a href=\"http:\/\/swmikolaj.org\/index.php\/neokatechumenat\/\">Wsp\u00f3lnoty \/ Neokatechumenat<\/a><\/p>\n\n\n\n<p>  <\/p>\n","protected":false},"excerpt":{"rendered":"<p>Co roku w okresie Adwentu lub Wielkiego Postu ekipa \u015bwieckich ze wsp\u00f3lnot Drogi Neokatechumenalnej parafii \u015bw. Miko\u0142aja w Gdyni-Chyloni wraz z ks. Proboszczem g\u0142osi &#8222;Katechezy Zwiastowania&#8221;. Katechezy skierowane s\u0105 do ka\u017cdego: m\u0142odzie\u017cy, ma\u0142\u017ce\u0144stw, os\u00f3b \u017cyj\u0105cych w zwi\u0105zkach niesakramentalnych, os\u00f3b samotnych, starszych, chc\u0105cych pog\u0142\u0119bi\u0107 swoja wiar\u0119, a tak\u017ce do os\u00f3b oddalonych, niewierz\u0105cych, b\u0119d\u0105cych w poczuciu bezsensu [&hellip;]<\/p>\n","protected":false},"author":3,"featured_media":0,"parent":476,"menu_order":0,"comment_status":"closed","ping_status":"closed","template":"","meta":{"footnotes":""},"publishpress_future_action":{"enabled":false,"date":"1970-01-01 01:00:00","action":"","terms":[],"taxonomy":"","browser_timezone_offset":0},"_links":{"self":[{"href":"https:\/\/swmikolaj.org\/index.php\/wp-json\/wp\/v2\/pages\/503"}],"collection":[{"href":"https:\/\/swmikolaj.org\/index.php\/wp-json\/wp\/v2\/pages"}],"about":[{"href":"https:\/\/swmikolaj.org\/index.php\/wp-json\/wp\/v2\/types\/page"}],"author":[{"embeddable":true,"href":"https:\/\/swmikolaj.org\/index.php\/wp-json\/wp\/v2\/users\/3"}],"replies":[{"embeddable":true,"href":"https:\/\/swmikolaj.org\/index.php\/wp-json\/wp\/v2\/comments?post=503"}],"version-history":[{"count":21,"href":"https:\/\/swmikolaj.org\/index.php\/wp-json\/wp\/v2\/pages\/503\/revisions"}],"predecessor-version":[{"id":166030,"href":"https:\/\/swmikolaj.org\/index.php\/wp-json\/wp\/v2\/pages\/503\/revisions\/166030"}],"up":[{"embeddable":true,"href":"https:\/\/swmikolaj.org\/index.php\/wp-json\/wp\/v2\/pages\/476"}],"wp:attachment":[{"href":"https:\/\/swmikolaj.org\/index.php\/wp-json\/wp\/v2\/media?parent=503"}],"curies":[{"name":"wp","href":"https:\/\/api.w.org\/{rel}","templated":true}]}}