{"id":50,"date":"2020-03-04T20:45:20","date_gmt":"2020-03-04T18:45:20","guid":{"rendered":"http:\/\/nowa.swmikolaj.org\/?page_id=50"},"modified":"2026-01-03T03:39:07","modified_gmt":"2026-01-03T02:39:07","slug":"szafarze-komunii-swietej","status":"publish","type":"page","link":"https:\/\/swmikolaj.org\/index.php\/szafarze-komunii-swietej\/","title":{"rendered":"Szafarze Komunii \u015awi\u0119tej"},"content":{"rendered":"\n<p class=\"has-text-align-center has-larger-font-size\">Nadzwyczajni Szafarze Komunii \u015awi\u0119tej<\/p>\n\n\n\n<p>Aktualnie\u00a0 (rok 2026)  w parafii p.w. \u015aw. Miko\u0142aja w Gdyni pos\u0142uguje\u00a0<strong>21 szafarzy<\/strong>, kt\u00f3rzy regularnie zanosz\u0105 Komuni\u0119 \u015awi\u0119t\u0105 do chorych i pomagaj\u0105 w rozdawaniu Komunii \u015awi\u0119tej podczas Liturgii. Prawie wszyscy formuj\u0105 si\u0119 we wsp\u00f3lnotach, czy to  neokatechumenalnych, czy te\u017c  w Szkole Ewangelizacji Magnificat.<br><\/p>\n\n\n\n<p>Koordynatorem grupy jest  Marek Jaworski<br>Duszpasterzem: ks. Oskar Gramacki<\/p>\n\n\n\n<hr class=\"wp-block-separator has-css-opacity\"\/>\n\n\n\n<p>W 1993 roku zostali promowani na pierwszych Nadzwyczajnych Szafarzy Komunii \u015awi\u0119tej nastepuj\u0105cy parafianie:<br><br><br>Stanis\u0142aw Sk\u0142odowski<br>Norbert Bastian<br>\u015bp. Franciszek Sommer<br>Franciszek Kulaszewicz<br>&nbsp;\u015bp. Jan Hy\u017cy<\/p>\n\n\n<div class=\"wp-block-image\">\n<figure class=\"aligncenter\"><img decoding=\"async\" loading=\"lazy\" width=\"1024\" height=\"558\" src=\"http:\/\/swmikolaj.org\/wp-content\/uploads\/2020\/04\/szafarze2014-1024x558.jpg\" alt=\"\" class=\"wp-image-1778\" srcset=\"https:\/\/swmikolaj.org\/wp-content\/uploads\/2020\/04\/szafarze2014-1024x558.jpg 1024w, https:\/\/swmikolaj.org\/wp-content\/uploads\/2020\/04\/szafarze2014-300x164.jpg 300w, https:\/\/swmikolaj.org\/wp-content\/uploads\/2020\/04\/szafarze2014-768x419.jpg 768w, https:\/\/swmikolaj.org\/wp-content\/uploads\/2020\/04\/szafarze2014-676x369.jpg 676w, https:\/\/swmikolaj.org\/wp-content\/uploads\/2020\/04\/szafarze2014.jpg 1781w\" sizes=\"(max-width: 1024px) 100vw, 1024px\" \/><\/figure><\/div>","protected":false},"excerpt":{"rendered":"<p>Nadzwyczajni Szafarze Komunii \u015awi\u0119tej Aktualnie\u00a0 (rok 2026) w parafii p.w. \u015aw. Miko\u0142aja w Gdyni pos\u0142uguje\u00a021 szafarzy, kt\u00f3rzy regularnie zanosz\u0105 Komuni\u0119 \u015awi\u0119t\u0105 do chorych i pomagaj\u0105 w rozdawaniu Komunii \u015awi\u0119tej podczas Liturgii. Prawie wszyscy formuj\u0105 si\u0119 we wsp\u00f3lnotach, czy to neokatechumenalnych, czy te\u017c w Szkole Ewangelizacji Magnificat. Koordynatorem grupy jest Marek JaworskiDuszpasterzem: ks. Oskar Gramacki W [&hellip;]<\/p>\n","protected":false},"author":2,"featured_media":0,"parent":0,"menu_order":0,"comment_status":"closed","ping_status":"closed","template":"","meta":{"footnotes":""},"publishpress_future_action":{"enabled":false,"date":"1970-01-01 01:00:00","action":"","terms":[],"taxonomy":"","browser_timezone_offset":0},"_links":{"self":[{"href":"https:\/\/swmikolaj.org\/index.php\/wp-json\/wp\/v2\/pages\/50"}],"collection":[{"href":"https:\/\/swmikolaj.org\/index.php\/wp-json\/wp\/v2\/pages"}],"about":[{"href":"https:\/\/swmikolaj.org\/index.php\/wp-json\/wp\/v2\/types\/page"}],"author":[{"embeddable":true,"href":"https:\/\/swmikolaj.org\/index.php\/wp-json\/wp\/v2\/users\/2"}],"replies":[{"embeddable":true,"href":"https:\/\/swmikolaj.org\/index.php\/wp-json\/wp\/v2\/comments?post=50"}],"version-history":[{"count":15,"href":"https:\/\/swmikolaj.org\/index.php\/wp-json\/wp\/v2\/pages\/50\/revisions"}],"predecessor-version":[{"id":166821,"href":"https:\/\/swmikolaj.org\/index.php\/wp-json\/wp\/v2\/pages\/50\/revisions\/166821"}],"wp:attachment":[{"href":"https:\/\/swmikolaj.org\/index.php\/wp-json\/wp\/v2\/media?parent=50"}],"curies":[{"name":"wp","href":"https:\/\/api.w.org\/{rel}","templated":true}]}}