{"id":49,"date":"2020-03-04T20:45:20","date_gmt":"2020-03-04T20:45:20","guid":{"rendered":"http:\/\/nowa.swmikolaj.org\/?page_id=49"},"modified":"2025-10-09T06:01:32","modified_gmt":"2025-10-09T05:01:32","slug":"wspolnota-nowego-przymierza-dzieje-ii","status":"publish","type":"page","link":"https:\/\/swmikolaj.org\/index.php\/wspolnota-nowego-przymierza-dzieje-ii\/","title":{"rendered":"Wsp\u00f3lnota Nowego Przymierza &#8222;Dzieje II&#8221;"},"content":{"rendered":"\n<p><img decoding=\"async\" loading=\"lazy\" class=\"alignnone  wp-image-18756\" src=\"https:\/\/swmikolaj.org\/wp-content\/uploads\/2022\/07\/IMG_4740-1-300x225.jpg\" alt=\"\" width=\"700\" height=\"525\" srcset=\"https:\/\/swmikolaj.org\/wp-content\/uploads\/2022\/07\/IMG_4740-1-300x225.jpg 300w, https:\/\/swmikolaj.org\/wp-content\/uploads\/2022\/07\/IMG_4740-1-1024x768.jpg 1024w, https:\/\/swmikolaj.org\/wp-content\/uploads\/2022\/07\/IMG_4740-1-768x576.jpg 768w, https:\/\/swmikolaj.org\/wp-content\/uploads\/2022\/07\/IMG_4740-1-1536x1152.jpg 1536w, https:\/\/swmikolaj.org\/wp-content\/uploads\/2022\/07\/IMG_4740-1-2048x1536.jpg 2048w, https:\/\/swmikolaj.org\/wp-content\/uploads\/2022\/07\/IMG_4740-1-676x507.jpg 676w\" sizes=\"(max-width: 700px) 100vw, 700px\" \/><\/p>\n\n\n\n<p>Duszpasterz: ks. Zbigniew W\u0105drzyk<\/p>\n\n\n\n<p>Animatorka: Anna Pitala tel.  660519441<\/p>\n\n\n\n<p>&nbsp;Wsp\u00f3lnota Nowego Przymierza \u201eDzieje II\u201d to wsp\u00f3lnota ewangelizacyjna, kt\u00f3rej patronem jest \u015bw. Franciszek z Asy\u017cu . Jej nazwa pochodzi od drugiego rodzialu ksi\u0119gi Dziej\u00f3w Apostolskich.<\/p>\n\n\n\n<p>\u201eDzieje II: Nawr\u00f3cenie, G\u0142oszenie, Wsp\u00f3lnota\u201d to nie tylko nazwa wsp\u00f3lnoty, to r\u00f3wnie\u017c parafialny proces ewangelizacji.<\/p>\n\n\n\n<p>Naszym celem jest odnowa \u017cycia parafii g\u0142\u00f3wnie poprzez bezpo\u015bredni\u0105 ewangelizacj\u0119 mieszka\u0144c\u00f3w parafii.<\/p>\n\n\n\n<p>Parafia stopniowo przemieniana jest w ewangelizuj\u0105c\u0105 wsp\u00f3lnot\u0119 przez System Ma\u0142ych Grup Parafialnych \u2013 ma\u0142ych ewangelizuj\u0105cych wsp\u00f3lnot.<\/p>\n\n\n\n<p>&nbsp;Jeste\u015bmy po to, by&nbsp; pomaga\u0107 ludziom&nbsp; aby na nowo do\u015bwiadczali mocy Ducha \u015awi\u0119tego w swoim codziennym \u017cyciu poprzez doprowadzenie&nbsp; ich do poznana Jezusa&nbsp; w osobisty spos\u00f3b jako Pana i Zbawiciela. Jest to do\u015bwiadczenie pe\u0142ne mocy . Jest ono mo\u017cliwe przez proklamacj\u0119 Dobrej Nowiny o Jezusie Chrystusie.<\/p>\n\n\n\n<p>Nasza wsp\u00f3lnota jest zakorzeniona w S\u0142owie Bo\u017cym i szuka&nbsp; wype\u0142nienia S\u0142owa w codziennym \u017cyciu, b\u0119d\u0105c przez to wsp\u00f3lnot\u0105&nbsp; wzajemnej troski, dzielenia si\u0119 i wsparcia, podejmuj\u0105c\u0105 zobowi\u0105zania&nbsp; wobec Pana i wobec siebie nawzajem.<\/p>\n\n\n\n<p>&nbsp;<strong>Spotykamy si\u0119&nbsp; w&nbsp; dw\u00f3ch ma\u0142ych grupach&nbsp; w poniedzia\u0142ki&nbsp; (o godz.11.00) i czwartki (o&nbsp; godz. 18.30) w Domu Parafialnym&nbsp; w sali nr 12.<\/strong>&nbsp;Na spotkaniach ma\u0142ych grup wielbimy Pana pie\u015bni\u0105 i modlitw\u0105, rozwa\u017camy fragmenty&nbsp; Pisma \u015awi\u0119tego aby s\u0142ysze\u0107 to, co Jezus Chrystus m\u00f3wi do ka\u017cdego z nas osobi\u015bcie, modlimy si\u0119 wstawienniczo w potrzebach bli\u017anich, a tak\u017ce modlitw\u0105 o uzdrowienie. Spotkanie ko\u0144czy si\u0119 wsp\u00f3lnym, skromnym pocz\u0119stunkiem.<\/p>\n\n\n\n<p>W odpowiedzi na wezwanie&nbsp; Jana Paw\u0142a II&nbsp;&nbsp; do podj\u0119cia,&nbsp; przez cz\u0142onk\u00f3w Ko\u015bcio\u0142a Powszechnego,&nbsp;&nbsp; nowej ewangelizacji&nbsp; ka\u017cdy z nas mo\u017ce podj\u0105\u0107&nbsp; pr\u00f3b\u0119&nbsp; czynnego uczestniczenia&nbsp; w realizacji&nbsp; dzie\u0142a, do kt\u00f3rego wzywa nas&nbsp; r\u00f3wnie\u017c&nbsp; papie\u017c Franciszek.<\/p>\n\n\n\n<p>Ewangelizatorzy z &#8222;Dzieje II&#8221; aktualnie prowadza misje ewangelizacyjna podczas spotka\u0144 Zupy Chylo\u0144skiej oraz organizuj\u0105c rekolekcje \u017bycie w Duchu \u015awi\u0119tym <\/p>\n\n\n\n<p>Polub nas na Facebooku:&nbsp;<a href=\"http:\/\/www.facebook.com\/DziejeII\">www.facebook.com\/DziejeII<\/a><\/p>\n","protected":false},"excerpt":{"rendered":"<p>Duszpasterz: ks. Zbigniew W\u0105drzyk Animatorka: Anna Pitala tel. 660519441 &nbsp;Wsp\u00f3lnota Nowego Przymierza \u201eDzieje II\u201d to wsp\u00f3lnota ewangelizacyjna, kt\u00f3rej patronem jest \u015bw. Franciszek z Asy\u017cu . Jej nazwa pochodzi od drugiego rodzialu ksi\u0119gi Dziej\u00f3w Apostolskich. \u201eDzieje II: Nawr\u00f3cenie, G\u0142oszenie, Wsp\u00f3lnota\u201d to nie tylko nazwa wsp\u00f3lnoty, to r\u00f3wnie\u017c parafialny proces ewangelizacji. Naszym celem jest odnowa \u017cycia parafii [&hellip;]<\/p>\n","protected":false},"author":2,"featured_media":0,"parent":0,"menu_order":0,"comment_status":"closed","ping_status":"closed","template":"","meta":{"footnotes":""},"publishpress_future_action":{"enabled":false,"date":"1970-01-01 01:00:00","action":"","terms":[],"taxonomy":"","browser_timezone_offset":0},"_links":{"self":[{"href":"https:\/\/swmikolaj.org\/index.php\/wp-json\/wp\/v2\/pages\/49"}],"collection":[{"href":"https:\/\/swmikolaj.org\/index.php\/wp-json\/wp\/v2\/pages"}],"about":[{"href":"https:\/\/swmikolaj.org\/index.php\/wp-json\/wp\/v2\/types\/page"}],"author":[{"embeddable":true,"href":"https:\/\/swmikolaj.org\/index.php\/wp-json\/wp\/v2\/users\/2"}],"replies":[{"embeddable":true,"href":"https:\/\/swmikolaj.org\/index.php\/wp-json\/wp\/v2\/comments?post=49"}],"version-history":[{"count":9,"href":"https:\/\/swmikolaj.org\/index.php\/wp-json\/wp\/v2\/pages\/49\/revisions"}],"predecessor-version":[{"id":166221,"href":"https:\/\/swmikolaj.org\/index.php\/wp-json\/wp\/v2\/pages\/49\/revisions\/166221"}],"wp:attachment":[{"href":"https:\/\/swmikolaj.org\/index.php\/wp-json\/wp\/v2\/media?parent=49"}],"curies":[{"name":"wp","href":"https:\/\/api.w.org\/{rel}","templated":true}]}}