{"id":482,"date":"2020-03-09T19:50:16","date_gmt":"2020-03-09T19:50:16","guid":{"rendered":"http:\/\/nowa.swmikolaj.org\/?page_id=482"},"modified":"2026-03-26T15:58:04","modified_gmt":"2026-03-26T14:58:04","slug":"projekt-post-cresima","status":"publish","type":"page","link":"https:\/\/swmikolaj.org\/index.php\/projekt-post-cresima\/","title":{"rendered":"Projekt Postcresima"},"content":{"rendered":"\n<p>Sama nazwa \u201epostcresima\u201d pochodzi z j\u0119zyka w\u0142oskiego&nbsp; i t\u0142umaczy si\u0119 j\u0105 \u201epo Bierzmowaniu\u201d. Ta nowa forma duszpasterstwa powsta\u0142a we W\u0142oszech z my\u015bl\u0105 o m\u0142odzie\u017cy przygotowuj\u0105cej si\u0119 do Bierzmowania oraz tej, kt\u00f3ra ju\u017c ten sakrament przyj\u0119\u0142a. \u201ePostcresima\u201d by\u0142a odpowiedzi\u0105 na zjawisko masowego odchodzenia od Ko\u015bcio\u0142a tu\u017c po Bierzmowaniu.<\/p>\n\n\n\n<figure class=\"wp-block-embed is-type-video is-provider-youtube wp-block-embed-youtube wp-embed-aspect-16-9 wp-has-aspect-ratio\"><div class=\"wp-block-embed__wrapper\">\n<iframe loading=\"lazy\" title=\"Bierzmowanie inaczej  - ks  Grzegorz zaprasza\" width=\"676\" height=\"380\" src=\"https:\/\/www.youtube.com\/embed\/4u39hcMMUyg?feature=oembed\" frameborder=\"0\" allow=\"accelerometer; autoplay; clipboard-write; encrypted-media; gyroscope; picture-in-picture; web-share\" referrerpolicy=\"strict-origin-when-cross-origin\" allowfullscreen><\/iframe>\n<\/div><figcaption class=\"wp-element-caption\">Film jest zaproszeniem z  roku 2019 , <br> <\/figcaption><\/figure>\n\n\n\n<p>W Polsce projekt \u201ePostcresima\u201d realizowany jest od 2016 roku. W naszej parafii rozpocz\u0119li\u015bmy go we wrze\u015bniu 2019 roku. Duszpasterstwo kandydat\u00f3w do Bierzmowania i m\u0142odzie\u017cy po Bierzmowaniu polega na co pi\u0105tkowych spotkaniach w kilkuosobowych grupach. Prowadz\u0105 je wybrane ma\u0142\u017ce\u0144stwa z Drogi Neokatechumenalnej w ich domach. M\u0142odzie\u017cy i prowadz\u0105cym ma\u0142\u017ce\u0144stwom towarzyszy ksi\u0105dz. Raz w miesi\u0105cu wszyscy spotykaj\u0105 si\u0119 w dolnym ko\u015bciele na Liturgii S\u0142owa, podczas kt\u00f3rej mog\u0105 skorzysta\u0107 z Sakramentu Pokuty i Pojednania.<\/p>\n\n\n\n<p>Wa\u017cnym elementem jest pi\u0119ciodniowy ob\u00f3z letni, podczas kt\u00f3rego m\u0142odzi jeszcze bardziej intensywnie prze\u017cywaj\u0105 swoj\u0105 drog\u0119 ku dojrza\u0142o\u015bci w wierze.<\/p>\n\n\n\n<p>Do\u015bwiadczenie \u201ePostcresima\u201d obecne ju\u017c na wszystkich kontynentach pokazuje, \u017ce 70-80% m\u0142odych pragnie kontynuowa\u0107 formacj\u0119 w swoich grupkach r\u00f3wnie\u017c po przyj\u0119ciu sakramentu Bierzmowania. A relacje z prowadz\u0105cymi je ma\u0142\u017ce\u0144stwami, kt\u00f3re okre\u015bla si\u0119 mianem \u201echrzestnych\u201d, trwaj\u0105 nie raz przez wiele lat po zako\u0144czeniu kursu. Obecnie, w roku szkolnym 2025\/2026 formacj\u0119 \u201ePostcresima\u201d w naszej parafii prowadzi ks. Oskar Gramacki,  ks. Tomasz Makowski, ks. Zbigniew W\u0105drzyk i ks. Jacek Socha i 15  ma\u0142\u017ce\u0144stw. Uczestniczy w niej  blisko 120 m\u0142odych.<\/p>\n\n\n\n<p>Osoby do kontaktu: Malwina i Micha\u0142 Ko\u015bnikowie: tel. 501161639<\/p>\n\n\n\n<p><\/p>\n\n\n\n<figure class=\"wp-block-image size-full\"><img decoding=\"async\" loading=\"lazy\" width=\"1024\" height=\"1024\" src=\"https:\/\/swmikolaj.org\/wp-content\/uploads\/2026\/02\/Postcresima.jpeg\" alt=\"\" class=\"wp-image-167165\" srcset=\"https:\/\/swmikolaj.org\/wp-content\/uploads\/2026\/02\/Postcresima.jpeg 1024w, https:\/\/swmikolaj.org\/wp-content\/uploads\/2026\/02\/Postcresima-300x300.jpeg 300w, https:\/\/swmikolaj.org\/wp-content\/uploads\/2026\/02\/Postcresima-150x150.jpeg 150w, https:\/\/swmikolaj.org\/wp-content\/uploads\/2026\/02\/Postcresima-768x768.jpeg 768w, https:\/\/swmikolaj.org\/wp-content\/uploads\/2026\/02\/Postcresima-676x676.jpeg 676w\" sizes=\"(max-width: 1024px) 100vw, 1024px\" \/><\/figure>\n\n\n\n<p><\/p>\n\n\n\n<p><\/p>\n","protected":false},"excerpt":{"rendered":"<p>Sama nazwa \u201epostcresima\u201d pochodzi z j\u0119zyka w\u0142oskiego&nbsp; i t\u0142umaczy si\u0119 j\u0105 \u201epo Bierzmowaniu\u201d. Ta nowa forma duszpasterstwa powsta\u0142a we W\u0142oszech z my\u015bl\u0105 o m\u0142odzie\u017cy przygotowuj\u0105cej si\u0119 do Bierzmowania oraz tej, kt\u00f3ra ju\u017c ten sakrament przyj\u0119\u0142a. \u201ePostcresima\u201d by\u0142a odpowiedzi\u0105 na zjawisko masowego odchodzenia od Ko\u015bcio\u0142a tu\u017c po Bierzmowaniu. W Polsce projekt \u201ePostcresima\u201d realizowany jest od 2016 [&hellip;]<\/p>\n","protected":false},"author":6,"featured_media":0,"parent":0,"menu_order":0,"comment_status":"closed","ping_status":"closed","template":"","meta":{"footnotes":""},"publishpress_future_action":{"enabled":false,"date":"1970-01-01 01:00:00","action":"","terms":[],"taxonomy":"","browser_timezone_offset":0},"_links":{"self":[{"href":"https:\/\/swmikolaj.org\/index.php\/wp-json\/wp\/v2\/pages\/482"}],"collection":[{"href":"https:\/\/swmikolaj.org\/index.php\/wp-json\/wp\/v2\/pages"}],"about":[{"href":"https:\/\/swmikolaj.org\/index.php\/wp-json\/wp\/v2\/types\/page"}],"author":[{"embeddable":true,"href":"https:\/\/swmikolaj.org\/index.php\/wp-json\/wp\/v2\/users\/6"}],"replies":[{"embeddable":true,"href":"https:\/\/swmikolaj.org\/index.php\/wp-json\/wp\/v2\/comments?post=482"}],"version-history":[{"count":20,"href":"https:\/\/swmikolaj.org\/index.php\/wp-json\/wp\/v2\/pages\/482\/revisions"}],"predecessor-version":[{"id":167346,"href":"https:\/\/swmikolaj.org\/index.php\/wp-json\/wp\/v2\/pages\/482\/revisions\/167346"}],"wp:attachment":[{"href":"https:\/\/swmikolaj.org\/index.php\/wp-json\/wp\/v2\/media?parent=482"}],"curies":[{"name":"wp","href":"https:\/\/api.w.org\/{rel}","templated":true}]}}