{"id":479,"date":"2020-03-09T19:49:54","date_gmt":"2020-03-09T19:49:54","guid":{"rendered":"http:\/\/nowa.swmikolaj.org\/?page_id=479"},"modified":"2025-03-20T12:05:54","modified_gmt":"2025-03-20T11:05:54","slug":"kurs-nowe-zycie","status":"publish","type":"page","link":"https:\/\/swmikolaj.org\/index.php\/kurs-nowe-zycie\/","title":{"rendered":"Kurs Nowe \u017bycie"},"content":{"rendered":"\n<p>Kurs Nowe \u017bycie to\u00a0weekend\u00a0spotkania z\u00a0realnie\u00a0dzia\u0142aj\u0105cym Bogiem. <\/p>\n\n\n\n<p>Kurs jest cz\u0119\u015bci\u0105 programu mi\u0119dzynarodowej sieci Szk\u00f3\u0142 Ewangelizacji \u015awi\u0119tego Andrzeja. Zawiera odmienny w formie, \u017cywy i prosty przekaz Dobrej Nowiny skierowany do wsp\u00f3\u0142czesnego cz\u0142owieka. Adresowany jest zar\u00f3wno do os\u00f3b, kt\u00f3re chc\u0105 do\u015bwiadczy\u0107 mi\u0142o\u015bci Boga, jak i do tych, kt\u00f3re nie wierz\u0105, \u017ce jest to w og\u00f3le mo\u017cliwe.&nbsp;Mog\u0105 w nim uczestniczy\u0107 zar\u00f3wno ci, kt\u00f3rzy widz\u0105 bezsens, zniewolenie i grzech w swoim \u017cyciu, jak i ci, kt\u00f3rzy tego nie dostrzegaj\u0105.<\/p>\n\n\n\n<p>Kurs jest prowadzony w wi\u0119kszo\u015bci przez osoby \u015bwieckie &#8211; w r\u00f3\u017cnym wieku, kt\u00f3re wcze\u015bniej same do\u015bwiadczy\u0142y, \u017ce B\u00f3g jest obecny, realny i dzia\u0142a dzisiaj. Nie us\u0142yszysz na nim nudnych kaza\u0144, czy katechez wyg\u0142aszanych w oderwaniu od rzeczywisto\u015bci. Tak wi\u0119c pod pewnym wzgl\u0119dem ca\u0142y Kurs jest wielkim \u015bwiadectwem zwyk\u0142ych os\u00f3b, kt\u00f3re do\u015bwiadczy\u0142y mi\u0142o\u015bci Boga.<\/p>\n\n\n\n<p>Celem weekendu jest pomoc&nbsp;Tobie&nbsp;w odnalezieniu \u017cywego i zainteresowanego Tob\u0105 Boga.&nbsp; Do\u015bwiadczenie Jego mi\u0142o\u015bci jest najcenniejsze w \u017cyciu ka\u017cdego cz\u0142owieka, daje o\u017cywienie i umocnienie serca. Do\u015bwiadczaj\u0105c tego, \u017ce jeste\u015b kochany\/kochana przez Stw\u00f3rc\u0119 i \u017ce On jest Ojcem pe\u0142nym dobroci, zdob\u0119dziesz nowe si\u0142y do \u017cycia i dzielenia si\u0119 mi\u0142o\u015bci\u0105 z innymi.<\/p>\n\n\n\n<p>Kurs jest skierowany do wszystkich, kt\u00f3rzy uko\u0144czyli 18 lat.<\/p>\n\n\n\n<p>Najbli\u017cszy kurs odb\u0119dzie si\u0119  w naszym domu parafialnym  w styczniu 2026 roku w naszym domu parafialnym <\/p>\n","protected":false},"excerpt":{"rendered":"<p>Kurs Nowe \u017bycie to\u00a0weekend\u00a0spotkania z\u00a0realnie\u00a0dzia\u0142aj\u0105cym Bogiem. Kurs jest cz\u0119\u015bci\u0105 programu mi\u0119dzynarodowej sieci Szk\u00f3\u0142 Ewangelizacji \u015awi\u0119tego Andrzeja. Zawiera odmienny w formie, \u017cywy i prosty przekaz Dobrej Nowiny skierowany do wsp\u00f3\u0142czesnego cz\u0142owieka. Adresowany jest zar\u00f3wno do os\u00f3b, kt\u00f3re chc\u0105 do\u015bwiadczy\u0107 mi\u0142o\u015bci Boga, jak i do tych, kt\u00f3re nie wierz\u0105, \u017ce jest to w og\u00f3le mo\u017cliwe.&nbsp;Mog\u0105 w nim [&hellip;]<\/p>\n","protected":false},"author":6,"featured_media":0,"parent":0,"menu_order":0,"comment_status":"closed","ping_status":"closed","template":"","meta":{"footnotes":""},"publishpress_future_action":{"enabled":false,"date":"1970-01-01 01:00:00","action":"","terms":[],"taxonomy":"","browser_timezone_offset":0},"_links":{"self":[{"href":"https:\/\/swmikolaj.org\/index.php\/wp-json\/wp\/v2\/pages\/479"}],"collection":[{"href":"https:\/\/swmikolaj.org\/index.php\/wp-json\/wp\/v2\/pages"}],"about":[{"href":"https:\/\/swmikolaj.org\/index.php\/wp-json\/wp\/v2\/types\/page"}],"author":[{"embeddable":true,"href":"https:\/\/swmikolaj.org\/index.php\/wp-json\/wp\/v2\/users\/6"}],"replies":[{"embeddable":true,"href":"https:\/\/swmikolaj.org\/index.php\/wp-json\/wp\/v2\/comments?post=479"}],"version-history":[{"count":11,"href":"https:\/\/swmikolaj.org\/index.php\/wp-json\/wp\/v2\/pages\/479\/revisions"}],"predecessor-version":[{"id":164896,"href":"https:\/\/swmikolaj.org\/index.php\/wp-json\/wp\/v2\/pages\/479\/revisions\/164896"}],"wp:attachment":[{"href":"https:\/\/swmikolaj.org\/index.php\/wp-json\/wp\/v2\/media?parent=479"}],"curies":[{"name":"wp","href":"https:\/\/api.w.org\/{rel}","templated":true}]}}