{"id":46,"date":"2020-03-04T20:45:19","date_gmt":"2020-03-04T20:45:19","guid":{"rendered":"http:\/\/nowa.swmikolaj.org\/?page_id=46"},"modified":"2025-04-06T08:21:40","modified_gmt":"2025-04-06T07:21:40","slug":"czciciele-bozego-milosierdzia","status":"publish","type":"page","link":"https:\/\/swmikolaj.org\/index.php\/czciciele-bozego-milosierdzia\/","title":{"rendered":"Czciciele Bo\u017cego Mi\u0142osierdzia"},"content":{"rendered":"\n<p><strong>Terminy odmawiania Koronki do Mi\u0142osierdzia Bo\u017cego<\/strong><\/p>\n\n\n\n<h4 class=\"wp-block-heading\">Poniedzia\u0142ek &#8211; Sobota &#8211; godz. 15.00 (dolny ko\u015bci\u00f3\u0142)<\/h4>\n\n\n\n<h4 class=\"wp-block-heading\">Niedziela &#8211; godz. 9.30 ( g\u00f3rny kosci\u00f3\u0142)<\/h4>\n\n\n\n<p>Spotkania odbywaj\u0105 si\u0119 w drug\u0105 sobot\u0119 miesi\u0105ca w sali nr 8 po Koronce, czyli ok.  godz. 15:30.<\/p>\n\n\n\n<p>Duszpasterzem grupy jest ks. Oskar Gramacki<\/p>\n\n\n\n<p><strong>Celem<\/strong>&nbsp;wsp\u00f3lnoty Czcicieli Mi\u0142osierdzia Bo\u017cego jest wys\u0142awianie, g\u0142oszenie i wypraszanie Mi\u0142osierdzia Bo\u017cego dla siebie i swoich bliskich oraz ca\u0142ego \u015bwiata poprzez:<\/p>\n\n\n\n<ul>\n<li>Szerzenie kultu, czci i nabo\u017ce\u0144stwa do Mi\u0142osierdzia Bo\u017cego;<\/li>\n\n\n\n<li>Odmawianie modlitwy \u201eKoronki do Mi\u0142osierdzia Bo\u017cego\u201d;<\/li>\n\n\n\n<li>Propagowanie wizerunku Jezusa Mi\u0142osiernego;<\/li>\n\n\n\n<li>Pe\u0142nienie dzie\u0142 mi\u0142osierdzia, kt\u00f3rych przejawem s\u0105 pomoc biednym i potrzebuj\u0105cym;<\/li>\n\n\n\n<li>Trosk\u0119 i modlitw\u0119 o powo\u0142ania kap\u0142a\u0144skie i zakonne w szczeg\u00f3lno\u015bci do Zgromadzenia Si\u00f3str Jezusa Mi\u0142osiernego;<\/li>\n\n\n\n<li>Modlitewne wspieranie wsp\u00f3lnoty.<\/li>\n<\/ul>\n\n\n\n<p><strong>\u015arodki<\/strong>:<\/p>\n\n\n\n<ul>\n<li>Modlitwa\u00a0\u2013 \u201eKoronka\u201d, Godzina \u015awi\u0119ta, Nowenna, Msza \u015awi\u0119ta oraz Komunia \u015awi\u0119ta<\/li>\n\n\n\n<li>S\u0142owo&nbsp;\u2013 g\u0142osi\u0107 prawd\u0119 o Mi\u0142osierdziu Bo\u017cym<\/li>\n\n\n\n<li>Czyn&nbsp;\u2013 dostrzega\u0107 potrzebuj\u0105cych materialnie i duchowo, w miar\u0119 mo\u017cliwo\u015bci spieszy\u0107 im z w\u0142a\u015bciw\u0105 pomoc\u0105 we w\u0142asnym zakresie lub poprzez wsp\u00f3lnot\u0119<\/li>\n<\/ul>\n\n\n\n<p><strong>Zobowi\u0105zania<\/strong>:<\/p>\n\n\n\n<ul>\n<li>Stara\u0107 si\u0119 o szerzenie kultu Mi\u0142osierdzia Bo\u017cego<\/li>\n\n\n\n<li>Ufa\u0107 Mi\u0142osierdziu Bo\u017cemu<\/li>\n\n\n\n<li>G\u0142osi\u0107 na wszelki mo\u017cliwy spos\u00f3b Mi\u0142osierdzie Bo\u017ce<\/li>\n\n\n\n<li>Posiada\u0107 i czci\u0107 w swoim domu wizerunek Jezusa Mi\u0142osiernego<\/li>\n\n\n\n<li>Ka\u017cdego dnia spe\u0142nia\u0107 jeden dobry uczynek (czyn, s\u0142owo lub modlitw\u0119)<\/li>\n\n\n\n<li>Raz w miesi\u0105cu w miar\u0119 mo\u017cliwo\u015bci uczestniczy\u0107 w adoracji Jezusa Eucharystycznego<\/li>\n<\/ul>\n\n\n\n<p><strong>Uczynki Mi\u0142osierdzia<\/strong>:<\/p>\n\n\n\n<ol>\n<li>Upomina\u0107 grzesznych.<\/li>\n\n\n\n<li>Poucza\u0107 nieumiej\u0119tnych.<\/li>\n\n\n\n<li>Dobrze radzi\u0107 w\u0105tpi\u0105cym.<\/li>\n\n\n\n<li>Pociesza\u0107 strapionych.<\/li>\n\n\n\n<li>Cierpliwie znosi\u0107 krzywdy.<\/li>\n\n\n\n<li>Ch\u0119tnie darowa\u0107 urazy.<\/li>\n<\/ol>\n\n\n\n<h4 class=\"wp-block-heading\">AKT ZAWIERZENIA \u015aWIATA BO\u017bEMU MI\u0141OSIERDZIU<\/h4>\n\n\n<div class=\"wp-block-image\">\n<figure class=\"aligncenter\"><img decoding=\"async\" loading=\"lazy\" width=\"1024\" height=\"683\" src=\"http:\/\/swmikolaj.org\/wp-content\/uploads\/2020\/04\/Jezus_Mi\u0142osierny_w_Warszawie-1024x683.jpg\" alt=\"\" class=\"wp-image-1816\" srcset=\"https:\/\/swmikolaj.org\/wp-content\/uploads\/2020\/04\/Jezus_Mi\u0142osierny_w_Warszawie-1024x683.jpg 1024w, https:\/\/swmikolaj.org\/wp-content\/uploads\/2020\/04\/Jezus_Mi\u0142osierny_w_Warszawie-300x200.jpg 300w, https:\/\/swmikolaj.org\/wp-content\/uploads\/2020\/04\/Jezus_Mi\u0142osierny_w_Warszawie-768x512.jpg 768w, https:\/\/swmikolaj.org\/wp-content\/uploads\/2020\/04\/Jezus_Mi\u0142osierny_w_Warszawie-676x451.jpg 676w, https:\/\/swmikolaj.org\/wp-content\/uploads\/2020\/04\/Jezus_Mi\u0142osierny_w_Warszawie.jpg 1030w\" sizes=\"(max-width: 1024px) 100vw, 1024px\" \/><\/figure><\/div>\n\n\n<hr class=\"wp-block-separator has-css-opacity\"\/>\n\n\n\n<p class=\"has-text-align-center\">Bo\u017ce, Ojcze mi\u0142osierny,<br>kt\u00f3ry objawi\u0142e\u015b swoj\u0105 mi\u0142o\u015b\u0107<br>w Twoim Synu Jezusie Chrystusie,<br>i wyla\u0142e\u015b j\u0105 na nas w Duchu \u015awi\u0119tym, Pocieszycielu,<br>Tobie zawierzamy dzi\u015b losy \u015bwiata i ka\u017cdego cz\u0142owieka.<br>Pochyl si\u0119 nad nami grzesznymi,<br>ulecz nasz\u0105 s\u0142abo\u015b\u0107,<br>przezwyci\u0119\u017c wszelkie z\u0142o,<br>pozw\u00f3l wszystkim mieszka\u0144com ziemi<br>do\u015bwiadczy\u0107 Twojego mi\u0142osierdzia,<br>aby w Tobie, tr\u00f3jjedyny Bo\u017ce,<br>zawsze odnajdywali \u017ar\u00f3d\u0142o nadziei.<br>Ojcze przedwieczny,<br>dla bolesnej m\u0119ki i zmartwychwstania Twojego Syna,<br>miej mi\u0142osierdzie dla nas i ca\u0142ego \u015bwiata!<br>Amen.<br><br>Jan Pawe\u0142 II, Krak\u00f3w-\u0141agiewniki, 17.08.2002<\/p>\n","protected":false},"excerpt":{"rendered":"<p>Terminy odmawiania Koronki do Mi\u0142osierdzia Bo\u017cego Poniedzia\u0142ek &#8211; Sobota &#8211; godz. 15.00 (dolny ko\u015bci\u00f3\u0142) Niedziela &#8211; godz. 9.30 ( g\u00f3rny kosci\u00f3\u0142) Spotkania odbywaj\u0105 si\u0119 w drug\u0105 sobot\u0119 miesi\u0105ca w sali nr 8 po Koronce, czyli ok. godz. 15:30. Duszpasterzem grupy jest ks. Oskar Gramacki Celem&nbsp;wsp\u00f3lnoty Czcicieli Mi\u0142osierdzia Bo\u017cego jest wys\u0142awianie, g\u0142oszenie i wypraszanie Mi\u0142osierdzia Bo\u017cego [&hellip;]<\/p>\n","protected":false},"author":2,"featured_media":0,"parent":0,"menu_order":0,"comment_status":"closed","ping_status":"closed","template":"","meta":{"footnotes":""},"publishpress_future_action":{"enabled":false,"date":"1970-01-01 01:00:00","action":"","terms":[],"taxonomy":"","browser_timezone_offset":0},"_links":{"self":[{"href":"https:\/\/swmikolaj.org\/index.php\/wp-json\/wp\/v2\/pages\/46"}],"collection":[{"href":"https:\/\/swmikolaj.org\/index.php\/wp-json\/wp\/v2\/pages"}],"about":[{"href":"https:\/\/swmikolaj.org\/index.php\/wp-json\/wp\/v2\/types\/page"}],"author":[{"embeddable":true,"href":"https:\/\/swmikolaj.org\/index.php\/wp-json\/wp\/v2\/users\/2"}],"replies":[{"embeddable":true,"href":"https:\/\/swmikolaj.org\/index.php\/wp-json\/wp\/v2\/comments?post=46"}],"version-history":[{"count":6,"href":"https:\/\/swmikolaj.org\/index.php\/wp-json\/wp\/v2\/pages\/46\/revisions"}],"predecessor-version":[{"id":165003,"href":"https:\/\/swmikolaj.org\/index.php\/wp-json\/wp\/v2\/pages\/46\/revisions\/165003"}],"wp:attachment":[{"href":"https:\/\/swmikolaj.org\/index.php\/wp-json\/wp\/v2\/media?parent=46"}],"curies":[{"name":"wp","href":"https:\/\/api.w.org\/{rel}","templated":true}]}}