{"id":43,"date":"2020-03-04T20:45:19","date_gmt":"2020-03-04T20:45:19","guid":{"rendered":"http:\/\/nowa.swmikolaj.org\/?page_id=43"},"modified":"2022-09-08T07:14:25","modified_gmt":"2022-09-08T06:14:25","slug":"apostolat-maryjny","status":"publish","type":"page","link":"https:\/\/swmikolaj.org\/index.php\/apostolat-maryjny\/","title":{"rendered":"Apostolat Maryjny"},"content":{"rendered":"\n<h3 class=\"wp-block-heading\">Stowarzyszenie Cudownego Medalika<\/h3>\n\n\n\n<p><br><br> Apostolat Maryjny, czyli Stowarzyszenie Cudnownego Medalika gromadzi osoby pragn\u0105ce \u017cy\u0107 z Maryj\u0105 uciekaj\u0105c si\u0119 ci\u0105gle pod jej opiek\u0119. Misj\u0105 grupy jest propagowanie kultu maryjnego poprzez szerzenie przes\u0142ania, kt\u00f3re Naj\u015bwi\u0119tsza Maryja Panna przekaza\u0142a \u015bw. Katarzynie Laboure.<br> Grupa spotyka si\u0119 raz w miesi\u0105cu w sali nr 8, w domu parafialnym<br> najblisze spotkanie : ostatni wtorek miesi\u0105ca, godz. 16:30<\/p>\n\n\n\n<p>Animatorzy grupy: Marianna i Ryszard Pikul (tel. 501949890)<br> Duszpasterz: ks.  Zbigniew W\u0105drzyk<\/p>\n","protected":false},"excerpt":{"rendered":"<p>Stowarzyszenie Cudownego Medalika Apostolat Maryjny, czyli Stowarzyszenie Cudnownego Medalika gromadzi osoby pragn\u0105ce \u017cy\u0107 z Maryj\u0105 uciekaj\u0105c si\u0119 ci\u0105gle pod jej opiek\u0119. Misj\u0105 grupy jest propagowanie kultu maryjnego poprzez szerzenie przes\u0142ania, kt\u00f3re Naj\u015bwi\u0119tsza Maryja Panna przekaza\u0142a \u015bw. Katarzynie Laboure. Grupa spotyka si\u0119 raz w miesi\u0105cu w sali nr 8, w domu parafialnym najblisze spotkanie : ostatni [&hellip;]<\/p>\n","protected":false},"author":3,"featured_media":0,"parent":0,"menu_order":0,"comment_status":"closed","ping_status":"closed","template":"","meta":{"footnotes":""},"publishpress_future_action":{"enabled":false,"date":"1970-01-01 01:00:00","action":"","terms":[],"taxonomy":"","browser_timezone_offset":0},"_links":{"self":[{"href":"https:\/\/swmikolaj.org\/index.php\/wp-json\/wp\/v2\/pages\/43"}],"collection":[{"href":"https:\/\/swmikolaj.org\/index.php\/wp-json\/wp\/v2\/pages"}],"about":[{"href":"https:\/\/swmikolaj.org\/index.php\/wp-json\/wp\/v2\/types\/page"}],"author":[{"embeddable":true,"href":"https:\/\/swmikolaj.org\/index.php\/wp-json\/wp\/v2\/users\/3"}],"replies":[{"embeddable":true,"href":"https:\/\/swmikolaj.org\/index.php\/wp-json\/wp\/v2\/comments?post=43"}],"version-history":[{"count":2,"href":"https:\/\/swmikolaj.org\/index.php\/wp-json\/wp\/v2\/pages\/43\/revisions"}],"predecessor-version":[{"id":23785,"href":"https:\/\/swmikolaj.org\/index.php\/wp-json\/wp\/v2\/pages\/43\/revisions\/23785"}],"wp:attachment":[{"href":"https:\/\/swmikolaj.org\/index.php\/wp-json\/wp\/v2\/media?parent=43"}],"curies":[{"name":"wp","href":"https:\/\/api.w.org\/{rel}","templated":true}]}}