{"id":39,"date":"2020-03-04T20:38:58","date_gmt":"2020-03-04T20:38:58","guid":{"rendered":"http:\/\/nowa.swmikolaj.org\/?page_id=39"},"modified":"2024-12-10T21:35:20","modified_gmt":"2024-12-10T20:35:20","slug":"kontakt","status":"publish","type":"page","link":"https:\/\/swmikolaj.org\/index.php\/kontakt\/","title":{"rendered":"Kontakt"},"content":{"rendered":"\n<p>Parafia Rzymskokatolicka pw. \u015aw. Miko\u0142aja&#8217;<\/p>\n\n\n\n<p>ul. \u015bw. Miko\u0142aja 1<br>81-062 Gdynia<br>tel.: 58 663 44 14 (biuro)<\/p>\n\n\n\n<p>kontakt do ksi\u0119dza dy\u017curnego ( tylko w sprawach wezwa\u0144 do chorych i umieraj\u0105cych): tel. 516368194<\/p>\n\n\n\n<p><br>&nbsp;organista: p. Andrzej Ka\u0142dowski &#8211; tel. 606195684<\/p>\n\n\n\n<p><br><br>e-mail do biura parafialnego:\u00a0<a href=\"mailto:kancelaria@swmikolaj.org\">kancelaria@swmikolaj.org<\/a>\u00a0<\/p>\n\n\n\n<p>numer konta parafialnego: Bank Pekao&nbsp;<br>08 1240 5354 1111 0010 9124 3039 <\/p>\n","protected":false},"excerpt":{"rendered":"<p>Parafia Rzymskokatolicka pw. \u015aw. Miko\u0142aja&#8217; ul. \u015bw. Miko\u0142aja 181-062 Gdyniatel.: 58 663 44 14 (biuro) kontakt do ksi\u0119dza dy\u017curnego ( tylko w sprawach wezwa\u0144 do chorych i umieraj\u0105cych): tel. 516368194 &nbsp;organista: p. Andrzej Ka\u0142dowski &#8211; tel. 606195684 e-mail do biura parafialnego:\u00a0kancelaria@swmikolaj.org\u00a0 numer konta parafialnego: Bank Pekao&nbsp;08 1240 5354 1111 0010 9124 3039<\/p>\n","protected":false},"author":2,"featured_media":0,"parent":0,"menu_order":0,"comment_status":"closed","ping_status":"closed","template":"","meta":{"footnotes":""},"publishpress_future_action":{"enabled":false,"date":"1970-01-01 01:00:00","action":"","terms":[],"taxonomy":"","browser_timezone_offset":0},"_links":{"self":[{"href":"https:\/\/swmikolaj.org\/index.php\/wp-json\/wp\/v2\/pages\/39"}],"collection":[{"href":"https:\/\/swmikolaj.org\/index.php\/wp-json\/wp\/v2\/pages"}],"about":[{"href":"https:\/\/swmikolaj.org\/index.php\/wp-json\/wp\/v2\/types\/page"}],"author":[{"embeddable":true,"href":"https:\/\/swmikolaj.org\/index.php\/wp-json\/wp\/v2\/users\/2"}],"replies":[{"embeddable":true,"href":"https:\/\/swmikolaj.org\/index.php\/wp-json\/wp\/v2\/comments?post=39"}],"version-history":[{"count":7,"href":"https:\/\/swmikolaj.org\/index.php\/wp-json\/wp\/v2\/pages\/39\/revisions"}],"predecessor-version":[{"id":164196,"href":"https:\/\/swmikolaj.org\/index.php\/wp-json\/wp\/v2\/pages\/39\/revisions\/164196"}],"wp:attachment":[{"href":"https:\/\/swmikolaj.org\/index.php\/wp-json\/wp\/v2\/media?parent=39"}],"curies":[{"name":"wp","href":"https:\/\/api.w.org\/{rel}","templated":true}]}}