{"id":382,"date":"2020-03-05T19:27:38","date_gmt":"2020-03-05T18:27:38","guid":{"rendered":"http:\/\/nowa.swmikolaj.org\/?page_id=382"},"modified":"2022-07-15T10:16:02","modified_gmt":"2022-07-15T09:16:02","slug":"anonimowi-alkoholicy-horyzont","status":"publish","type":"page","link":"https:\/\/swmikolaj.org\/index.php\/anonimowi-alkoholicy-horyzont\/","title":{"rendered":"Anonimowi Alkoholicy &#8222;Horyzont&#8221; i &#8222;Uwierzyli\u015bmy&#8221;"},"content":{"rendered":"\n<ul><li>Grupa &#8222;Horyzont&#8221;  spotyka si\u0119 w ka\u017cdy poniedzia\u0142ek o 18.00 w sali nr 7, tzw.  agapowej domu parafialnego.<br><\/li><\/ul>\n\n\n\n<p class=\"has-accent-color has-text-color\">W ostatni poniedzia\u0142ek miesi\u0105ca odbywa si\u0119 miting otwarty,&nbsp; na kt\u00f3rym ka\u017cdy jest mile widziany.<\/p>\n\n\n\n<p class=\"has-text-align-left has-accent-color has-text-color\"> <\/p>\n\n\n\n<p class=\"has-accent-color has-text-color\"><br><\/p>\n\n\n\n<p style=\"text-align: justify;\">&nbsp; &nbsp; &nbsp; &nbsp; &nbsp;&nbsp;&nbsp;&nbsp;&nbsp;&nbsp;&nbsp;&nbsp;&nbsp;&nbsp; Grupa Anonimowych Alkoholik\u00f3w \u201eHoryzont\u201d zawi\u0105za\u0142a si\u0119 24 czerwca 1996 roku. Inicjatorami powstania grupy byli Ryszard i Janusz, cz\u0142onkowie pierwszej chylo\u0144skiej wsp\u00f3lnoty neokatechumenalnej w parafii \u015bw. Miko\u0142aja. W\u015br\u00f3d os\u00f3b, kt\u00f3re jako pierwsze do\u0142\u0105czy\u0142y do grupy, by\u0142 \u015b.p. Zbigniew, kt\u00f3ry da\u0142 nazw\u0119 grupie; p\u00f3\u017aniej wst\u0105pi\u0142 do neokatechumenatu. Nast\u0119pnie dotar\u0142 Marek, kt\u00f3ry by\u0142 filarem tej grupy przez prawie 19 lat. Obecnie r\u00f3wnie\u017c jest cz\u0142onkiem wsp\u00f3lnoty neokatechumenalnej. Do grupy AA &#8222;Horyzont&#8221; nale\u017c\u0105 osoby borykaj\u0105ce si\u0119 z chorob\u0105 alkoholow\u0105, kt\u00f3re pracuj\u0105 na programie XII krok\u00f3w. Jedynym warunkiem przynale\u017cno\u015bci do grupy jest ch\u0119\u0107 zaprzestania picia alkoholu. Nie ma \u017cadnych sk\u0142adek ani op\u0142at za cz\u0142onkostwo \u2013 wsp\u00f3lnota utrzymuje si\u0119 z w\u0142asnych, dobrowolnych datk\u00f3w. Do grupy nale\u017c\u0105 zar\u00f3wno kobiety, jak i m\u0119\u017cczy\u017ani. \u017bycie tych os\u00f3b zmienia si\u0119 radykalnie, gdy\u017c choroba alkoholowa jest problemem moralnym, a wewn\u0119trzna przemiana mo\u017ce doprowadzi\u0107 do zwyci\u0119stwa nad na\u0142ogiem. Zasady funkcjonowania grupy s\u0105 dok\u0142adnie opisane w XII Tradycjach AA, i zachowywanie tych Tradycji gwarantuje trwanie tych grup.<\/p>\n<p>&nbsp; &nbsp; &nbsp; &nbsp; &nbsp;&nbsp;<\/p>\n\n\n\n<p>\u00a0<\/p>\n\n\n\n<p>&nbsp;&nbsp;<\/p>\n","protected":false},"excerpt":{"rendered":"<p>Grupa &#8222;Horyzont&#8221; spotyka si\u0119 w ka\u017cdy poniedzia\u0142ek o 18.00 w sali nr 7, tzw. agapowej domu parafialnego. W ostatni poniedzia\u0142ek miesi\u0105ca odbywa si\u0119 miting otwarty,&nbsp; na kt\u00f3rym ka\u017cdy jest mile widziany. &nbsp; &nbsp; &nbsp; &nbsp; &nbsp;&nbsp;&nbsp;&nbsp;&nbsp;&nbsp;&nbsp;&nbsp;&nbsp;&nbsp; Grupa Anonimowych Alkoholik\u00f3w \u201eHoryzont\u201d zawi\u0105za\u0142a si\u0119 24 czerwca 1996 roku. Inicjatorami powstania grupy byli Ryszard i Janusz, cz\u0142onkowie pierwszej [&hellip;]<\/p>\n","protected":false},"author":2,"featured_media":0,"parent":0,"menu_order":0,"comment_status":"closed","ping_status":"closed","template":"","meta":{"footnotes":""},"publishpress_future_action":{"enabled":false,"date":"1970-01-01 01:00:00","action":"","terms":[],"taxonomy":"","browser_timezone_offset":0},"_links":{"self":[{"href":"https:\/\/swmikolaj.org\/index.php\/wp-json\/wp\/v2\/pages\/382"}],"collection":[{"href":"https:\/\/swmikolaj.org\/index.php\/wp-json\/wp\/v2\/pages"}],"about":[{"href":"https:\/\/swmikolaj.org\/index.php\/wp-json\/wp\/v2\/types\/page"}],"author":[{"embeddable":true,"href":"https:\/\/swmikolaj.org\/index.php\/wp-json\/wp\/v2\/users\/2"}],"replies":[{"embeddable":true,"href":"https:\/\/swmikolaj.org\/index.php\/wp-json\/wp\/v2\/comments?post=382"}],"version-history":[{"count":11,"href":"https:\/\/swmikolaj.org\/index.php\/wp-json\/wp\/v2\/pages\/382\/revisions"}],"predecessor-version":[{"id":21180,"href":"https:\/\/swmikolaj.org\/index.php\/wp-json\/wp\/v2\/pages\/382\/revisions\/21180"}],"wp:attachment":[{"href":"https:\/\/swmikolaj.org\/index.php\/wp-json\/wp\/v2\/media?parent=382"}],"curies":[{"name":"wp","href":"https:\/\/api.w.org\/{rel}","templated":true}]}}