{"id":379,"date":"2020-03-05T19:27:19","date_gmt":"2020-03-05T19:27:19","guid":{"rendered":"http:\/\/nowa.swmikolaj.org\/?page_id=379"},"modified":"2026-02-18T15:46:42","modified_gmt":"2026-02-18T14:46:42","slug":"grupa-wsparcia-rodzicow-dzieci-z-niepelnosprawnoscia","status":"publish","type":"page","link":"https:\/\/swmikolaj.org\/index.php\/grupa-wsparcia-rodzicow-dzieci-z-niepelnosprawnoscia\/","title":{"rendered":"Grupa Wsparcia Rodzic\u00f3w Dzieci z Niepe\u0142nosprawno\u015bciami &#8222;Akceptacja&#8221;"},"content":{"rendered":"\n<p><\/p>\n\n\n\n<p>Prowadz\u0105ca: Katarzyna Lipska<\/p>\n\n\n\n<p>Telefon: 729458619<\/p>\n\n\n\n<p>Spotkania odbywaj\u0105 si\u0119 w \u015brody od 10 do 13 w sali nr 9 w domu parafilnym. <\/p>\n\n\n\n<p> &#8222;Akceptacja&#8221; to kameralna grupa wsparcia dla mam dzieci z niepe\u0142nosprawno\u015bciami. Tworzymy, rozmawiamy, \u015bmiejemy si\u0119 i wzmacniamy nawzajem \u2013 w bezpiecznej, \u017cyczliwej przestrzeni pe\u0142nej zrozumienia. Zapraszamy do kontaktu.<\/p>\n\n\n\n<p>Grupa powsta\u0142a w czerwcu 2016 r.,  a jej pierwsz\u0105 animatork\u0105 i pomys\u0142odawczyni\u0105 by\u0142a  Justyna Zorn.   <\/p>\n","protected":false},"excerpt":{"rendered":"<p>Prowadz\u0105ca: Katarzyna Lipska Telefon: 729458619 Spotkania odbywaj\u0105 si\u0119 w \u015brody od 10 do 13 w sali nr 9 w domu parafilnym. &#8222;Akceptacja&#8221; to kameralna grupa wsparcia dla mam dzieci z niepe\u0142nosprawno\u015bciami. Tworzymy, rozmawiamy, \u015bmiejemy si\u0119 i wzmacniamy nawzajem \u2013 w bezpiecznej, \u017cyczliwej przestrzeni pe\u0142nej zrozumienia. Zapraszamy do kontaktu. Grupa powsta\u0142a w czerwcu 2016 r., a [&hellip;]<\/p>\n","protected":false},"author":2,"featured_media":0,"parent":0,"menu_order":0,"comment_status":"closed","ping_status":"closed","template":"","meta":{"footnotes":""},"publishpress_future_action":{"enabled":false,"date":"1970-01-01 01:00:00","action":"","terms":[],"taxonomy":"","browser_timezone_offset":0},"_links":{"self":[{"href":"https:\/\/swmikolaj.org\/index.php\/wp-json\/wp\/v2\/pages\/379"}],"collection":[{"href":"https:\/\/swmikolaj.org\/index.php\/wp-json\/wp\/v2\/pages"}],"about":[{"href":"https:\/\/swmikolaj.org\/index.php\/wp-json\/wp\/v2\/types\/page"}],"author":[{"embeddable":true,"href":"https:\/\/swmikolaj.org\/index.php\/wp-json\/wp\/v2\/users\/2"}],"replies":[{"embeddable":true,"href":"https:\/\/swmikolaj.org\/index.php\/wp-json\/wp\/v2\/comments?post=379"}],"version-history":[{"count":10,"href":"https:\/\/swmikolaj.org\/index.php\/wp-json\/wp\/v2\/pages\/379\/revisions"}],"predecessor-version":[{"id":167128,"href":"https:\/\/swmikolaj.org\/index.php\/wp-json\/wp\/v2\/pages\/379\/revisions\/167128"}],"wp:attachment":[{"href":"https:\/\/swmikolaj.org\/index.php\/wp-json\/wp\/v2\/media?parent=379"}],"curies":[{"name":"wp","href":"https:\/\/api.w.org\/{rel}","templated":true}]}}