{"id":3676,"date":"2020-04-16T11:53:07","date_gmt":"2020-04-16T11:53:07","guid":{"rendered":"http:\/\/nowa.swmikolaj.org\/?page_id=3676"},"modified":"2020-05-20T18:40:53","modified_gmt":"2020-05-20T16:40:53","slug":"polityka-prywatnosci-i-wykorzystania-plikow-cookies","status":"publish","type":"page","link":"https:\/\/swmikolaj.org\/index.php\/polityka-prywatnosci-i-wykorzystania-plikow-cookies\/","title":{"rendered":"Polityka prywatno\u015bci i wykorzystania plik\u00f3w cookies"},"content":{"rendered":"\n<p>Na stronach serwisu internetowego parafii \u015bw. Miko\u0142aja w Gdyni Chyloni nie&nbsp;zbieramy \u017cadnych danych osobowych dla nich samych ani w&nbsp;\u017caden spos\u00f3b nie&nbsp;profilujemy os\u00f3b odwiedzaj\u0105cych nasz\u0105 stron\u0119 parafialn\u0105 swmikolaj.org. Gromadzone informacje maj\u0105 charakter czysto informacyjny. Nasza strona internetowa wykorzystuje ciasteczka. Ciasteczka nie&nbsp;zawieraj\u0105 \u017cadnych danych osobowych. Wy\u015bwietlanie stron w&nbsp;przegl\u0105darce internetowej wi\u0105\u017ce si\u0119 z  zapisaniem informacji w&nbsp;logach naszego serwera takich jak:<\/p>\n\n\n\n<ul><li>publiczny adres IP komputera z&nbsp;kt\u00f3rego nadesz\u0142o zapytanie,<\/li><li>data i&nbsp;czas na&nbsp;serwerze w&nbsp;momencie nadej\u015bcia zapytania,<\/li><li>informacje o&nbsp;przegl\u0105darce internetowej i&nbsp;systemie operacyjnym z&nbsp;jakich korzysta u\u017cytkownik,<\/li><li>adres URL strony poprzednio odwiedzanej przez&nbsp;u\u017cytkownika (referer link) gdy&nbsp;przej\u015bcie na&nbsp;nasze strony nast\u0105pi\u0142o przez&nbsp;odno\u015bnik.<\/li><\/ul>\n\n\n\n<p>Nie&nbsp;podejmujemy \u017cadnych dzia\u0142a\u0144 maj\u0105cych na&nbsp;celu powi\u0105zanie tych danych z&nbsp;konkretnymi osobami, z&nbsp;wyj\u0105tkiem dzia\u0142a\u0144 niezgodnych z&nbsp;prawem (np.&nbsp;pr\u00f3ba w\u0142amania). Zbierane dane s\u0142u\u017c\u0105 wy\u0142\u0105cznie do&nbsp;cel\u00f3w statystycznych oraz&nbsp;do&nbsp;zapewnienia poprawno\u015bci dzia\u0142ania naszych stron. Logi te s\u0105 przechowywane przez&nbsp;czas nieokre\u015blony.<\/p>\n\n\n\n<p>Oprogramowanie s\u0142u\u017c\u0105ce do&nbsp;przegl\u0105dania stron internetowych (przegl\u0105darka internetowa) domy\u015blnie dopuszcza przechowywanie ciasteczek w&nbsp;urz\u0105dzeniu ko\u0144cowym u\u017cytkownika. U\u017cytkownicy mog\u0105 dokona\u0107 w&nbsp;dowolnym czasie zmiany ustawie\u0144 dotycz\u0105cych ciasteczek. Ustawienia te&nbsp;mog\u0105 zosta\u0107 zmienione w&nbsp;taki spos\u00f3b, aby&nbsp;blokowa\u0107 automatyczn\u0105 obs\u0142ug\u0119 ciasteczek b\u0105d\u017a informowa\u0107 o&nbsp;ich ka\u017cdorazowym zamieszczeniu w&nbsp;urz\u0105dzeniu u\u017cytkownika serwisu internetowego. Szczeg\u00f3\u0142owe informacje o&nbsp;mo\u017cliwo\u015bci i&nbsp;sposobach obs\u0142ugi ciasteczek dost\u0119pne s\u0105 w&nbsp;ustawieniach oprogramowania (przegl\u0105darki internetowej). Niedokonanie zmian w  ustawieniach przegl\u0105darki ukierunkowanych na blokad\u0119 ciasteczek oznacza, \u017ce&nbsp;b\u0119d\u0105 one&nbsp;zamieszczone w&nbsp;urz\u0105dzeniu ko\u0144cowym u\u017cytkownika, a&nbsp;tym samym b\u0119dziemy przechowywa\u0107 informacje w&nbsp;urz\u0105dzeniu ko\u0144cowym u\u017cytkownika i&nbsp;uzyskiwa\u0107 dost\u0119p do&nbsp;tych informacji.<\/p>\n\n\n\n<p>Wy\u0142\u0105czenie stosowania ciasteczek mo\u017ce spowodowa\u0107 utrudnienia korzystanie z&nbsp;niekt\u00f3rych us\u0142ug w&nbsp;ramach naszych serwis\u00f3w internetowych. Wy\u0142\u0105czenie opcji przyjmowania ciasteczek nie powoduje natomiast braku mo\u017cliwo\u015bci czytania lub&nbsp;ogl\u0105dania tre\u015bci zamieszczanych na naszych stronach.<\/p>\n\n\n\n<p>Ciasteczka zapisywane na urz\u0105dzeniu ko\u0144cowym u\u017cytkownika serwisu internetowego mog\u0119 by\u0107 wykorzystywane przez&nbsp;wsp\u00f3\u0142pracuj\u0105ce z&nbsp;serwisem firmy badawcze oraz&nbsp;dostawc\u00f3w aplikacji multimedialnych.<\/p>\n\n\n\n<p>Na&nbsp;niekt\u00f3rych stronach korzystamy osadzonych tre\u015bci z takich us\u0142ug jak YouTube, SoundCloud , oraz innych. Korzystanie z tak osadzonych materia\u0142\u00f3w (np. film\u00f3w) wi\u0105\u017ce si\u0119 to z zbieraniem  przez te serwisy pewnych informacji.<\/p>\n\n\n\n<h3 class=\"wp-block-heading\">Jak wy\u0142\u0105czy\u0107 ciasteczka w&nbsp;przegl\u0105darce ?<\/h3>\n\n\n\n<ul><li><a href=\"http:\/\/windows.microsoft.com\/pl-pl\/windows7\/block-enable-or-allow-cookies\" target=\"_blank\" rel=\"noreferrer noopener\">Przegl\u0105darka Internet Explorer<\/a><\/li><li><a href=\"http:\/\/support.mozilla.org\/pl\/kb\/W%C5%82%C4%85czanie%20i%20wy%C5%82%C4%85czanie%20obs%C5%82ugi%20ciasteczek\" target=\"_blank\" rel=\"noreferrer noopener\">Przegl\u0105darka Firefox<\/a><\/li><li><a href=\"http:\/\/support.google.com\/chrome\/bin\/answer.py?hl=pl&amp;answer=95647\" target=\"_blank\" rel=\"noreferrer noopener\">Przegl\u0105darka Chrome<\/a><\/li><li><a href=\"http:\/\/help.opera.com\/Windows\/12.10\/pl\/cookies.html\" target=\"_blank\" rel=\"noreferrer noopener\">Przegl\u0105darka Opera<\/a><\/li><li><a href=\"http:\/\/support.apple.com\/kb\/PH5042\" target=\"_blank\" rel=\"noreferrer noopener\">Przegl\u0105darka Safari<\/a><\/li><\/ul>\n\n\n\n<p>Zastrzegamy sobie prawo zmiany powy\u017cszej polityki prywatno\u015bci poprzez opublikowanie nowej polityki prywatno\u015bci na\u00a0tej\u00a0stronie.<\/p>\n","protected":false},"excerpt":{"rendered":"<p>Na stronach serwisu internetowego parafii \u015bw. Miko\u0142aja w Gdyni Chyloni nie&nbsp;zbieramy \u017cadnych danych osobowych dla nich samych ani w&nbsp;\u017caden spos\u00f3b nie&nbsp;profilujemy os\u00f3b odwiedzaj\u0105cych nasz\u0105 stron\u0119 parafialn\u0105 swmikolaj.org. Gromadzone informacje maj\u0105 charakter czysto informacyjny. Nasza strona internetowa wykorzystuje ciasteczka. Ciasteczka nie&nbsp;zawieraj\u0105 \u017cadnych danych osobowych. Wy\u015bwietlanie stron w&nbsp;przegl\u0105darce internetowej wi\u0105\u017ce si\u0119 z zapisaniem informacji w&nbsp;logach naszego serwera [&hellip;]<\/p>\n","protected":false},"author":2,"featured_media":0,"parent":0,"menu_order":0,"comment_status":"closed","ping_status":"closed","template":"","meta":{"footnotes":""},"publishpress_future_action":{"enabled":false,"date":"1970-01-01 01:00:00","action":"","terms":[],"taxonomy":"","browser_timezone_offset":0},"_links":{"self":[{"href":"https:\/\/swmikolaj.org\/index.php\/wp-json\/wp\/v2\/pages\/3676"}],"collection":[{"href":"https:\/\/swmikolaj.org\/index.php\/wp-json\/wp\/v2\/pages"}],"about":[{"href":"https:\/\/swmikolaj.org\/index.php\/wp-json\/wp\/v2\/types\/page"}],"author":[{"embeddable":true,"href":"https:\/\/swmikolaj.org\/index.php\/wp-json\/wp\/v2\/users\/2"}],"replies":[{"embeddable":true,"href":"https:\/\/swmikolaj.org\/index.php\/wp-json\/wp\/v2\/comments?post=3676"}],"version-history":[{"count":4,"href":"https:\/\/swmikolaj.org\/index.php\/wp-json\/wp\/v2\/pages\/3676\/revisions"}],"predecessor-version":[{"id":4395,"href":"https:\/\/swmikolaj.org\/index.php\/wp-json\/wp\/v2\/pages\/3676\/revisions\/4395"}],"wp:attachment":[{"href":"https:\/\/swmikolaj.org\/index.php\/wp-json\/wp\/v2\/media?parent=3676"}],"curies":[{"name":"wp","href":"https:\/\/api.w.org\/{rel}","templated":true}]}}