{"id":290,"date":"2020-03-04T21:27:22","date_gmt":"2020-03-04T21:27:22","guid":{"rendered":"http:\/\/nowa.swmikolaj.org\/?page_id=290"},"modified":"2020-04-02T14:22:07","modified_gmt":"2020-04-02T14:22:07","slug":"wydarzenia","status":"publish","type":"page","link":"https:\/\/swmikolaj.org\/index.php\/wydarzenia\/","title":{"rendered":"Wydarzenia"},"content":{"rendered":"\n<h3 class=\"wp-block-heading\">Uroczysta Msza \u015awi\u0119ta<\/h3>\n\n\n\n<figure class=\"wp-block-embed-youtube wp-block-embed is-type-video is-provider-youtube wp-embed-aspect-16-9 wp-has-aspect-ratio\"><div class=\"wp-block-embed__wrapper\">\n<iframe loading=\"lazy\" width=\"676\" height=\"380\" src=\"https:\/\/www.youtube.com\/embed\/_JZbRdF6jfE?feature=oembed\" frameborder=\"0\" allow=\"accelerometer; autoplay; encrypted-media; gyroscope; picture-in-picture\" allowfullscreen><\/iframe>\n<\/div><\/figure>\n\n\n\n<h3 class=\"wp-block-heading\">Zaproszenie na festyn &#8211; materia\u0142 archiwalny<\/h3>\n\n\n\n<figure class=\"wp-block-image\"><a href=\"blob:http:\/\/swmikolaj.org\/df9f8bcc-de88-4f61-a473-7ab4fb2728e2\"><img decoding=\"async\" loading=\"lazy\" width=\"748\" height=\"1024\" src=\"http:\/\/swmikolaj.org\/wp-content\/uploads\/2020\/04\/plakat_festyn2-748x1024.jpg\" alt=\"\" class=\"wp-image-2208\" srcset=\"https:\/\/swmikolaj.org\/wp-content\/uploads\/2020\/04\/plakat_festyn2-748x1024.jpg 748w, https:\/\/swmikolaj.org\/wp-content\/uploads\/2020\/04\/plakat_festyn2-219x300.jpg 219w, https:\/\/swmikolaj.org\/wp-content\/uploads\/2020\/04\/plakat_festyn2-768x1052.jpg 768w, https:\/\/swmikolaj.org\/wp-content\/uploads\/2020\/04\/plakat_festyn2-676x926.jpg 676w, https:\/\/swmikolaj.org\/wp-content\/uploads\/2020\/04\/plakat_festyn2.jpg 1460w\" sizes=\"(max-width: 748px) 100vw, 748px\" \/><\/a><\/figure>\n\n\n\n<h3 class=\"wp-block-heading\">Konkurs Fotograficzny<\/h3>\n\n\n\n<pre class=\"wp-block-preformatted\">W przygotowaniu<\/pre>\n","protected":false},"excerpt":{"rendered":"<p>Uroczysta Msza \u015awi\u0119ta Zaproszenie na festyn &#8211; materia\u0142 archiwalny Konkurs Fotograficzny W przygotowaniu<\/p>\n","protected":false},"author":6,"featured_media":0,"parent":0,"menu_order":0,"comment_status":"closed","ping_status":"closed","template":"","meta":{"footnotes":""},"publishpress_future_action":{"enabled":false,"date":"1970-01-01 01:00:00","action":"","terms":[],"taxonomy":"","browser_timezone_offset":0},"_links":{"self":[{"href":"https:\/\/swmikolaj.org\/index.php\/wp-json\/wp\/v2\/pages\/290"}],"collection":[{"href":"https:\/\/swmikolaj.org\/index.php\/wp-json\/wp\/v2\/pages"}],"about":[{"href":"https:\/\/swmikolaj.org\/index.php\/wp-json\/wp\/v2\/types\/page"}],"author":[{"embeddable":true,"href":"https:\/\/swmikolaj.org\/index.php\/wp-json\/wp\/v2\/users\/6"}],"replies":[{"embeddable":true,"href":"https:\/\/swmikolaj.org\/index.php\/wp-json\/wp\/v2\/comments?post=290"}],"version-history":[{"count":1,"href":"https:\/\/swmikolaj.org\/index.php\/wp-json\/wp\/v2\/pages\/290\/revisions"}],"predecessor-version":[{"id":2209,"href":"https:\/\/swmikolaj.org\/index.php\/wp-json\/wp\/v2\/pages\/290\/revisions\/2209"}],"wp:attachment":[{"href":"https:\/\/swmikolaj.org\/index.php\/wp-json\/wp\/v2\/media?parent=290"}],"curies":[{"name":"wp","href":"https:\/\/api.w.org\/{rel}","templated":true}]}}