{"id":287,"date":"2020-03-04T21:27:21","date_gmt":"2020-03-04T21:27:21","guid":{"rendered":"http:\/\/nowa.swmikolaj.org\/?page_id=287"},"modified":"2020-04-02T06:13:44","modified_gmt":"2020-04-02T06:13:44","slug":"pogrzeb-katolicki","status":"publish","type":"page","link":"https:\/\/swmikolaj.org\/index.php\/pogrzeb-katolicki\/","title":{"rendered":"Pogrzeb Katolicki"},"content":{"rendered":"\n<p>W przypadku pogrzebu nale\u017cy przedstawi\u0107:<\/p>\n\n\n\n<ol><li>Akt zgonu.<\/li><li>Dokument zawieraj\u0105cy pe\u0142ne dane osoby zmar\u0142ej.<\/li><li>Je\u017celi osoba zmar\u0142a mieszka\u0142a na terenie innej parafii &#8211; pisemn\u0105 zgod\u0119 na pogrzeb od ks. proboszcza parafii zamieszkania.<\/li><li>Je\u015bli pogrzeb ma si\u0119 odby\u0107 na Cmentarzu Leszczynki,  nale\u017cy przed\u0142o\u017cy\u0107 dokument potwierdzaj\u0105cy ostatni\u0105 op\u0142at\u0119 za miejsce cmentarne.<\/li><\/ol>\n","protected":false},"excerpt":{"rendered":"<p>W przypadku pogrzebu nale\u017cy przedstawi\u0107: Akt zgonu. Dokument zawieraj\u0105cy pe\u0142ne dane osoby zmar\u0142ej. Je\u017celi osoba zmar\u0142a mieszka\u0142a na terenie innej parafii &#8211; pisemn\u0105 zgod\u0119 na pogrzeb od ks. proboszcza parafii zamieszkania. Je\u015bli pogrzeb ma si\u0119 odby\u0107 na Cmentarzu Leszczynki, nale\u017cy przed\u0142o\u017cy\u0107 dokument potwierdzaj\u0105cy ostatni\u0105 op\u0142at\u0119 za miejsce cmentarne.<\/p>\n","protected":false},"author":2,"featured_media":0,"parent":0,"menu_order":0,"comment_status":"closed","ping_status":"closed","template":"","meta":{"footnotes":""},"publishpress_future_action":{"enabled":false,"date":"1970-01-01 01:00:00","action":"","terms":[],"taxonomy":"","browser_timezone_offset":0},"_links":{"self":[{"href":"https:\/\/swmikolaj.org\/index.php\/wp-json\/wp\/v2\/pages\/287"}],"collection":[{"href":"https:\/\/swmikolaj.org\/index.php\/wp-json\/wp\/v2\/pages"}],"about":[{"href":"https:\/\/swmikolaj.org\/index.php\/wp-json\/wp\/v2\/types\/page"}],"author":[{"embeddable":true,"href":"https:\/\/swmikolaj.org\/index.php\/wp-json\/wp\/v2\/users\/2"}],"replies":[{"embeddable":true,"href":"https:\/\/swmikolaj.org\/index.php\/wp-json\/wp\/v2\/comments?post=287"}],"version-history":[{"count":1,"href":"https:\/\/swmikolaj.org\/index.php\/wp-json\/wp\/v2\/pages\/287\/revisions"}],"predecessor-version":[{"id":1725,"href":"https:\/\/swmikolaj.org\/index.php\/wp-json\/wp\/v2\/pages\/287\/revisions\/1725"}],"wp:attachment":[{"href":"https:\/\/swmikolaj.org\/index.php\/wp-json\/wp\/v2\/media?parent=287"}],"curies":[{"name":"wp","href":"https:\/\/api.w.org\/{rel}","templated":true}]}}