{"id":254,"date":"2020-03-04T21:21:26","date_gmt":"2020-03-04T20:21:26","guid":{"rendered":"http:\/\/nowa.swmikolaj.org\/?page_id=254"},"modified":"2025-05-14T12:45:11","modified_gmt":"2025-05-14T11:45:11","slug":"glos-mikolaja","status":"publish","type":"page","link":"https:\/\/swmikolaj.org\/index.php\/glos-mikolaja\/","title":{"rendered":"Diakonia Medialna &#8222;G\u0142os Miko\u0142aja&#8221;"},"content":{"rendered":"\n\n\n<figure class=\"wp-block-image size-large\"><img decoding=\"async\" loading=\"lazy\" width=\"1024\" height=\"764\" src=\"https:\/\/swmikolaj.org\/wp-content\/uploads\/2025\/04\/received_1169219444668037-1024x764.jpeg\" alt=\"\" class=\"wp-image-164984\" srcset=\"https:\/\/swmikolaj.org\/wp-content\/uploads\/2025\/04\/received_1169219444668037-1024x764.jpeg 1024w, https:\/\/swmikolaj.org\/wp-content\/uploads\/2025\/04\/received_1169219444668037-300x224.jpeg 300w, https:\/\/swmikolaj.org\/wp-content\/uploads\/2025\/04\/received_1169219444668037-768x573.jpeg 768w, https:\/\/swmikolaj.org\/wp-content\/uploads\/2025\/04\/received_1169219444668037-676x505.jpeg 676w, https:\/\/swmikolaj.org\/wp-content\/uploads\/2025\/04\/received_1169219444668037.jpeg 1447w\" sizes=\"(max-width: 1024px) 100vw, 1024px\" \/><\/figure>\n\n\n\n\n\n<p class=\"has-text-align-center\"><strong>Sk\u0142ad<\/strong> <strong>diakonii:<\/strong><\/p>\n\n\n\n<p class=\"has-text-align-center has-accent-color has-text-color\"><br>Marta Biernacka (sekcja streamingowa, graficzna i foto-wideo),<br>Ma\u0142gorzata Brodecka (sekcja streamingowa),<br>Andrzej Ka\u0142dowski (organista, pomoc sekcji streamingowej),<br>Barbara Kawczy\u0144ska (sekcja redakcyjna),<br>Maciej \u0141uczkiewicz (sekcja graficzna, pomoc przy monta\u017cu),<br>Natalia Michalak (sekcja foto-wideo),<br>Iwona Murawska (sekcja graficzna i streamingowa)<br>Wojciech Preiss (g\u0142\u00f3wny administrator strony www, administrator Facebook, lider sekcji streamingowej),<br>Karol Rojek (sekcja streamingowa),<br>Pawe\u0142 S\u0142awi\u0144ski (sekcja streamingowa),<br>Rados\u0142aw Sobecki (sekcja redakcyjna, sekcja streamingowa)<br>ks. Jacek Socha (proboszcz, administrator strony www i Facebook, sekcja redakcyjna i foto-wideo),<br>ks. Zbigniew W\u0105drzyk (sekcja foto-wideo: wideorelacje, operator drona),<br>Joanna Wenta (kancelaria parafialna, administrator strony www),<br>Tomasz i Karol Zalewscy (sekcja streamingowa),<br>Sylwia Zaradna (sekcja redakcyjna),<br>Aleksandra Zieli\u0144ska (administrator g\u0142\u00f3wny Facebook, sekcja foto-wideo, redakcyjna i graficzna).<\/p>\n\n\n\n<p>&#8222;G\u0142os Miko\u0142aja&#8221; powsta\u0142 w wyniku przekszta\u0142cenia redakcji czasopisma parafialnego <a href=\"http:\/\/swmikolaj.org\/index.php\/mikolaj\/\">\u201eMiko\u0142aj\u201d<\/a> w diakoni\u0119 medialn\u0105. W 2018 r. ksi\u0105dz proboszcz Jacek Socha powo\u0142a\u0142 grup\u0119, kt\u00f3ra zajmuje si\u0119 g\u0142\u00f3wnie produkcj\u0105 film\u00f3w prezentuj\u0105cych \u017cycie parafii oraz transmisjami mszy \u015bwi\u0119tych w Internecie.<\/p>\n\n\n\n<p>&#8222;G\u0142os Miko\u0142aja&#8221; prowadzi:<\/p>\n\n\n\n<ol>\n<li> w\u0142asny <a href=\"https:\/\/www.youtube.com\/channel\/UCloW1cN6eAZE3EK5IwhjUGQ\/playlists\">kana\u0142 na Youtube<\/a>, na kt\u00f3rym transmituje niedzielne i \u015bwi\u0105teczne msze \u015bwi\u0119te,   <\/li>\n\n\n\n<li>parafialny <a href=\"https:\/\/www.facebook.com\/swbpmikolaj\/\">fanpage na Facebooku<\/a>, <\/li>\n\n\n\n<li>parafialny <a href=\"https:\/\/www.tiktok.com\/@glos_mikolaja?is_from_webapp=1&amp;sender_device=pc\">profil na TikToku<\/a> <\/li>\n\n\n\n<li>administruje oficjaln\u0105 <a href=\"https:\/\/swmikolaj.org\/\">stron\u0105 www<\/a>.<\/li>\n<\/ol>\n\n\n\n<p>Papie\u017c Franciszek nazwa\u0142 Internet \u201e\u00f3smym kontynentem\u201d, czyli miejscem spotkania z drugim cz\u0142owiekiem, a wi\u0119c r\u00f3wnie\u017c na tym \u201ekontynencie\u201d nie mo\u017ce zabrakn\u0105\u0107 chrze\u015bcijan i ich ewangelicznej \u201esoli\u201d. Diakonia pragnie by\u0107 tak\u0105 \u201esol\u0105&#8221;. Przy\u015bwieca jej idea s\u0142u\u017cby na rzecz lokalnego ko\u015bcio\u0142a. Nasze filmowe i zdj\u0119ciowe relacje maj\u0105 wychodzi\u0107 naprzeciw duchowym potrzebom parafian i wszystkich tych, kt\u00f3rzy pragn\u0105 do\u015bwiadczy\u0107 autentycznie \u017cywego Ko\u015bcio\u0142a.<\/p>\n\n\n\n<p><br>&#8222;G\u0142os Miko\u0142aja&#8221; zaprasza do kontaktu wszystkich zainteresowanych wsp\u00f3\u0142prac\u0105.<\/p>\n\n\n\n<p class=\"has-text-align-center\"><strong>email: glosmikolaja1@gmail.com<\/strong><\/p>\n\n\n\n<hr class=\"wp-block-separator has-css-opacity\"\/>\n\n\n\n<p><strong>Raporty z naszych spotka\u0144 <\/strong>&#8211; <a href=\"http:\/\/swmikolaj.org\/index.php\/2019\/08\/26\/glosmikolaja-spotkanie\/\">2019<\/a>  &#8211;  <a href=\"https:\/\/swmikolaj.org\/index.php\/2020\/06\/15\/wkraczamy-w-nowy-etap\/\">2020<\/a>  &#8211;  <a href=\"https:\/\/swmikolaj.org\/index.php\/2021\/06\/20\/spotkanie-diakonii-medialnej-glos-mikolaja\/\">2021<\/a><\/p>\n\n\n\n\n\n<figure class=\"wp-block-embed is-type-video is-provider-youtube wp-block-embed-youtube wp-embed-aspect-16-9 wp-has-aspect-ratio\"><div class=\"wp-block-embed__wrapper\">\n<iframe loading=\"lazy\" title=\"Diakonia Medialna G\u0142os Mikolaja #gdynskimikolaj\" width=\"676\" height=\"380\" src=\"https:\/\/www.youtube.com\/embed\/T809z5DBIjA?feature=oembed\" frameborder=\"0\" allow=\"accelerometer; autoplay; clipboard-write; encrypted-media; gyroscope; picture-in-picture; web-share\" referrerpolicy=\"strict-origin-when-cross-origin\" allowfullscreen><\/iframe>\n<\/div><\/figure>\n","protected":false},"excerpt":{"rendered":"<p>Sk\u0142ad diakonii: Marta Biernacka (sekcja streamingowa, graficzna i foto-wideo),Ma\u0142gorzata Brodecka (sekcja streamingowa),Andrzej Ka\u0142dowski (organista, pomoc sekcji streamingowej),Barbara Kawczy\u0144ska (sekcja redakcyjna),Maciej \u0141uczkiewicz (sekcja graficzna, pomoc przy monta\u017cu),Natalia Michalak (sekcja foto-wideo),Iwona Murawska (sekcja graficzna i streamingowa)Wojciech Preiss (g\u0142\u00f3wny administrator strony www, administrator Facebook, lider sekcji streamingowej),Karol Rojek (sekcja streamingowa),Pawe\u0142 S\u0142awi\u0144ski (sekcja streamingowa),Rados\u0142aw Sobecki (sekcja redakcyjna, sekcja streamingowa)ks. [&hellip;]<\/p>\n","protected":false},"author":3,"featured_media":0,"parent":0,"menu_order":0,"comment_status":"closed","ping_status":"closed","template":"","meta":{"footnotes":""},"publishpress_future_action":{"enabled":false,"date":"1970-01-01 01:00:00","action":"","terms":[],"taxonomy":"","browser_timezone_offset":0},"_links":{"self":[{"href":"https:\/\/swmikolaj.org\/index.php\/wp-json\/wp\/v2\/pages\/254"}],"collection":[{"href":"https:\/\/swmikolaj.org\/index.php\/wp-json\/wp\/v2\/pages"}],"about":[{"href":"https:\/\/swmikolaj.org\/index.php\/wp-json\/wp\/v2\/types\/page"}],"author":[{"embeddable":true,"href":"https:\/\/swmikolaj.org\/index.php\/wp-json\/wp\/v2\/users\/3"}],"replies":[{"embeddable":true,"href":"https:\/\/swmikolaj.org\/index.php\/wp-json\/wp\/v2\/comments?post=254"}],"version-history":[{"count":93,"href":"https:\/\/swmikolaj.org\/index.php\/wp-json\/wp\/v2\/pages\/254\/revisions"}],"predecessor-version":[{"id":165219,"href":"https:\/\/swmikolaj.org\/index.php\/wp-json\/wp\/v2\/pages\/254\/revisions\/165219"}],"wp:attachment":[{"href":"https:\/\/swmikolaj.org\/index.php\/wp-json\/wp\/v2\/media?parent=254"}],"curies":[{"name":"wp","href":"https:\/\/api.w.org\/{rel}","templated":true}]}}