{"id":252,"date":"2020-03-04T21:21:26","date_gmt":"2020-03-04T21:21:26","guid":{"rendered":"http:\/\/nowa.swmikolaj.org\/?page_id=252"},"modified":"2020-04-02T06:14:29","modified_gmt":"2020-04-02T06:14:29","slug":"troche-historii","status":"publish","type":"page","link":"https:\/\/swmikolaj.org\/index.php\/troche-historii\/","title":{"rendered":"Troch\u0119 historii"},"content":{"rendered":"\n<h3 class=\"wp-block-heading\">Powstanie ko\u015bcio\u0142a pw. \u015aw. Miko\u0142aja w Gdyni-Chyloni.<\/h3>\n\n\n\n<p>Pierwszy drewniany ko\u015bci\u00f3\u0142,&nbsp; na miejscu obecnie stoj\u0105cego,&nbsp; zosta\u0142 wzniesiony oko\u0142o roku&nbsp;<strong>1352<\/strong>&nbsp;i by\u0142a to fundacja Archidiakona Pomorskiego. W ko\u015bciele dora\u017anie odprawia\u0142 nabo\u017ce\u0144stwa proboszcz oksywski, gdy\u017c by\u0142a to filia oksywskiej parafii. W wiekach&nbsp;<strong>XVI-XVII<\/strong>&nbsp;ko\u015bci\u00f3\u0142 chylo\u0144ski s\u0142u\u017cy\u0142 protestantom, gdy\u017c Chylonia wraz z Cisow\u0105 by\u0142y wtedy w posiadaniu gda\u0144skiej rodziny Cyrenberg\u00f3w,&nbsp; wyznania protestanckiego. Kiedy Chylonia ponownie przesz\u0142a w polskie r\u0119ce i sta\u0142a si\u0119 posiad\u0142o\u015bci\u0105 Sobieskich,&nbsp; kr\u00f3l Jan zleci\u0142 przywr\u00f3cenie ko\u015bcio\u0142owi jego pierwotnego przeznaczenia. Ko\u015bci\u00f3\u0142 sta\u0142 si\u0119 ponownie fili\u0105 parafii oksywskiej.<br><br>W roku&nbsp;<strong>1887<\/strong>&nbsp;zosta\u0142 wzniesiony ko\u015bci\u00f3\u0142 murowany na podmur\u00f3wce kamiennej w stylu neogotyckim, kt\u00f3rego prezbiterium jest pozosta\u0142o\u015bci\u0105 ko\u015bcio\u0142a z&nbsp;<strong>XIV<\/strong>&nbsp;wieku. Samodzielna parafia w Chyloni pw. \u015aw. Miko\u0142aja zosta\u0142a utworzona w&nbsp;<strong>1915<\/strong>&nbsp;roku.<br><br>Dla szybko rozwijaj\u0105cej si\u0119 po II Wojnie \u015awiatowej dzielnicy mieszkaniowej, pi\u0119kny ale ma\u0142y ko\u015bci\u00f3\u0142 sta\u0142 si\u0119 za ciasny. W roku&nbsp;<strong>1981<\/strong>&nbsp;staraniem proboszcza ks. Wojciecha Zieli\u0144skiego rozpocz\u0119to dobudow\u0119 nawy bocznej,&nbsp; usytuowanej prostopadle do prezbiterium. By\u0142y to czasy niekorzystne dla jakichkolwiek dzia\u0142a\u0144 Ko\u015bcio\u0142a i&nbsp; rozbudowa nie zosta\u0142a uko\u0144czona. Ponowne starania o rozbudow\u0119 ko\u015bcio\u0142a rozpocz\u0105\u0142 w roku&nbsp;<strong>1984<\/strong>&nbsp;proboszcz ks. pra\u0142at Ludwik Grochowina. Urz\u0105d Miasta Gdyni akceptuj\u0105c kolejny przedstawiony projekt, wyda\u0142 zgod\u0119 dopiero w&nbsp;<strong>1987<\/strong>&nbsp;roku. Wykonawc\u0105 projektu ko\u015bcio\u0142a i wie\u017cy jest in\u017c. arch. Janusz Kowalski z Sopotu,&nbsp; a konstruktorami: mgr in\u017c. W. Borkusiewicz i mgr in\u017c. Jan Borkusiewicz z Gda\u0144ska. W mi\u0119dzyczasie wybudowano now\u0105 plebani\u0119 i dom parafialny. W starej plebani zamieszka\u0142y siostry ze Zgromadzenia \u015awi\u0119tej Rodziny z Nazaretu, kt\u00f3re pomaga\u0142y w pracy duszpasterskiej. Now\u0105 dobudowan\u0105 cz\u0119\u015b\u0107 ko\u015bcio\u0142a po\u015bwi\u0119ci\u0142 bp Marian Przykucki&nbsp;<strong>6.XII.1990r<\/strong>. Nowa wie\u017ca zosta\u0142a po\u015bwi\u0119cona przez Arcybiskupa Tadeusza Goc\u0142owskiego&nbsp;<strong>6.XII.1992r<\/strong>. Organy mechaniczne to dzie\u0142o Jerzego Kureckiego z Ko\u017amin &#8211; licz\u0105 17 g\u0142os\u00f3w,&nbsp; a po\u015bwi\u0119cone zosta\u0142y przez Arcybiskupa Tadeusza Goc\u0142owskiego&nbsp;<strong>25.X.1996<\/strong>&nbsp;roku. Witra\u017ce do nowej cz\u0119\u015bci ko\u015bcio\u0142a wykona\u0142 artysta Krzysztof Harytoniuk z Sopotu. Obecny wystr\u00f3j prezbiterium to dzie\u0142o artyst\u00f3w z Akademii Sztuk Pi\u0119knych w Krakowie: Adama Brinckena &#8211; artysty malarza i Macieja Zychowicza &#8211;&nbsp;artysty rze\u017abiarza. Wystr\u00f3j starej cz\u0119\u015bci ko\u015bcio\u0142a to trzy neogotyckie o\u0142tarze z&nbsp;<strong>1895<\/strong>&nbsp;roku.<br><br>&nbsp;&nbsp;&nbsp;&nbsp; Od wiek\u00f3w bardzo \u017cywy by\u0142 we wsi Chylonia kult \u015aw. Miko\u0142aja. Poza ko\u015bcio\u0142em pod jego wezwaniem istnia\u0142a kapliczka na tzw. \u015awi\u0119tej G\u00f3rze nieopodal ko\u015bcio\u0142a przy kt\u00f3rej, jak glosi legenda,&nbsp; mieszka\u0142 pustelnik. W&nbsp;<strong>XIX<\/strong>&nbsp;wieku nad rzeczk\u0105 Chylonk\u0105 zosta\u0142a postawiona murowana kapliczka z figur\u0105 \u015aw. Miko\u0142aja. Obecna kapliczka na skrzy\u017cowaniu ulic Chylo\u0144skiej i \u015aw. Miko\u0142aja zosta\u0142a zbudowana tu\u017c po II Wojnie \u015awiatowej.<br><br>Parafia posiada pi\u0119kn\u0105 zabytkow\u0105 figur\u0119 \u015aw. Miko\u0142aja z&nbsp;<strong>XVII<\/strong>&nbsp;wieku, Piet\u0119-rze\u017ab\u0119 ocenion\u0105 podczas konserwacji na wiek&nbsp;<strong>XIV<\/strong>, oraz z&nbsp;<strong>XVII<\/strong>&nbsp;wieku obrazy: \u015aw. Miko\u0142aja i NMP Bolesnej trzymaj\u0105cej cia\u0142o zmar\u0142ego Jezusa.<\/p>\n\n\n\n<p>Wi\u0119cej informacji mo\u017cna znale\u017a\u0107 w monografii: &#8222;Sto lat parafii \u015aw. Miko\u0142aja w Gdyni-Chyloni&#8221;,\u00a0 praca zbiorowa pod red. A. Bastiana i ks. Jacka Sochy, Wyd. Bernardinum, Gdynia 2015.<\/p>\n\n\n\n<div class=\"wp-block-image\"><figure class=\"aligncenter\"><img decoding=\"async\" loading=\"lazy\" width=\"318\" height=\"441\" src=\"http:\/\/swmikolaj.org\/wp-content\/uploads\/2020\/04\/Ksi\u0105\u017cka.jpg\" alt=\"\" class=\"wp-image-1759\" srcset=\"https:\/\/swmikolaj.org\/wp-content\/uploads\/2020\/04\/Ksi\u0105\u017cka.jpg 318w, https:\/\/swmikolaj.org\/wp-content\/uploads\/2020\/04\/Ksi\u0105\u017cka-216x300.jpg 216w\" sizes=\"(max-width: 318px) 100vw, 318px\" \/><\/figure><\/div>\n","protected":false},"excerpt":{"rendered":"<p>Powstanie ko\u015bcio\u0142a pw. \u015aw. Miko\u0142aja w Gdyni-Chyloni. Pierwszy drewniany ko\u015bci\u00f3\u0142,&nbsp; na miejscu obecnie stoj\u0105cego,&nbsp; zosta\u0142 wzniesiony oko\u0142o roku&nbsp;1352&nbsp;i by\u0142a to fundacja Archidiakona Pomorskiego. W ko\u015bciele dora\u017anie odprawia\u0142 nabo\u017ce\u0144stwa proboszcz oksywski, gdy\u017c by\u0142a to filia oksywskiej parafii. W wiekach&nbsp;XVI-XVII&nbsp;ko\u015bci\u00f3\u0142 chylo\u0144ski s\u0142u\u017cy\u0142 protestantom, gdy\u017c Chylonia wraz z Cisow\u0105 by\u0142y wtedy w posiadaniu gda\u0144skiej rodziny Cyrenberg\u00f3w,&nbsp; wyznania protestanckiego. [&hellip;]<\/p>\n","protected":false},"author":2,"featured_media":0,"parent":0,"menu_order":0,"comment_status":"closed","ping_status":"closed","template":"","meta":{"footnotes":""},"publishpress_future_action":{"enabled":false,"date":"1970-01-01 01:00:00","action":"","terms":[],"taxonomy":"","browser_timezone_offset":0},"_links":{"self":[{"href":"https:\/\/swmikolaj.org\/index.php\/wp-json\/wp\/v2\/pages\/252"}],"collection":[{"href":"https:\/\/swmikolaj.org\/index.php\/wp-json\/wp\/v2\/pages"}],"about":[{"href":"https:\/\/swmikolaj.org\/index.php\/wp-json\/wp\/v2\/types\/page"}],"author":[{"embeddable":true,"href":"https:\/\/swmikolaj.org\/index.php\/wp-json\/wp\/v2\/users\/2"}],"replies":[{"embeddable":true,"href":"https:\/\/swmikolaj.org\/index.php\/wp-json\/wp\/v2\/comments?post=252"}],"version-history":[{"count":2,"href":"https:\/\/swmikolaj.org\/index.php\/wp-json\/wp\/v2\/pages\/252\/revisions"}],"predecessor-version":[{"id":165171,"href":"https:\/\/swmikolaj.org\/index.php\/wp-json\/wp\/v2\/pages\/252\/revisions\/165171"}],"wp:attachment":[{"href":"https:\/\/swmikolaj.org\/index.php\/wp-json\/wp\/v2\/media?parent=252"}],"curies":[{"name":"wp","href":"https:\/\/api.w.org\/{rel}","templated":true}]}}