{"id":23463,"date":"2022-09-05T22:39:17","date_gmt":"2022-09-05T21:39:17","guid":{"rendered":"https:\/\/swmikolaj.org\/?page_id=23463"},"modified":"2025-12-22T13:25:15","modified_gmt":"2025-12-22T12:25:15","slug":"wspolnota-al-anon","status":"publish","type":"page","link":"https:\/\/swmikolaj.org\/index.php\/wspolnota-al-anon\/","title":{"rendered":"Al-Anon &#8211; grupa dla krewnych, bliskich i znajomych os\u00f3b uzale\u017cnionych"},"content":{"rendered":"\n<p>Al-Anon -Przysta\u0144 u \u015bw. Miko\u0142aja<\/p>\n<p>Spotkania grupy wsparcia Al-Anon odbywaj\u0105 si\u0119 \u00a0w \u015brody o 18:00 w sali nr 7 domu parafialnego, ul. \u015aw. Miko\u0142aja 1 (blisko przystanku SKM Gdynia Leszczynki. Przy wej\u015bciu do budynku znajduje si\u0119 bia\u0142a tablica z napisem Dom Parafialny).<\/p>\n<p>Tel. 736-622-202 godziny dy\u017cur\u00f3w telefonicznych : wtorek, czwartek, pi\u0105tek od 19:00 do 21:00<\/p>\n<p><img decoding=\"async\" loading=\"lazy\" class=\"alignnone  wp-image-163828\" src=\"https:\/\/swmikolaj.org\/wp-content\/uploads\/2024\/10\/IMG_5119-225x300.jpg\" alt=\"\" width=\"648\" height=\"864\" srcset=\"https:\/\/swmikolaj.org\/wp-content\/uploads\/2024\/10\/IMG_5119-225x300.jpg 225w, https:\/\/swmikolaj.org\/wp-content\/uploads\/2024\/10\/IMG_5119-768x1024.jpg 768w, https:\/\/swmikolaj.org\/wp-content\/uploads\/2024\/10\/IMG_5119-1152x1536.jpg 1152w, https:\/\/swmikolaj.org\/wp-content\/uploads\/2024\/10\/IMG_5119-1536x2048.jpg 1536w, https:\/\/swmikolaj.org\/wp-content\/uploads\/2024\/10\/IMG_5119-676x901.jpg 676w, https:\/\/swmikolaj.org\/wp-content\/uploads\/2024\/10\/IMG_5119-scaled.jpg 1920w\" sizes=\"(max-width: 648px) 100vw, 648px\" \/><\/p>\n<p>\u00a0<\/p>\n<p><a href=\"http:\/\/www.al-anon.org.pl\"><span dir=\"auto\" style=\"vertical-align: inherit;\"><span dir=\"auto\" style=\"vertical-align: inherit;\">http:\/\/www.al-anon.org.pl<\/span><\/span><\/a><\/p>\n<p><img decoding=\"async\" loading=\"lazy\" class=\"alignnone  wp-image-25588\" src=\"https:\/\/swmikolaj.org\/wp-content\/uploads\/2022\/09\/family-3090056_1920-300x200.jpg\" alt=\"\" width=\"699\" height=\"466\" srcset=\"https:\/\/swmikolaj.org\/wp-content\/uploads\/2022\/09\/family-3090056_1920-300x200.jpg 300w, https:\/\/swmikolaj.org\/wp-content\/uploads\/2022\/09\/family-3090056_1920-1024x683.jpg 1024w, https:\/\/swmikolaj.org\/wp-content\/uploads\/2022\/09\/family-3090056_1920-768x512.jpg 768w, https:\/\/swmikolaj.org\/wp-content\/uploads\/2022\/09\/family-3090056_1920-1536x1024.jpg 1536w, https:\/\/swmikolaj.org\/wp-content\/uploads\/2022\/09\/family-3090056_1920-676x451.jpg 676w, https:\/\/swmikolaj.org\/wp-content\/uploads\/2022\/09\/family-3090056_1920.jpg 1920w\" sizes=\"(max-width: 699px) 100vw, 699px\" \/><\/p>\n<p>Pierwsze spotkanie odby\u0142o si\u0119 7.09.2022 r.\u00a0<\/p>\n<p>\u00a0<\/p>\n<p>\u00a0<\/p>\n","protected":false},"excerpt":{"rendered":"<p>Al-Anon -Przysta\u0144 u \u015bw. Miko\u0142aja Spotkania grupy wsparcia Al-Anon odbywaj\u0105 si\u0119 \u00a0w \u015brody o 18:00 w sali nr 7 domu parafialnego, ul. \u015aw. Miko\u0142aja 1 (blisko przystanku SKM Gdynia Leszczynki. Przy wej\u015bciu do budynku znajduje si\u0119 bia\u0142a tablica z napisem Dom Parafialny). Tel. 736-622-202 godziny dy\u017cur\u00f3w telefonicznych : wtorek, czwartek, pi\u0105tek od 19:00 do 21:00 [&hellip;]<\/p>\n","protected":false},"author":2,"featured_media":0,"parent":0,"menu_order":0,"comment_status":"closed","ping_status":"closed","template":"","meta":{"footnotes":""},"publishpress_future_action":{"enabled":false,"date":"1970-01-01 01:00:00","action":"","terms":[],"taxonomy":"","browser_timezone_offset":0},"_links":{"self":[{"href":"https:\/\/swmikolaj.org\/index.php\/wp-json\/wp\/v2\/pages\/23463"}],"collection":[{"href":"https:\/\/swmikolaj.org\/index.php\/wp-json\/wp\/v2\/pages"}],"about":[{"href":"https:\/\/swmikolaj.org\/index.php\/wp-json\/wp\/v2\/types\/page"}],"author":[{"embeddable":true,"href":"https:\/\/swmikolaj.org\/index.php\/wp-json\/wp\/v2\/users\/2"}],"replies":[{"embeddable":true,"href":"https:\/\/swmikolaj.org\/index.php\/wp-json\/wp\/v2\/comments?post=23463"}],"version-history":[{"count":13,"href":"https:\/\/swmikolaj.org\/index.php\/wp-json\/wp\/v2\/pages\/23463\/revisions"}],"predecessor-version":[{"id":166723,"href":"https:\/\/swmikolaj.org\/index.php\/wp-json\/wp\/v2\/pages\/23463\/revisions\/166723"}],"wp:attachment":[{"href":"https:\/\/swmikolaj.org\/index.php\/wp-json\/wp\/v2\/media?parent=23463"}],"curies":[{"name":"wp","href":"https:\/\/api.w.org\/{rel}","templated":true}]}}