{"id":231,"date":"2020-03-04T21:18:42","date_gmt":"2020-03-04T21:18:42","guid":{"rendered":"http:\/\/nowa.swmikolaj.org\/?page_id=231"},"modified":"2020-04-01T20:33:33","modified_gmt":"2020-04-01T20:33:33","slug":"namaszczenie-chorych","status":"publish","type":"page","link":"https:\/\/swmikolaj.org\/index.php\/namaszczenie-chorych\/","title":{"rendered":"Namaszczenie Chorych"},"content":{"rendered":"\n<p>\n\nSakrament Namaszczenia Chorych mo\u017cna przyj\u0105\u0107 zawsze w razie pogorszenia si\u0119 stanu zdrowia, ci\u0119\u017ckiej choroby&nbsp; czy zagro\u017cenia \u017cycia. W razie zaistnienia takiej potrzeby nalezy kontaktowa\u0107 si\u0119 z Biurem Parafialnym.<\/p>\n\n\n\n<p>Nale\u017cy wtedy przygotowa\u0107:<br>1. Stolik nakryty bia\u0142ym obrusem lub godne miejsce na Naj\u015bwi\u0119tszy Sakrament.<br>2. Krzy\u017cyk i dwie \u015bwiece, kt\u00f3re zapala si\u0119 po przyj\u015bciu kap\u0142ana.<br>3. Uczestniczy\u0107 wraz z chorym w obrz\u0119dzie sakramentu (wy\u0142\u0105czaj\u0105c spowied\u017a)&nbsp;\n\n<\/p>\n","protected":false},"excerpt":{"rendered":"<p>Sakrament Namaszczenia Chorych mo\u017cna przyj\u0105\u0107 zawsze w razie pogorszenia si\u0119 stanu zdrowia, ci\u0119\u017ckiej choroby&nbsp; czy zagro\u017cenia \u017cycia. W razie zaistnienia takiej potrzeby nalezy kontaktowa\u0107 si\u0119 z Biurem Parafialnym. Nale\u017cy wtedy przygotowa\u0107:1. Stolik nakryty bia\u0142ym obrusem lub godne miejsce na Naj\u015bwi\u0119tszy Sakrament.2. Krzy\u017cyk i dwie \u015bwiece, kt\u00f3re zapala si\u0119 po przyj\u015bciu kap\u0142ana.3. Uczestniczy\u0107 wraz z chorym [&hellip;]<\/p>\n","protected":false},"author":2,"featured_media":0,"parent":0,"menu_order":0,"comment_status":"closed","ping_status":"closed","template":"","meta":{"footnotes":""},"publishpress_future_action":{"enabled":false,"date":"1970-01-01 01:00:00","action":"","terms":[],"taxonomy":"","browser_timezone_offset":0},"_links":{"self":[{"href":"https:\/\/swmikolaj.org\/index.php\/wp-json\/wp\/v2\/pages\/231"}],"collection":[{"href":"https:\/\/swmikolaj.org\/index.php\/wp-json\/wp\/v2\/pages"}],"about":[{"href":"https:\/\/swmikolaj.org\/index.php\/wp-json\/wp\/v2\/types\/page"}],"author":[{"embeddable":true,"href":"https:\/\/swmikolaj.org\/index.php\/wp-json\/wp\/v2\/users\/2"}],"replies":[{"embeddable":true,"href":"https:\/\/swmikolaj.org\/index.php\/wp-json\/wp\/v2\/comments?post=231"}],"version-history":[{"count":1,"href":"https:\/\/swmikolaj.org\/index.php\/wp-json\/wp\/v2\/pages\/231\/revisions"}],"predecessor-version":[{"id":1752,"href":"https:\/\/swmikolaj.org\/index.php\/wp-json\/wp\/v2\/pages\/231\/revisions\/1752"}],"wp:attachment":[{"href":"https:\/\/swmikolaj.org\/index.php\/wp-json\/wp\/v2\/media?parent=231"}],"curies":[{"name":"wp","href":"https:\/\/api.w.org\/{rel}","templated":true}]}}