{"id":230,"date":"2020-03-04T21:18:42","date_gmt":"2020-03-04T21:18:42","guid":{"rendered":"http:\/\/nowa.swmikolaj.org\/?page_id=230"},"modified":"2026-02-25T11:27:39","modified_gmt":"2026-02-25T10:27:39","slug":"malzenstwo","status":"publish","type":"page","link":"https:\/\/swmikolaj.org\/index.php\/malzenstwo\/","title":{"rendered":"Ma\u0142\u017ce\u0144stwo"},"content":{"rendered":"\n<p><\/p>\n\n\n\n<h2 class=\"wp-block-heading\">Droga przygotowania do Sakramentu Ma\u0142\u017ce\u0144stwa<\/h2>\n\n\n\n<p>Bezpo\u015brednie przygotowanie narzeczonych do \u015blubu obejmuje:<\/p>\n\n\n\n<p><strong>1. Spisanie protoko\u0142u w&nbsp; biurze parafialnym.<\/strong> Proponujemy uczynienie tego na 3 miesi\u0105ca przed \u015blubem. W tej sprawie nale\u017cy telefonicznie skontaktowa\u0107 si\u0119 z biurem parafialnym, by ustali\u0107 termin. Uwaga! do spisania protoko\u0142u potrzebne s\u0105: akt chrztu (z dat\u0105 wydania nie starsz\u0105 ni\u017c 6 miesi\u0119cy) i dow\u00f3d osobisty oraz w przypadku \u015blubu konkordatowego &#8222;za\u015bwiadczenie stwierdzaj\u0105ce brak okoliczno\u015bci wy\u0142\u0105czaj\u0105cych zawarcie ma\u0142\u017ce\u0144stwa&#8221;, kt\u00f3re wystawia Urz\u0105d Stanu Cywilnego.<\/p>\n\n\n\n<p><br><strong>2. Spotkania z nauczycielem naturalnego planowania rodziny.<\/strong><br>Chodzi o trzy spotkania, na kt\u00f3rych para poznaje teori\u0119 jednej z metod naturalnych, zalecanych przez Ko\u015bci\u00f3\u0142. Metody naturalne mylnie kojarzone s\u0105 jedynie z kalendarzykiem ma\u0142\u017ce\u0144skim i cho\u0107by z tego powodu wida\u0107 jak bardzo potrzebne s\u0105 rozmowy z narzeczonymi.<br>W spotkaniach powinni uczestniczy\u0107 oboje narzeczeni!!!<\/p>\n\n\n\n<p>Odp\u0142atno\u015b\u0107 za korzystanie z us\u0142ugi doradc\u00f3w zosta\u0142a ustalona w naszej diecezji na 200 z\u0142.<\/p>\n\n\n\n<p>Polecamy kr\u00f3tki, ciekawy tekst o nowoczesnym planowaniu rodziny:&nbsp;<a href=\"https:\/\/ekai.pl\/nowoczesne-planowanie-rodziny\/\">https:\/\/ekai.pl\/nowoczesne-planowanie-rodziny\/<\/a>&nbsp;Kontakt z nauczycielami-doradcami :<\/p>\n\n\n\n<p>Zofia Knast (tel. 694 728 602)<\/p>\n\n\n\n<p>Ma\u0142gorzata Zdrojewska (tel. 513 582 735)<\/p>\n\n\n\n<p class=\"has-text-align-center\"><\/p>\n\n\n\n<p><strong>3. Spotkania dla narzeczonych (tzw. kurs przedma\u0142\u017ce\u0144ski)<\/strong><\/p>\n\n\n\n<p>Narzeczonych informujemy, \u017ce opr\u00f3cz spotkania z nauczycielem naturalnego planowania rodziny, kandydaci do przyj\u0119cia Sakramentu Ma\u0142\u017ce\u0144stwa powinni uczestniczy\u0107 w spotkaniach dla narzeczonych.<br>Pierwsze\u0144stwo uczestnictwa maj\u0105 narzeczeni pochodz\u0105cy z dekanatu chylo\u0144skiego. Spotkania odbywaj\u0105 si\u0119 w weekendy.<br>Rozpocz\u0119cie w pi\u0105tek od godz. 17:30 do 21:30 oraz w sobot\u0119 od godz.  9:30 do 15:00.<br>Kurs Przedma\u0142\u017ce\u0144ski rozpisany jest na jeden weekend. <\/p>\n\n\n\n<p>Prowadz\u0105cy: ma\u0142\u017ce\u0144stwa zaanga\u017cowane w \u017cycie Ko\u015bcio\u0142a oraz ksi\u0119\u017ca z dekanatu Gdynia-Chylonia. <\/p>\n\n\n\n<p>Za kurs nie pobieramy op\u0142aty, ale istnieje mo\u017cliwo\u015b\u0107 z\u0142o\u017cenia dowolnej ofiary, w got\u00f3wce, na koniec kursu.<\/p>\n\n\n\n<p>Miejsce: du\u017ca sala nr 10 na pierwszym pi\u0119trze w domu parafialnym, ul. \u015aw. Miko\u0142aja 1 (przy wej\u015bciu do budynku widnieje bia\u0142a tablica &#8222;Dom parafialny<em>&#8222;<\/em>)<\/p>\n\n\n\n<figure class=\"wp-block-image size-large\"><img decoding=\"async\" loading=\"lazy\" width=\"768\" height=\"1024\" src=\"https:\/\/swmikolaj.org\/wp-content\/uploads\/2022\/09\/IMG_5119-768x1024.jpg\" alt=\"\" class=\"wp-image-28251\" srcset=\"https:\/\/swmikolaj.org\/wp-content\/uploads\/2022\/09\/IMG_5119-768x1024.jpg 768w, https:\/\/swmikolaj.org\/wp-content\/uploads\/2022\/09\/IMG_5119-225x300.jpg 225w, https:\/\/swmikolaj.org\/wp-content\/uploads\/2022\/09\/IMG_5119-1152x1536.jpg 1152w, https:\/\/swmikolaj.org\/wp-content\/uploads\/2022\/09\/IMG_5119-1536x2048.jpg 1536w, https:\/\/swmikolaj.org\/wp-content\/uploads\/2022\/09\/IMG_5119-676x901.jpg 676w, https:\/\/swmikolaj.org\/wp-content\/uploads\/2022\/09\/IMG_5119-scaled.jpg 1920w\" sizes=\"(max-width: 768px) 100vw, 768px\" \/><figcaption class=\"wp-element-caption\">Wej\u015bcie do domu parafialnego <\/figcaption><\/figure>\n\n\n\n<p class=\"has-text-align-center\"><br><strong>Terminarz<\/strong>:<\/p>\n\n\n\n<p class=\"has-text-align-center\"><strong>20 &#8211; 21 marca 2026<\/strong> &#8211; brak wolnych miejsc<\/p>\n\n\n\n<p class=\"has-text-align-center\"><strong>19 &#8211; 20 czerwca 2026<\/strong> <\/p>\n\n\n\n<p class=\"has-text-align-center\">Uwaga: W spotkaniach uczestnicz\u0105 oboje narzeczeni. <\/p>\n\n\n\n<p class=\"has-text-align-center\">Nie ma mo\u017cliwo\u015bci bycia jedynie na cz\u0119\u015bci spotka\u0144.<\/p>\n\n\n\n<p class=\"has-text-align-left\"><br>Zg\u0142oszenia: Biuro Parafialne parafii pw. \u015aw. Miko\u0142aja w Gdyni &#8211; Chyloni<br>tel. 58 6634414; e-mail:&nbsp;<a href=\"mailto:kancelaria@swmikolaj.org\">kancelaria@swmikolaj.org<\/a>&nbsp;(przy zg\u0142oszeniach mailowych prosz\u0119 podawa\u0107: imiona i nazwiska obojga narzeczonych, dat\u0119 \u015blubu i parafi\u0119 w kt\u00f3rej \u015blub si\u0119 odb\u0119dzie.)<\/p>\n\n\n\n<p class=\"has-text-align-left\"><br>Istnieje ograniczona ilo\u015b\u0107 miejsc. Pierwsze\u0144stwo maj\u0105 narzeczeni z parafii dekanatu Gdynia Chylonia (Grab\u00f3wek, Chylonia, Leszczynki, Cisowa, Demptowo, Pustki Cisowskie). Wa\u017cn\u0105 rol\u0119 stanowi pierwsze\u0144stwo zg\u0142osze\u0144. Spotkania nie obejmuj\u0105 trzech spotka\u0144 z zakresu poradnictwa rodzinnego (patrz punkt 2) i spotkania celem om\u00f3wienia z ksi\u0119dzem&nbsp; przebiegu liturgii.<\/p>\n\n\n<p>Dla indywidualnego dope\u0142nienia przygotowania polecamy wys\u0142uchanie konferencji dr Jacka Pulikowskiego:<\/p>\n<p style=\"text-align: justify;\">Tu znajdziesz link do konferencji:&nbsp;<\/p>\n<p style=\"text-align: justify;\"><a href=\"https:\/\/www.youtube.com\/watch?v=0Efv9yyryyM\">https:\/\/www.youtube.com\/watch?v=0Efv9yyryyM<\/a><\/p>\n\n","protected":false},"excerpt":{"rendered":"<p>Droga przygotowania do Sakramentu Ma\u0142\u017ce\u0144stwa Bezpo\u015brednie przygotowanie narzeczonych do \u015blubu obejmuje: 1. Spisanie protoko\u0142u w&nbsp; biurze parafialnym. Proponujemy uczynienie tego na 3 miesi\u0105ca przed \u015blubem. W tej sprawie nale\u017cy telefonicznie skontaktowa\u0107 si\u0119 z biurem parafialnym, by ustali\u0107 termin. Uwaga! do spisania protoko\u0142u potrzebne s\u0105: akt chrztu (z dat\u0105 wydania nie starsz\u0105 ni\u017c 6 miesi\u0119cy) i [&hellip;]<\/p>\n","protected":false},"author":2,"featured_media":0,"parent":0,"menu_order":0,"comment_status":"closed","ping_status":"closed","template":"","meta":{"footnotes":""},"publishpress_future_action":{"enabled":false,"date":"1970-01-01 01:00:00","action":"","terms":[],"taxonomy":"","browser_timezone_offset":0},"_links":{"self":[{"href":"https:\/\/swmikolaj.org\/index.php\/wp-json\/wp\/v2\/pages\/230"}],"collection":[{"href":"https:\/\/swmikolaj.org\/index.php\/wp-json\/wp\/v2\/pages"}],"about":[{"href":"https:\/\/swmikolaj.org\/index.php\/wp-json\/wp\/v2\/types\/page"}],"author":[{"embeddable":true,"href":"https:\/\/swmikolaj.org\/index.php\/wp-json\/wp\/v2\/users\/2"}],"replies":[{"embeddable":true,"href":"https:\/\/swmikolaj.org\/index.php\/wp-json\/wp\/v2\/comments?post=230"}],"version-history":[{"count":68,"href":"https:\/\/swmikolaj.org\/index.php\/wp-json\/wp\/v2\/pages\/230\/revisions"}],"predecessor-version":[{"id":167173,"href":"https:\/\/swmikolaj.org\/index.php\/wp-json\/wp\/v2\/pages\/230\/revisions\/167173"}],"wp:attachment":[{"href":"https:\/\/swmikolaj.org\/index.php\/wp-json\/wp\/v2\/media?parent=230"}],"curies":[{"name":"wp","href":"https:\/\/api.w.org\/{rel}","templated":true}]}}