{"id":229,"date":"2020-03-04T21:18:42","date_gmt":"2020-03-04T20:18:42","guid":{"rendered":"http:\/\/nowa.swmikolaj.org\/?page_id=229"},"modified":"2026-02-09T22:57:11","modified_gmt":"2026-02-09T21:57:11","slug":"bierzmowanie","status":"publish","type":"page","link":"https:\/\/swmikolaj.org\/index.php\/bierzmowanie\/","title":{"rendered":"Bierzmowanie 2026"},"content":{"rendered":"\n<p><strong>Informacje dla pragn\u0105cych przyj\u0105\u0107 sakrament Bierzmowania. <\/strong><\/p>\n\n\n\n<p><strong>Termin bierzmowania &#8211; jesie\u0144 202<\/strong>6<\/p>\n\n\n\n<p>Przygotowanie do Bierzmowania odbywa si\u0119 w naszej parafii na dwa sposoby: <\/p>\n\n\n\n<ol>\n<li>Poprzez  projekt <em>Postcresima<\/em>,  do kt\u00f3rego zapraszamy wszystkich m\u0142odych. Tutaj znajdziesz wi\u0119cej informacji <a href=\"https:\/\/swmikolaj.org\/index.php\/projekt-post-cresima\/\">https:\/\/swmikolaj.org\/index.php\/projekt-post-cresima\/<\/a>. <\/li>\n\n\n\n<li>Poprzez zwyczajne przygotowanie,  do kt\u00f3rego zapraszamy m\u0142odzie\u017c klas pierwszych  szk\u00f3\u0142 ponadpodstawowych.                                                          Duszpasterzem przygotowuj\u0105cych si\u0119 do Bierzmowania jest ks. Zbigniew W\u0105drzyk (e-mail: uuuf@wp.pl )                                                                                                                   <\/li>\n<\/ol>\n\n\n\n<p><\/p>\n\n\n\n<p><\/p>\n\n\n\n<p> <\/p>\n","protected":false},"excerpt":{"rendered":"<p>Informacje dla pragn\u0105cych przyj\u0105\u0107 sakrament Bierzmowania. Termin bierzmowania &#8211; jesie\u0144 2026 Przygotowanie do Bierzmowania odbywa si\u0119 w naszej parafii na dwa sposoby:<\/p>\n","protected":false},"author":2,"featured_media":0,"parent":0,"menu_order":0,"comment_status":"closed","ping_status":"closed","template":"","meta":{"footnotes":""},"publishpress_future_action":{"enabled":false,"date":"1970-01-01 01:00:00","action":"","terms":[],"taxonomy":"","browser_timezone_offset":0},"_links":{"self":[{"href":"https:\/\/swmikolaj.org\/index.php\/wp-json\/wp\/v2\/pages\/229"}],"collection":[{"href":"https:\/\/swmikolaj.org\/index.php\/wp-json\/wp\/v2\/pages"}],"about":[{"href":"https:\/\/swmikolaj.org\/index.php\/wp-json\/wp\/v2\/types\/page"}],"author":[{"embeddable":true,"href":"https:\/\/swmikolaj.org\/index.php\/wp-json\/wp\/v2\/users\/2"}],"replies":[{"embeddable":true,"href":"https:\/\/swmikolaj.org\/index.php\/wp-json\/wp\/v2\/comments?post=229"}],"version-history":[{"count":46,"href":"https:\/\/swmikolaj.org\/index.php\/wp-json\/wp\/v2\/pages\/229\/revisions"}],"predecessor-version":[{"id":167080,"href":"https:\/\/swmikolaj.org\/index.php\/wp-json\/wp\/v2\/pages\/229\/revisions\/167080"}],"wp:attachment":[{"href":"https:\/\/swmikolaj.org\/index.php\/wp-json\/wp\/v2\/media?parent=229"}],"curies":[{"name":"wp","href":"https:\/\/api.w.org\/{rel}","templated":true}]}}