{"id":228,"date":"2020-03-04T21:18:41","date_gmt":"2020-03-04T20:18:41","guid":{"rendered":"http:\/\/nowa.swmikolaj.org\/?page_id=228"},"modified":"2025-07-01T15:01:40","modified_gmt":"2025-07-01T14:01:40","slug":"pierwsza-komunia-swieta","status":"publish","type":"page","link":"https:\/\/swmikolaj.org\/index.php\/pierwsza-komunia-swieta\/","title":{"rendered":"Pierwsza Komunia \u015awi\u0119ta"},"content":{"rendered":"<div class=\"wp-block-image\">\n<figure class=\"aligncenter\"><img decoding=\"async\" loading=\"lazy\" width=\"218\" height=\"347\" src=\"http:\/\/swmikolaj.org\/wp-content\/uploads\/2020\/04\/kielich.jpg\" alt=\"\" class=\"wp-image-2388\" srcset=\"https:\/\/swmikolaj.org\/wp-content\/uploads\/2020\/04\/kielich.jpg 218w, https:\/\/swmikolaj.org\/wp-content\/uploads\/2020\/04\/kielich-188x300.jpg 188w\" sizes=\"(max-width: 218px) 100vw, 218px\" \/><\/figure><\/div>\n\n\n<p>W naszej parafii funkcjonuj\u0105 dwa sposoby przygotowania dzieci do Pierwszej Komunii \u015bwi\u0119tej:<br><\/p>\n\n\n\n<p><strong>1.  Pierwszy tzw. zwyczajny<\/strong> <\/p>\n\n\n\n<p>Termin Pierwszej Komunii \u015awi\u0119tej &#8211;  sobota, 30 maja  2026 r.,  godz. 11:30<\/p>\n\n\n\n<p><strong>2.  Drugi,   poprzez projekt &#8222;Baranki&#8221;. <\/strong><\/p>\n\n\n\n<p>Termin Pierwszej Komunii \u015awi\u0119tej w roku 2026 &#8211; sobota, 6 czerwca godz. 11:30<\/p>\n\n\n\n<p>Szczeg\u00f3\u0142owe informacje  znajdziesz tutaj:<\/p>\n\n\n\n<p class=\"has-text-align-left has-small-font-size\">a. <a href=\"https:\/\/szkolamontessori.com.pl\/baranki-o-nas\/\" data-type=\"URL\">https:\/\/szkolamontessori.com.pl\/baranki-o-nas<\/a><\/p>\n\n\n\n<p class=\"has-text-align-left has-small-font-size\">b. <a href=\"https:\/\/dziennikzachodni.pl\/komunia-swieta-bez-prezentow-wierszykow-i-zdjec-na-mszy-komunia-wedlug-programu-baranki\/ar\/c11-17535411?fbclid=IwAR0FZlagt3X4PMOe45i1MaEmOkQcslDUMLC6Ua3ZSBQv7BFnODAr33LxMsE\" data-type=\"URL\" data-id=\"https:\/\/dziennikzachodni.pl\/komunia-swieta-bez-prezentow-wierszykow-i-zdjec-na-mszy-komunia-wedlug-programu-baranki\/ar\/c11-17535411?fbclid=IwAR0FZlagt3X4PMOe45i1MaEmOkQcslDUMLC6Ua3ZSBQv7BFnODAr33LxMsE\">https:\/\/dziennikzachodni.pl\/komunia-swieta-bez-prezentow-wierszykow-i-zdjec-na-mszy-komunia-wedlug-programu-baranki\/ar\/c11-17535411?fbclid=IwAR0FZlagt3X4PMOe45i1MaEmOkQcslDUMLC6Ua3ZSBQv7BFnODAr33LxMsE<\/a><\/p>\n\n\n\n<p>Odpowiedzialny za projekt: Dagmara i \u0141ukasz Rejkowscy i ks. Jacek Socha<\/p>\n\n\n\n<p>kontakt: <a href=\"baranki.gdynia@mms.edu.pl\">baranki.gdynia@mms.edu.pl<\/a><\/p>\n\n\n","protected":false},"excerpt":{"rendered":"<p>W naszej parafii funkcjonuj\u0105 dwa sposoby przygotowania dzieci do Pierwszej Komunii \u015bwi\u0119tej: 1. Pierwszy tzw. zwyczajny Termin Pierwszej Komunii \u015awi\u0119tej &#8211; sobota, 30 maja 2026 r., godz. 11:30 2. Drugi, poprzez projekt &#8222;Baranki&#8221;. Termin Pierwszej Komunii \u015awi\u0119tej w roku 2026 &#8211; sobota, 6 czerwca godz. 11:30 Szczeg\u00f3\u0142owe informacje znajdziesz tutaj: a. https:\/\/szkolamontessori.com.pl\/baranki-o-nas b. https:\/\/dziennikzachodni.pl\/komunia-swieta-bez-prezentow-wierszykow-i-zdjec-na-mszy-komunia-wedlug-programu-baranki\/ar\/c11-17535411?fbclid=IwAR0FZlagt3X4PMOe45i1MaEmOkQcslDUMLC6Ua3ZSBQv7BFnODAr33LxMsE Odpowiedzialny [&hellip;]<\/p>\n","protected":false},"author":4,"featured_media":0,"parent":0,"menu_order":0,"comment_status":"closed","ping_status":"closed","template":"","meta":{"footnotes":""},"publishpress_future_action":{"enabled":false,"date":"1970-01-01 01:00:00","action":"","terms":[],"taxonomy":"","browser_timezone_offset":0},"_links":{"self":[{"href":"https:\/\/swmikolaj.org\/index.php\/wp-json\/wp\/v2\/pages\/228"}],"collection":[{"href":"https:\/\/swmikolaj.org\/index.php\/wp-json\/wp\/v2\/pages"}],"about":[{"href":"https:\/\/swmikolaj.org\/index.php\/wp-json\/wp\/v2\/types\/page"}],"author":[{"embeddable":true,"href":"https:\/\/swmikolaj.org\/index.php\/wp-json\/wp\/v2\/users\/4"}],"replies":[{"embeddable":true,"href":"https:\/\/swmikolaj.org\/index.php\/wp-json\/wp\/v2\/comments?post=228"}],"version-history":[{"count":48,"href":"https:\/\/swmikolaj.org\/index.php\/wp-json\/wp\/v2\/pages\/228\/revisions"}],"predecessor-version":[{"id":165589,"href":"https:\/\/swmikolaj.org\/index.php\/wp-json\/wp\/v2\/pages\/228\/revisions\/165589"}],"wp:attachment":[{"href":"https:\/\/swmikolaj.org\/index.php\/wp-json\/wp\/v2\/media?parent=228"}],"curies":[{"name":"wp","href":"https:\/\/api.w.org\/{rel}","templated":true}]}}