{"id":167646,"date":"2026-05-12T21:27:30","date_gmt":"2026-05-12T20:27:30","guid":{"rendered":"https:\/\/swmikolaj.org\/?page_id=167646"},"modified":"2026-05-12T21:43:58","modified_gmt":"2026-05-12T20:43:58","slug":"krag-biblijny","status":"publish","type":"page","link":"https:\/\/swmikolaj.org\/index.php\/krag-biblijny\/","title":{"rendered":"Kr\u0105g Biblijny"},"content":{"rendered":"\n<p>Kr\u0105g Biblijny skupia ludzi pragn\u0105cych s\u0142ucha\u0107 S\u0142owa Bo\u017cego, poznawa\u0107 Pismo \u015aw. i lepiej je rozumie\u0107, aby nim \u017cy\u0107 i by mog\u0142o wydawa\u0107 owoce w codziennym \u017cyciu. Opiekunem kr\u0119gu jest Ksi\u0105dz Tomasz Makowski.<\/p>\n\n\n\n<p>Rozpoczynamy przywo\u0142aniem Ducha \u015awi\u0119tego, aby pomaga\u0142 nam odkrywa\u0107 to s\u0142owo, kt\u00f3re Pan B\u00f3g dla nas przygotowa\u0142. Nast\u0119pnie pochylamy si\u0119 nad tekstami biblijnymi, chc\u0105c je jak najlepiej zrozumie\u0107 i odczyta\u0107 zawarte w nich przes\u0142anie.<\/p>\n\n\n\n<figure class=\"wp-block-image size-full\"><img decoding=\"async\" loading=\"lazy\" width=\"612\" height=\"408\" src=\"https:\/\/swmikolaj.org\/wp-content\/uploads\/2026\/05\/krag.png\" alt=\"\" class=\"wp-image-167651\" srcset=\"https:\/\/swmikolaj.org\/wp-content\/uploads\/2026\/05\/krag.png 612w, https:\/\/swmikolaj.org\/wp-content\/uploads\/2026\/05\/krag-300x200.png 300w\" sizes=\"(max-width: 612px) 100vw, 612px\" \/><\/figure>\n\n\n\n<p>Staramy si\u0119 ca\u0142y czas pami\u0119ta\u0107, \u017ce Pismo \u015aw. jest ksi\u0119g\u0105 \u017cyw\u0105, cho\u0107 napisan\u0105 setki lat temu, ale aktualn\u0105 tak\u017ce dla wsp\u00f3\u0142czesnego cz\u0142owieka i nios\u0105c\u0105 przes\u0142anie Boga dla nas. Czytaj\u0105c Bibli\u0119 mo\u017cemy w niej odnale\u017a\u0107 historie ludzi borykaj\u0105cych si\u0119 z takimi samymi problemami jak my, nawet grzesz\u0105cymi tak samo jak my. Dzi\u0119ki temu mo\u017cemy zobaczy\u0107 jak w tych wszystkich historiach dzia\u0142a B\u00f3g, jak B\u00f3g reaguje na nasze problemy, na nasz grzech. Gdy wczytamy si\u0119 w Jego s\u0142owo odkryjemy, \u017ce jest to nieustanne wo\u0142anie Boga og\u0142aszaj\u0105cego nam swoj\u0105 mi\u0142o\u015b\u0107.<\/p>\n\n\n\n<p>Aby wsp\u00f3lnie z innymi rozwa\u017ca\u0107 s\u0142owo Bo\u017ce nie trzeba mie\u0107 specjalnego przygotowania. Wystarczy rozbudzi\u0107 w sobie t\u0119sknot\u0119 za Jego S\u0142owem, wystarczy pragnienie budowania szczeg\u00f3lnej wi\u0119zi z Bogiem chc\u0105cym nieustannie m\u00f3wi\u0107 do naszych serc.<\/p>\n\n\n\n<p>Dlatego zapraszamy wszystkich na spotkanie Kr\u0119gu Biblijnego w ka\u017cdy czwartek o godz. 19.30 w kawiarence w Domu Parafialnym (salka nr 5), bo przecie\u017c jak powiedzia\u0142 \u015bw. Hieronim: \u201eNieznajomo\u015b\u0107 Pisma \u015aw. jest nieznajomo\u015bci\u0105 Chrystusa\u201d.<\/p>\n\n\n","protected":false},"excerpt":{"rendered":"<p>Kr\u0105g Biblijny skupia ludzi pragn\u0105cych s\u0142ucha\u0107 S\u0142owa Bo\u017cego, poznawa\u0107 Pismo \u015aw. i lepiej je rozumie\u0107, aby nim \u017cy\u0107 i by mog\u0142o wydawa\u0107 owoce w codziennym \u017cyciu. Opiekunem kr\u0119gu jest Ksi\u0105dz Tomasz Makowski. Rozpoczynamy przywo\u0142aniem Ducha \u015awi\u0119tego, aby pomaga\u0142 nam odkrywa\u0107 to s\u0142owo, kt\u00f3re Pan B\u00f3g dla nas przygotowa\u0142. Nast\u0119pnie pochylamy si\u0119 nad tekstami biblijnymi, chc\u0105c [&hellip;]<\/p>\n","protected":false},"author":2,"featured_media":0,"parent":0,"menu_order":0,"comment_status":"closed","ping_status":"closed","template":"","meta":{"footnotes":""},"publishpress_future_action":{"enabled":false,"date":"1970-01-01 01:00:00","action":"","terms":[],"taxonomy":"","browser_timezone_offset":0},"_links":{"self":[{"href":"https:\/\/swmikolaj.org\/index.php\/wp-json\/wp\/v2\/pages\/167646"}],"collection":[{"href":"https:\/\/swmikolaj.org\/index.php\/wp-json\/wp\/v2\/pages"}],"about":[{"href":"https:\/\/swmikolaj.org\/index.php\/wp-json\/wp\/v2\/types\/page"}],"author":[{"embeddable":true,"href":"https:\/\/swmikolaj.org\/index.php\/wp-json\/wp\/v2\/users\/2"}],"replies":[{"embeddable":true,"href":"https:\/\/swmikolaj.org\/index.php\/wp-json\/wp\/v2\/comments?post=167646"}],"version-history":[{"count":3,"href":"https:\/\/swmikolaj.org\/index.php\/wp-json\/wp\/v2\/pages\/167646\/revisions"}],"predecessor-version":[{"id":167653,"href":"https:\/\/swmikolaj.org\/index.php\/wp-json\/wp\/v2\/pages\/167646\/revisions\/167653"}],"wp:attachment":[{"href":"https:\/\/swmikolaj.org\/index.php\/wp-json\/wp\/v2\/media?parent=167646"}],"curies":[{"name":"wp","href":"https:\/\/api.w.org\/{rel}","templated":true}]}}