{"id":166229,"date":"2025-10-09T21:16:54","date_gmt":"2025-10-09T20:16:54","guid":{"rendered":"https:\/\/swmikolaj.org\/?page_id=166229"},"modified":"2025-10-11T13:12:07","modified_gmt":"2025-10-11T12:12:07","slug":"wsparcie-dla-malzenstw-niesakramentalnych","status":"publish","type":"page","link":"https:\/\/swmikolaj.org\/index.php\/wsparcie-dla-malzenstw-niesakramentalnych\/","title":{"rendered":"Wsparcie dla os\u00f3b w zwi\u0105zkach niesakramentalnych."},"content":{"rendered":"\n\n\n\n\n<p style=\"text-align: justify;\">\u00a0 \u00a0 Ko\u015bci\u00f3\u0142 \u015bw. Miko\u0142aja w Gdyni sta\u0142 si\u0119 w roku 2025, decyzj\u0105 ks. abpa Tadeusza Wojdy, ko\u015bcio\u0142em jubileuszowym dla os\u00f3b \u017cyj\u0105cych w zwi\u0105zkach niesakramentalnych, to znaczy miejscem, gdzie chcemy wspiera\u0107 duszpastersko obecno\u015b\u0107 \u00a0w Ko\u015bciele os\u00f3b \u017cyj\u0105cych w zwi\u0105zkach nieregularnych.<\/p>\n<p style=\"text-align: justify;\">\u00a0 \u00a0 Pierwszym krokiem, kt\u00f3ry uczynili\u015bmy by\u0142o podj\u0119cie tego tematu podczas rekolekcji wielkopostnych, kt\u00f3re wyg\u0142osi\u0142 o. Adam Szustak OP. Tutaj mo\u017cesz znale\u017a\u0107 jego g\u0142oszenie:\u00a0<a href=\"https:\/\/www.youtube.com\/watch?v=rapyobaRH90\">https:\/\/www.youtube.com\/watch?v=rapyobaRH90<\/a><\/p>\n<p>\u00a0 \u00a0 \u00a0Kolejnym krokiem jest przyjmowanie i towarzyszenie niesakramentalnym \u00a0w rozeznawaniu ich sytuacji oraz bycie z nimi na drodze wiary. Robimy to na \u017cywo oraz je\u015bli jest taka konieczno\u015b\u0107 online.<\/p>\n<p style=\"text-align: justify;\">\u00a0Spotykamy ludzi w r\u00f3\u017cnych sytuacjach \u017cyciowych. Chcemy cierpliwie przypatrywa\u0107 si\u0119 poszczeg\u00f3lnym, cz\u0119sto bardzo zagmatwanym losom ludzkim. Ka\u017cda z historii jest inna i ka\u017cda jest cena dla Boga. Ka\u017cd\u0105 mo\u017cna zobaczy\u0107 jako histori\u0119 Zbawienia , a ka\u017cdy krzy\u017c mo\u017ce si\u0119 sta\u0107 chwalebnym.\u00a0Dlatego tworzymy dzisiaj mo\u017cliwo\u015b\u0107 um\u00f3wienia si\u0119 na \u00a0indywidualnie spotkanie. Prosimy o przes\u0142anie swoich danych kontaktowych na jeden z poni\u017cszych adres\u00f3w:<\/p>\n<p>Marta\u00a0Zakrzewska, kontakt: \u00a0<a href=\"mailto:semartus@gmail.com\">semartus@gmail.com<\/a><\/p>\n<p>ks. Jacek Socha, kontakt: <a href=\"jaceksocha2@gmail.com\">jaceksocha2@gmail. com<\/a><\/p>\n<p>ks. Zbigniew W\u0105drzyk, kontakt: <a href=\"mailto:uuuf@wp.pl\">uuuf@wp.pl<\/a><\/p>\n<p>\u00a0<\/p>\n<p>Nasz\u0105 wielk\u0105 inspiracj\u0105 jest adhortacja Amoris Laetitia\u00a0<a href=\"https:\/\/www.vatican.va\/content\/francesco\/pl\/apost_exhortations\/documents\/papa-francesco_esortazione-ap_20160319_amoris-laetitia.html\">https:\/\/www.vatican.va\/content\/francesco\/pl\/apost_exhortations\/documents\/papa-francesco_esortazione-ap_20160319_amoris-laetitia.html<\/a><\/p>\n<p>\u00a0<\/p>\n<p>\u00a0<\/p>\n<p>\u00a0<\/p>\n","protected":false},"excerpt":{"rendered":"<p>\u00a0 \u00a0 Ko\u015bci\u00f3\u0142 \u015bw. Miko\u0142aja w Gdyni sta\u0142 si\u0119 w roku 2025, decyzj\u0105 ks. abpa Tadeusza Wojdy, ko\u015bcio\u0142em jubileuszowym dla os\u00f3b \u017cyj\u0105cych w zwi\u0105zkach niesakramentalnych, to znaczy miejscem, gdzie chcemy wspiera\u0107 duszpastersko obecno\u015b\u0107 \u00a0w Ko\u015bciele os\u00f3b \u017cyj\u0105cych w zwi\u0105zkach nieregularnych. \u00a0 \u00a0 Pierwszym krokiem, kt\u00f3ry uczynili\u015bmy by\u0142o podj\u0119cie tego tematu podczas rekolekcji wielkopostnych, kt\u00f3re wyg\u0142osi\u0142 [&hellip;]<\/p>\n","protected":false},"author":2,"featured_media":0,"parent":0,"menu_order":0,"comment_status":"closed","ping_status":"closed","template":"","meta":{"footnotes":""},"publishpress_future_action":{"enabled":false,"date":"1970-01-01 01:00:00","action":"","terms":[],"taxonomy":"","browser_timezone_offset":0},"_links":{"self":[{"href":"https:\/\/swmikolaj.org\/index.php\/wp-json\/wp\/v2\/pages\/166229"}],"collection":[{"href":"https:\/\/swmikolaj.org\/index.php\/wp-json\/wp\/v2\/pages"}],"about":[{"href":"https:\/\/swmikolaj.org\/index.php\/wp-json\/wp\/v2\/types\/page"}],"author":[{"embeddable":true,"href":"https:\/\/swmikolaj.org\/index.php\/wp-json\/wp\/v2\/users\/2"}],"replies":[{"embeddable":true,"href":"https:\/\/swmikolaj.org\/index.php\/wp-json\/wp\/v2\/comments?post=166229"}],"version-history":[{"count":12,"href":"https:\/\/swmikolaj.org\/index.php\/wp-json\/wp\/v2\/pages\/166229\/revisions"}],"predecessor-version":[{"id":166253,"href":"https:\/\/swmikolaj.org\/index.php\/wp-json\/wp\/v2\/pages\/166229\/revisions\/166253"}],"wp:attachment":[{"href":"https:\/\/swmikolaj.org\/index.php\/wp-json\/wp\/v2\/media?parent=166229"}],"curies":[{"name":"wp","href":"https:\/\/api.w.org\/{rel}","templated":true}]}}