{"id":165951,"date":"2025-08-28T11:08:10","date_gmt":"2025-08-28T10:08:10","guid":{"rendered":"https:\/\/swmikolaj.org\/?page_id=165951"},"modified":"2025-08-31T22:00:47","modified_gmt":"2025-08-31T21:00:47","slug":"anonimowi-depresanci-grupa-ii","status":"publish","type":"page","link":"https:\/\/swmikolaj.org\/index.php\/anonimowi-depresanci-grupa-ii\/","title":{"rendered":"Anonimowi Depresanci   &#8211; grupa II"},"content":{"rendered":"\n\n\n\n\n<p>Spotkania drugiej grupy\u00a0 dla os\u00f3b zmagaj\u0105cych si\u0119 z depresj\u0105 t<strong>o niedziela o 16:00<\/strong> w starej plebanii (ul. \u015aw. Miko\u0142aja 4, wej\u015bcie przez furtk\u0119 ogrodow\u0105). Pierwsze spotkanie tej grupy odby\u0142o si\u0119 24 sierpnia 2025 r.\u00a0<\/p>\n","protected":false},"excerpt":{"rendered":"<p>Spotkania drugiej grupy\u00a0 dla os\u00f3b zmagaj\u0105cych si\u0119 z depresj\u0105 to niedziela o 16:00 w starej plebanii (ul. \u015aw. Miko\u0142aja 4, wej\u015bcie przez furtk\u0119 ogrodow\u0105). Pierwsze spotkanie tej grupy odby\u0142o si\u0119 24 sierpnia 2025 r.\u00a0<\/p>\n","protected":false},"author":2,"featured_media":0,"parent":0,"menu_order":0,"comment_status":"closed","ping_status":"closed","template":"","meta":{"footnotes":""},"publishpress_future_action":{"enabled":false,"date":"1970-01-01 01:00:00","action":"","terms":[],"taxonomy":"","browser_timezone_offset":0},"_links":{"self":[{"href":"https:\/\/swmikolaj.org\/index.php\/wp-json\/wp\/v2\/pages\/165951"}],"collection":[{"href":"https:\/\/swmikolaj.org\/index.php\/wp-json\/wp\/v2\/pages"}],"about":[{"href":"https:\/\/swmikolaj.org\/index.php\/wp-json\/wp\/v2\/types\/page"}],"author":[{"embeddable":true,"href":"https:\/\/swmikolaj.org\/index.php\/wp-json\/wp\/v2\/users\/2"}],"replies":[{"embeddable":true,"href":"https:\/\/swmikolaj.org\/index.php\/wp-json\/wp\/v2\/comments?post=165951"}],"version-history":[{"count":2,"href":"https:\/\/swmikolaj.org\/index.php\/wp-json\/wp\/v2\/pages\/165951\/revisions"}],"predecessor-version":[{"id":165963,"href":"https:\/\/swmikolaj.org\/index.php\/wp-json\/wp\/v2\/pages\/165951\/revisions\/165963"}],"wp:attachment":[{"href":"https:\/\/swmikolaj.org\/index.php\/wp-json\/wp\/v2\/media?parent=165951"}],"curies":[{"name":"wp","href":"https:\/\/api.w.org\/{rel}","templated":true}]}}