{"id":163633,"date":"2024-09-29T19:11:09","date_gmt":"2024-09-29T18:11:09","guid":{"rendered":"https:\/\/swmikolaj.org\/?page_id=163633"},"modified":"2024-10-11T16:06:41","modified_gmt":"2024-10-11T15:06:41","slug":"malzenstwa-ruchu-equipes-notre-dame","status":"publish","type":"page","link":"https:\/\/swmikolaj.org\/index.php\/malzenstwa-ruchu-equipes-notre-dame\/","title":{"rendered":"Ma\u0142\u017ce\u0144stwa ruchu\u00a0Equipes\u00a0Notre Dame"},"content":{"rendered":"\n<p style=\"font-weight: 400; text-align: justify;\"><strong>Equipes Notre-Dame na \u015bwiecie<\/strong><\/p>\n<p style=\"font-weight: 400; text-align: justify;\">Ruch Equipes Notre-Dame jest wsp\u00f3lnot\u0105 ma\u0142\u017ce\u0144stw po\u0142\u0105czonych sakramentem ma\u0142\u017ce\u0144skim. Pomaga ma\u0142\u017ce\u0144stwom w pe\u0142nym prze\u017cywaniu ich sakramentu, pomaga im spotyka\u0107 si\u0119 \u201cw Imi\u0119 Chrystusa\u201d, aby w ten spos\u00f3b lepiej odpowiedzieli na Jego wezwanie i przez osobisty przyk\u0142ad byli \u015bwiadkami chrze\u015bcija\u0144skiego ma\u0142\u017ce\u0144stwa w Ko\u015bciele i w \u015bwiecie.<\/p>\n<p style=\"font-weight: 400; text-align: justify;\">Ruch powsta\u0142 w lutym 1939 roku w Pary\u017cu. Jego za\u0142o\u017cycielem by\u0142 ksi\u0105dz Henri Caffarel, kt\u00f3ry wraz z kilkoma ma\u0142\u017ce\u0144stwami zapocz\u0105tkowa\u0142 t\u0105 drog\u0119 formacji.<\/p>\n<p style=\"font-weight: 400; text-align: justify;\">W 2002 roku nast\u0105pi\u0142o potwierdzenie dekretu o uznaniu END i zatwierdzenie statut\u00f3w kanonicznych uznaj\u0105ce Ruch \u00c9quipes Notre-Dame za mi\u0119dzynarodowe stowarzyszenie prywatne wiernych, posiadaj\u0105ce osobowo\u015b\u0107 prawn\u0105, zgodnie z\u00a0Kodeksem Prawa Kanonicznego<\/p>\n<p style=\"font-weight: 400; text-align: justify;\">Charyzmat ruchu END opisany jest w \u201eKarcie END\u201d za\u0142\u0105czonej do niniejszego sprawozdania (<a href=\"https:\/\/ekipy.end.org.pl\/dokumenty-zrodlowe\/\">Dokumenty \u0179r\u00f3d\u0142owe | Equipes Notre-Dame Polska (end.org.pl)<\/a>). Trzonem dzia\u0142ania s\u0105 spotkania ekipy (grupa licz\u0105ca od 5 do 7 ma\u0142\u017ce\u0144stw) oraz wype\u0142nianie tzw. punkt\u00f3w wysi\u0142ku, obejmuj\u0105ce wsp\u00f3lna ma\u0142\u017ce\u0144sk\u0105 i rodzinna modlitw\u0119, s\u0142uchanie S\u0142owa Bo\u017cego, udzia\u0142 w rekolekcjach, podejmowanie osobistej regu\u0142y \u017cycia czy wsp\u00f3lne \u201ezasi\u0105d\u017amy razem\u201d ma\u0142\u017conk\u00f3w.<\/p>\n<p style=\"font-weight: 400; text-align: justify;\">\u00a0<\/p>\n<p style=\"font-weight: 400; text-align: justify;\"><strong>Equipes Notre-Dame w Diecezji Gda\u0144skiej<\/strong><\/p>\n<p style=\"font-weight: 400; text-align: justify;\">Na terenie Archidiecezji Gda\u0144skiej Ekipy Notre-Dame dzia\u0142aj\u0105 przede wszystkim na terenie Tr\u00f3jmiasta. W 2024 roku \u00a0istniej\u0105 \u00a0trzy ekipy b\u0119d\u0105ce w ruchu ju\u017c od kilku lat oraz jedna ekipa \u201epilota\u017cowa\u201d \u2013 czyli grupa ma\u0142\u017ce\u0144stw w pierwszym roku formacji. Ekipy z Tr\u00f3jmiasta strukturalnie podlegaj\u0105 pod Region I Polska \u2013 obejmuj\u0105cy swoim dzia\u0142aniem Kujawy, Wielkopolsk\u0119 i w\u0142a\u015bnie Pomorze.<\/p>\n<p style=\"font-weight: 400; text-align: justify;\">Nadal do naszych ekip zg\u0142aszaj\u0105 si\u0119 kolejne ma\u0142\u017ce\u0144stwa chc\u0105ce do\u0142\u0105czy\u0107 do ruchu. Wszystko wskazuje na to, \u017ce w najbli\u017cszym czasie powo\u0142ana zostanie kolejna ekipa. Warunkiem jest zebranie si\u0119 od 5 do 7 ma\u0142\u017ce\u0144stw, wy\u0142onienie pary pilotuj\u0105cej \u2013 jednego z do\u015bwiadczonych ma\u0142\u017ce\u0144stw dzia\u0142aj\u0105cych ju\u017c w ruchu oraz znalezienie ojca duchowego, kt\u00f3ry b\u0119dzie towarzyszy\u0142 w tej drodze.<\/p>\n<p style=\"font-weight: 400; text-align: justify;\">Tr\u00f3jmiejskie \u015brodowisko END spotyka si\u0119 cztery razy w roku: rozpoczynaj\u0105ce i ko\u0144cz\u0105c rok formacyjny, na corocznym \u015awi\u0119cie Karty \u2013 czyli dniu specjalnym dla cz\u0142onk\u00f3w ekip oraz na wielkopostnym dniu skupienia, czy na rodzinnym prze\u017cywaniu Drogi Krzy\u017cowej.<\/p>\n<p style=\"font-weight: 400; text-align: justify;\">\u00a0<\/p>\n<p style=\"font-weight: 400; text-align: justify;\"><strong>END w parafii \u015bw. Miko\u0142aja, czyli Tr\u00f3jmiejska ekipa nr III\u00a0<\/strong><\/p>\n<p style=\"font-weight: 400; text-align: justify;\">Tr\u00f3jmiejska Ekipa III sk\u0142ada si\u0119 z 7 ma\u0142\u017ce\u0144stw zamieszkuj\u0105cych w Gda\u0144sku i Gdyni. Ojcem duchowym tej grupy jest ks. Jacek Socha \u2013 Proboszcz Parafii \u015bw. Miko\u0142aja w Gdyni.<\/p>\n<p style=\"font-weight: 400; text-align: justify;\">Ekipa dzia\u0142a od 2018 roku. W \u015brodowisku END nazywana jest ekip\u0105 \u201eharcersk\u0105\u201d, poniewa\u017c jej cz\u0142onkowie wywodz\u0105 si\u0119 w wi\u0119kszo\u015bci z grona instruktor\u00f3w Zwi\u0105zku Harcerstwa Rzeczypospolitej.\u00a0 To grono swoj\u0105 formacj\u0119 rozpocz\u0119\u0142o ju\u017c wiele lat wcze\u015bniej \u2013 bo w 2008 roku. Poszukuj\u0105c w\u0142a\u015bciwej formu\u0142y swojego duchowego rozwoju trafili\u015bmy w\u0142a\u015bnie na Equipes Notre-Dame. Warto doda\u0107, \u017ce te siedem ma\u0142\u017ce\u0144stw wychowuje \u0142\u0105cznie dwadzie\u015bcioro dzieci w wieku od 6 do 20 lat.<\/p>\n<p style=\"font-weight: 400; text-align: justify;\">Dzi\u015b stanowimy grono przyjaci\u00f3\u0142, kt\u00f3re spotyka si\u0119 raz w miesi\u0105cu na spotkaniu formacyjnym obejmuj\u0105cym swoim zakresem dzielenie si\u0119 swoim \u017cyciem, wsp\u00f3ln\u0105 modlitw\u0119 i wsp\u00f3lne omawianie temat\u00f3w formacyjnych. Comiesi\u0119czne spotkania s\u0105 jedynie podsumowaniem dzia\u0142a\u0144 dziej\u0105cych si\u0119 mi\u0119dzy ma\u0142\u017conkami w ich w\u0142asnych domach. Spotkania odbywaj\u0105 si\u0119 w naszych domach, a jednym z nich jest Dom Parafialny w Parafii \u015bw. Miko\u0142aja w Gdyni.<\/p>\n<p>Kontakt: Mariusz Ossowski <a href=\"mailto:mossowski@zhr.pl\">mossowski@zhr.pl<\/a><\/p>\n","protected":false},"excerpt":{"rendered":"<p>Equipes Notre-Dame na \u015bwiecie Ruch Equipes Notre-Dame jest wsp\u00f3lnot\u0105 ma\u0142\u017ce\u0144stw po\u0142\u0105czonych sakramentem ma\u0142\u017ce\u0144skim. Pomaga ma\u0142\u017ce\u0144stwom w pe\u0142nym prze\u017cywaniu ich sakramentu, pomaga im spotyka\u0107 si\u0119 \u201cw Imi\u0119 Chrystusa\u201d, aby w ten spos\u00f3b lepiej odpowiedzieli na Jego wezwanie i przez osobisty przyk\u0142ad byli \u015bwiadkami chrze\u015bcija\u0144skiego ma\u0142\u017ce\u0144stwa w Ko\u015bciele i w \u015bwiecie. Ruch powsta\u0142 w lutym 1939 roku [&hellip;]<\/p>\n","protected":false},"author":2,"featured_media":0,"parent":0,"menu_order":0,"comment_status":"closed","ping_status":"closed","template":"","meta":{"footnotes":""},"publishpress_future_action":{"enabled":false,"date":"1970-01-01 01:00:00","action":"","terms":[],"taxonomy":"","browser_timezone_offset":0},"_links":{"self":[{"href":"https:\/\/swmikolaj.org\/index.php\/wp-json\/wp\/v2\/pages\/163633"}],"collection":[{"href":"https:\/\/swmikolaj.org\/index.php\/wp-json\/wp\/v2\/pages"}],"about":[{"href":"https:\/\/swmikolaj.org\/index.php\/wp-json\/wp\/v2\/types\/page"}],"author":[{"embeddable":true,"href":"https:\/\/swmikolaj.org\/index.php\/wp-json\/wp\/v2\/users\/2"}],"replies":[{"embeddable":true,"href":"https:\/\/swmikolaj.org\/index.php\/wp-json\/wp\/v2\/comments?post=163633"}],"version-history":[{"count":5,"href":"https:\/\/swmikolaj.org\/index.php\/wp-json\/wp\/v2\/pages\/163633\/revisions"}],"predecessor-version":[{"id":163764,"href":"https:\/\/swmikolaj.org\/index.php\/wp-json\/wp\/v2\/pages\/163633\/revisions\/163764"}],"wp:attachment":[{"href":"https:\/\/swmikolaj.org\/index.php\/wp-json\/wp\/v2\/media?parent=163633"}],"curies":[{"name":"wp","href":"https:\/\/api.w.org\/{rel}","templated":true}]}}