{"id":163573,"date":"2024-09-29T19:03:13","date_gmt":"2024-09-29T18:03:13","guid":{"rendered":"https:\/\/swmikolaj.org\/?page_id=163573"},"modified":"2025-12-22T13:21:09","modified_gmt":"2025-12-22T12:21:09","slug":"aninimowi-depresanci","status":"publish","type":"page","link":"https:\/\/swmikolaj.org\/index.php\/aninimowi-depresanci\/","title":{"rendered":"Anonimowi Depresanci &#8222;Przemiana&#8221;"},"content":{"rendered":"\n\n\n<ul>\n<li>Spotkania, kt\u00f3re maj\u0105 charakter otwarty, \u00a0odbywaj\u0105 si\u0119 w ka\u017cd\u0105 <strong>\u015brod\u0119 o 17:30<\/strong> w sali starej plebanii (ul. \u015aw. Miko\u0142aja 4, wej\u015bcie przez furtk\u0119 ogrodow\u0105)<\/li>\n<\/ul>\n<p>\u00a0<\/p>\n<p>Grupa rozpocz\u0119\u0142a spotkania 18 wrze\u015bnia 2024 r.\u00a0<\/p>\n<p><span dir=\"auto\" style=\"vertical-align: inherit;\"><span dir=\"auto\" style=\"vertical-align: inherit;\">Kontakt: <\/span><\/span><a href=\"mailto:jerzyrymar@op.pl\"><span dir=\"auto\" style=\"vertical-align: inherit;\"><span dir=\"auto\" style=\"vertical-align: inherit;\">jerzyrymar@op.pl<\/span><\/span><\/a><\/p>\n<p>\u00a0<\/p>\n<ul>\n<li>Drugi termin i mo\u017cliwo\u015b\u0107 spotka\u0144 dla os\u00f3b zmagaj\u0105cych si\u0119 z depresj\u0105 t<strong>o niedziela o 16:00<\/strong> w starej plebanii (ul. \u015aw. Miko\u0142aja 4, wej\u015bcie przez furtk\u0119 ogrodow\u0105). Pierwsze spotkanie tej grupy odby\u0142o si\u0119 \u00a024 sierpnia 2025 r.\u00a0<\/li>\n<\/ul>\n<p>\u00a0<\/p>\n<p>\u00a0<\/p>\n","protected":false},"excerpt":{"rendered":"<p>Spotkania, kt\u00f3re maj\u0105 charakter otwarty, \u00a0odbywaj\u0105 si\u0119 w ka\u017cd\u0105 \u015brod\u0119 o 17:30 w sali starej plebanii (ul. \u015aw. Miko\u0142aja 4, wej\u015bcie przez furtk\u0119 ogrodow\u0105) \u00a0 Grupa rozpocz\u0119\u0142a spotkania 18 wrze\u015bnia 2024 r.\u00a0 Kontakt: jerzyrymar@op.pl \u00a0 Drugi termin i mo\u017cliwo\u015b\u0107 spotka\u0144 dla os\u00f3b zmagaj\u0105cych si\u0119 z depresj\u0105 to niedziela o 16:00 w starej plebanii (ul. \u015aw. [&hellip;]<\/p>\n","protected":false},"author":6,"featured_media":0,"parent":0,"menu_order":0,"comment_status":"closed","ping_status":"closed","template":"","meta":{"footnotes":""},"publishpress_future_action":{"enabled":false,"date":"1970-01-01 01:00:00","action":"","terms":[],"taxonomy":"","browser_timezone_offset":0},"_links":{"self":[{"href":"https:\/\/swmikolaj.org\/index.php\/wp-json\/wp\/v2\/pages\/163573"}],"collection":[{"href":"https:\/\/swmikolaj.org\/index.php\/wp-json\/wp\/v2\/pages"}],"about":[{"href":"https:\/\/swmikolaj.org\/index.php\/wp-json\/wp\/v2\/types\/page"}],"author":[{"embeddable":true,"href":"https:\/\/swmikolaj.org\/index.php\/wp-json\/wp\/v2\/users\/6"}],"replies":[{"embeddable":true,"href":"https:\/\/swmikolaj.org\/index.php\/wp-json\/wp\/v2\/comments?post=163573"}],"version-history":[{"count":9,"href":"https:\/\/swmikolaj.org\/index.php\/wp-json\/wp\/v2\/pages\/163573\/revisions"}],"predecessor-version":[{"id":166722,"href":"https:\/\/swmikolaj.org\/index.php\/wp-json\/wp\/v2\/pages\/163573\/revisions\/166722"}],"wp:attachment":[{"href":"https:\/\/swmikolaj.org\/index.php\/wp-json\/wp\/v2\/media?parent=163573"}],"curies":[{"name":"wp","href":"https:\/\/api.w.org\/{rel}","templated":true}]}}