{"id":163183,"date":"2024-07-22T19:44:30","date_gmt":"2024-07-22T18:44:30","guid":{"rendered":"https:\/\/swmikolaj.org\/?page_id=163183"},"modified":"2025-06-27T20:23:19","modified_gmt":"2025-06-27T19:23:19","slug":"diakonia-modlitwy-powszechnej","status":"publish","type":"page","link":"https:\/\/swmikolaj.org\/index.php\/diakonia-modlitwy-powszechnej\/","title":{"rendered":"Grupa Modlitwy Powszechnej"},"content":{"rendered":"\n\n\n<p style=\"text-align: justify;\">W roku 2024 powsta\u0142a grupa os\u00f3b, kt\u00f3re uk\u0142adaj\u0105 teksty modlitwy powszechnej na Eucharystie zar\u00f3wno w niedziel\u0119 jak i w dni powszednie. Koordynatork\u0105 grupy jest Anna Machajewska. Kontakt do grupy poprzez biuro parafialne <a href=\"mailto:kancelaria@swmikolaj.org\">kancelaria@swmikolaj.org<\/a> \u00a0<\/p>\n<p>\u00a0<\/p>\n\n\n\n<figure class=\"wp-block-image size-large is-resized\"><img decoding=\"async\" loading=\"lazy\" width=\"1024\" height=\"772\" src=\"https:\/\/swmikolaj.org\/wp-content\/uploads\/2025\/06\/493950201_1035914355321924_608368407303703837_n-1024x772.jpg\" alt=\"\" class=\"wp-image-165532\" style=\"aspect-ratio:1.3264248704663213;width:676px;height:auto\" srcset=\"https:\/\/swmikolaj.org\/wp-content\/uploads\/2025\/06\/493950201_1035914355321924_608368407303703837_n-1024x772.jpg 1024w, https:\/\/swmikolaj.org\/wp-content\/uploads\/2025\/06\/493950201_1035914355321924_608368407303703837_n-300x226.jpg 300w, https:\/\/swmikolaj.org\/wp-content\/uploads\/2025\/06\/493950201_1035914355321924_608368407303703837_n-768x579.jpg 768w, https:\/\/swmikolaj.org\/wp-content\/uploads\/2025\/06\/493950201_1035914355321924_608368407303703837_n-1536x1157.jpg 1536w, https:\/\/swmikolaj.org\/wp-content\/uploads\/2025\/06\/493950201_1035914355321924_608368407303703837_n-676x509.jpg 676w, https:\/\/swmikolaj.org\/wp-content\/uploads\/2025\/06\/493950201_1035914355321924_608368407303703837_n.jpg 2048w\" sizes=\"(max-width: 1024px) 100vw, 1024px\" \/><\/figure>\n\n\n\n<p>zdj\u0119cie Diakonii z czerwca 2025 r.\u00a0<\/p>\n","protected":false},"excerpt":{"rendered":"<p>W roku 2024 powsta\u0142a grupa os\u00f3b, kt\u00f3re uk\u0142adaj\u0105 teksty modlitwy powszechnej na Eucharystie zar\u00f3wno w niedziel\u0119 jak i w dni powszednie. Koordynatork\u0105 grupy jest Anna Machajewska. Kontakt do grupy poprzez biuro parafialne kancelaria@swmikolaj.org \u00a0 \u00a0 zdj\u0119cie Diakonii z czerwca 2025 r.\u00a0<\/p>\n","protected":false},"author":2,"featured_media":0,"parent":0,"menu_order":0,"comment_status":"closed","ping_status":"closed","template":"","meta":{"footnotes":""},"publishpress_future_action":{"enabled":false,"date":"1970-01-01 01:00:00","action":"","terms":[],"taxonomy":"","browser_timezone_offset":0},"_links":{"self":[{"href":"https:\/\/swmikolaj.org\/index.php\/wp-json\/wp\/v2\/pages\/163183"}],"collection":[{"href":"https:\/\/swmikolaj.org\/index.php\/wp-json\/wp\/v2\/pages"}],"about":[{"href":"https:\/\/swmikolaj.org\/index.php\/wp-json\/wp\/v2\/types\/page"}],"author":[{"embeddable":true,"href":"https:\/\/swmikolaj.org\/index.php\/wp-json\/wp\/v2\/users\/2"}],"replies":[{"embeddable":true,"href":"https:\/\/swmikolaj.org\/index.php\/wp-json\/wp\/v2\/comments?post=163183"}],"version-history":[{"count":4,"href":"https:\/\/swmikolaj.org\/index.php\/wp-json\/wp\/v2\/pages\/163183\/revisions"}],"predecessor-version":[{"id":165556,"href":"https:\/\/swmikolaj.org\/index.php\/wp-json\/wp\/v2\/pages\/163183\/revisions\/165556"}],"wp:attachment":[{"href":"https:\/\/swmikolaj.org\/index.php\/wp-json\/wp\/v2\/media?parent=163183"}],"curies":[{"name":"wp","href":"https:\/\/api.w.org\/{rel}","templated":true}]}}