{"id":130348,"date":"2023-11-10T19:22:19","date_gmt":"2023-11-10T18:22:19","guid":{"rendered":"https:\/\/swmikolaj.org\/?page_id=130348"},"modified":"2025-03-20T10:34:35","modified_gmt":"2025-03-20T09:34:35","slug":"ministranci-2","status":"publish","type":"page","link":"https:\/\/swmikolaj.org\/index.php\/ministranci-2\/","title":{"rendered":"Ministranci i Ministrantki"},"content":{"rendered":"\n<p>Zapraszamy dziewczynki i ch\u0142opc\u00f3w do s\u0142u\u017cby liturgicznej. Ch\u0119tni proszeni s\u0105 o zg\u0142aszanie si\u0119 do ks. Oskara Gramckiego lub pa\u0144 zakrystianek po niedzielnej Eucharystii.<\/p>\n<p>S\u0142u\u017cba liturgiczna ch\u0142opc\u00f3w ma w naszej parafii bardzo d\u0142ug\u0105 histori\u0119 i si\u0119ga roku 1911, natomiast dziewczynki zacz\u0119\u0142y pos\u0142ugiwa\u0107 przy o\u0142tarzu we wrze\u015bniu 2018 roku.\u00a0<\/p>\n\n\n\n<figure class=\"wp-block-image size-large is-resized\"><img decoding=\"async\" loading=\"lazy\" width=\"726\" height=\"1024\" src=\"https:\/\/swmikolaj.org\/wp-content\/uploads\/2025\/01\/Dolacz-juz-dzis-do-LSO-726x1024.png\" alt=\"\" class=\"wp-image-164436\" style=\"aspect-ratio:0.7074303405572755;width:676px;height:auto\" srcset=\"https:\/\/swmikolaj.org\/wp-content\/uploads\/2025\/01\/Dolacz-juz-dzis-do-LSO-726x1024.png 726w, https:\/\/swmikolaj.org\/wp-content\/uploads\/2025\/01\/Dolacz-juz-dzis-do-LSO-213x300.png 213w, https:\/\/swmikolaj.org\/wp-content\/uploads\/2025\/01\/Dolacz-juz-dzis-do-LSO-768x1083.png 768w, https:\/\/swmikolaj.org\/wp-content\/uploads\/2025\/01\/Dolacz-juz-dzis-do-LSO-1090x1536.png 1090w, https:\/\/swmikolaj.org\/wp-content\/uploads\/2025\/01\/Dolacz-juz-dzis-do-LSO-676x953.png 676w, https:\/\/swmikolaj.org\/wp-content\/uploads\/2025\/01\/Dolacz-juz-dzis-do-LSO.png 1240w\" sizes=\"(max-width: 726px) 100vw, 726px\" \/><\/figure>\n\n\n\n<p><\/p>\n","protected":false},"excerpt":{"rendered":"<p>Zapraszamy dziewczynki i ch\u0142opc\u00f3w do s\u0142u\u017cby liturgicznej. Ch\u0119tni proszeni s\u0105 o zg\u0142aszanie si\u0119 do ks. Oskara Gramckiego lub pa\u0144 zakrystianek po niedzielnej Eucharystii. S\u0142u\u017cba liturgiczna ch\u0142opc\u00f3w ma w naszej parafii bardzo d\u0142ug\u0105 histori\u0119 i si\u0119ga roku 1911, natomiast dziewczynki zacz\u0119\u0142y pos\u0142ugiwa\u0107 przy o\u0142tarzu we wrze\u015bniu 2018 roku.\u00a0<\/p>\n","protected":false},"author":2,"featured_media":0,"parent":0,"menu_order":0,"comment_status":"closed","ping_status":"closed","template":"","meta":{"footnotes":""},"publishpress_future_action":{"enabled":false,"date":"1970-01-01 01:00:00","action":"","terms":[],"taxonomy":"","browser_timezone_offset":0},"_links":{"self":[{"href":"https:\/\/swmikolaj.org\/index.php\/wp-json\/wp\/v2\/pages\/130348"}],"collection":[{"href":"https:\/\/swmikolaj.org\/index.php\/wp-json\/wp\/v2\/pages"}],"about":[{"href":"https:\/\/swmikolaj.org\/index.php\/wp-json\/wp\/v2\/types\/page"}],"author":[{"embeddable":true,"href":"https:\/\/swmikolaj.org\/index.php\/wp-json\/wp\/v2\/users\/2"}],"replies":[{"embeddable":true,"href":"https:\/\/swmikolaj.org\/index.php\/wp-json\/wp\/v2\/comments?post=130348"}],"version-history":[{"count":12,"href":"https:\/\/swmikolaj.org\/index.php\/wp-json\/wp\/v2\/pages\/130348\/revisions"}],"predecessor-version":[{"id":164888,"href":"https:\/\/swmikolaj.org\/index.php\/wp-json\/wp\/v2\/pages\/130348\/revisions\/164888"}],"wp:attachment":[{"href":"https:\/\/swmikolaj.org\/index.php\/wp-json\/wp\/v2\/media?parent=130348"}],"curies":[{"name":"wp","href":"https:\/\/api.w.org\/{rel}","templated":true}]}}