{"id":123,"date":"2020-03-04T20:47:43","date_gmt":"2020-03-04T20:47:43","guid":{"rendered":"http:\/\/nowa.swmikolaj.org\/?page_id=123"},"modified":"2026-02-16T16:23:44","modified_gmt":"2026-02-16T15:23:44","slug":"kurs-alpha","status":"publish","type":"page","link":"https:\/\/swmikolaj.org\/index.php\/kurs-alpha\/","title":{"rendered":"Kurs Alpha"},"content":{"rendered":"\n<p>Pierwsza Alpha w naszej parafii rozpocz\u0119\u0142a si\u0119 13.10.2014 r. i poprowadzi\u0142a j\u0105 Wsp\u00f3lnota &#8222;Chrystus Powr\u00f3ci&#8221;. Wspomiana wspolnota, kt\u00f3rej duszpasterzem by\u0142 ks. Jacek Socha, poprowadzi\u0142a pierwsz\u0105 Alpha w kontek\u015bcie katolickim  w Tr\u00f3jmie\u015bcie  i by\u0142o to 4 lutego 2013 r. w klasztorze si\u00f3str brygidek w Gda\u0144sku &#8211; Oliwie.<\/p>\n\n\n\n<p><\/p>\n\n\n\n<p><br> Czym jest? <\/p>\n\n\n\n<p><iframe loading=\"lazy\" title=\"Czym jest Kurs Alfa ?\" width=\"676\" height=\"380\" src=\"https:\/\/www.youtube.com\/embed\/tZrM5R5LGkQ?feature=oembed\" frameborder=\"0\" allow=\"accelerometer; autoplay; clipboard-write; encrypted-media; gyroscope; picture-in-picture; web-share\" referrerpolicy=\"strict-origin-when-cross-origin\" allowfullscreen><\/iframe><\/p>\n\n\n\n<p><a href=\"https:\/\/www.youtube.com\/watch?v=h2vfO8Nd8_s&amp;t=1s\">https:\/\/www.youtube.com\/watch?v=h2vfO8Nd8_s&amp;t=1s<\/a><\/p>\n\n\n\n<p>Kurs Alpha to cykl 11 spotka\u0144 wprowadzaj\u0105cych w chrze\u015bcija\u0144stwo, ale nie tylko. Alpha to pr\u00f3ba spojrzenia na temat wiary z zupe\u0142nie innej strony, to wymiana do\u015bwiadcze\u0144, to ciekawi ludzie i dyskusje o sprawach, kt\u00f3re by\u0107 mo\u017ce od dawna Ci\u0119 nurtuj\u0105. Na ka\u017cde spotkanie sk\u0142ada si\u0119 smaczny posi\u0142ek, ciekawy film i dobra rozmowa.<br>Kurs Alpha jest ca\u0142kowicie bezp\u0142atny!<\/p>\n\n\n\n<p>Zapisz si\u0119 ju\u017c dzi\u015b:   <a href=\"zapisy@alphagdynia.pl\">zapisy@alphagdynia.pl<\/a><\/p>\n\n\n\n<p>Zapraszamy!:)<\/p>\n\n\n\n<p>Pierwsze spotkanie odb\u0119dzie si\u0119 jesieni\u0105 2026 r. <br>Spotkania odbywa\u0107 si\u0119 b\u0119d\u0105 w kolejne poniedzia\u0142ki<br>w Domu Parafialnym przy ul. \u015aw. Miko\u0142aja 1, sala nr 4.<\/p>\n\n\n\n<p><\/p>\n\n\n\n<p>Wi\u0119cej informacji: <a href=\"https:\/\/www.facebook.com\/AlphaGdynia\/\">https:\/\/www.facebook.com\/AlphaGdynia\/<\/a><\/p>\n","protected":false},"excerpt":{"rendered":"<p>Pierwsza Alpha w naszej parafii rozpocz\u0119\u0142a si\u0119 13.10.2014 r. i poprowadzi\u0142a j\u0105 Wsp\u00f3lnota &#8222;Chrystus Powr\u00f3ci&#8221;. Wspomiana wspolnota, kt\u00f3rej duszpasterzem by\u0142 ks. Jacek Socha, poprowadzi\u0142a pierwsz\u0105 Alpha w kontek\u015bcie katolickim w Tr\u00f3jmie\u015bcie i by\u0142o to 4 lutego 2013 r. w klasztorze si\u00f3str brygidek w Gda\u0144sku &#8211; Oliwie. Czym jest? https:\/\/www.youtube.com\/watch?v=h2vfO8Nd8_s&amp;t=1s Kurs Alpha to cykl 11 spotka\u0144 [&hellip;]<\/p>\n","protected":false},"author":6,"featured_media":0,"parent":0,"menu_order":0,"comment_status":"closed","ping_status":"closed","template":"","meta":{"footnotes":""},"publishpress_future_action":{"enabled":false,"date":"1970-01-01 01:00:00","action":"","terms":[],"taxonomy":"","browser_timezone_offset":0},"_links":{"self":[{"href":"https:\/\/swmikolaj.org\/index.php\/wp-json\/wp\/v2\/pages\/123"}],"collection":[{"href":"https:\/\/swmikolaj.org\/index.php\/wp-json\/wp\/v2\/pages"}],"about":[{"href":"https:\/\/swmikolaj.org\/index.php\/wp-json\/wp\/v2\/types\/page"}],"author":[{"embeddable":true,"href":"https:\/\/swmikolaj.org\/index.php\/wp-json\/wp\/v2\/users\/6"}],"replies":[{"embeddable":true,"href":"https:\/\/swmikolaj.org\/index.php\/wp-json\/wp\/v2\/comments?post=123"}],"version-history":[{"count":28,"href":"https:\/\/swmikolaj.org\/index.php\/wp-json\/wp\/v2\/pages\/123\/revisions"}],"predecessor-version":[{"id":167121,"href":"https:\/\/swmikolaj.org\/index.php\/wp-json\/wp\/v2\/pages\/123\/revisions\/167121"}],"wp:attachment":[{"href":"https:\/\/swmikolaj.org\/index.php\/wp-json\/wp\/v2\/media?parent=123"}],"curies":[{"name":"wp","href":"https:\/\/api.w.org\/{rel}","templated":true}]}}