{"id":122,"date":"2020-03-04T20:47:43","date_gmt":"2020-03-04T20:47:43","guid":{"rendered":"http:\/\/nowa.swmikolaj.org\/?page_id=122"},"modified":"2020-04-01T20:17:05","modified_gmt":"2020-04-01T20:17:05","slug":"ochrona-danych-osobowych","status":"publish","type":"page","link":"https:\/\/swmikolaj.org\/index.php\/ochrona-danych-osobowych\/","title":{"rendered":"Ochrona Danych Osobowych"},"content":{"rendered":"\n<p style=\"text-align:center\"><span style=\"color: #ff0000;\"><strong>KARTA INFORMACYJNA DOTYCZ\u0104CA PRZETWARZANIA<\/strong><\/span><\/p>\n\n\n\n<p style=\"text-align:center\"><span style=\"color: #ff0000;\"><strong>DANYCH OSOBOWYCH<\/strong><\/span><\/p>\n\n\n\n<p><strong>Informujemy, \u017ce parafia rzymskokatolicka pw. \u015bw. Miko\u0142aja w Gdyni-Chyloni przetwarza Pani\/Pana dane osobowe na podstawie&nbsp;<\/strong><em><strong>Dekretu og\u00f3lnego w sprawie ochrony os\u00f3b fizycznych w zwi\u0105zku z przetwarzaniem danych osobowych w Ko\u015bciele Katolickim<\/strong><\/em><strong>&nbsp;z dnia 13 marca 2018 r. Przetwarzanie danych wynika z przepis\u00f3w prawa kanonicznego.<\/strong><\/p>\n\n\n\n<p><strong>1. Administrator danych osobowych<\/strong>:&nbsp;<em>administratorem Pani\/Pana danych osobowych jest parafia rzymskokatolicka pw. \u015bw. Miko\u0142aja w Gdyni-Chyloni.<\/em><\/p>\n\n\n\n<p><strong>2. Mo\u017cliwo\u015b\u0107 kontaktu z administratorem:<\/strong><\/p>\n\n\n\n<p><em>1)&nbsp;&nbsp;&nbsp;&nbsp;&nbsp;&nbsp;&nbsp;korespondencyjnie na adres: ul. \u015aw. Miko\u0142aja 1, 81-062 Gdynia<\/em><\/p>\n\n\n\n<p><em>2)&nbsp;&nbsp;&nbsp;&nbsp;&nbsp;&nbsp;&nbsp;telefonicznie: pod numerem: 58&nbsp;663 44 14<\/em><\/p>\n\n\n\n<p><em>3)&nbsp;&nbsp;&nbsp;&nbsp;&nbsp;&nbsp;&nbsp;drog\u0105 elektroniczn\u0105: e-mail:&nbsp;<a href=\"mailto:kancelaria@swmikolaj.org\">kancelaria@swmikolaj.org<\/a><\/em><\/p>\n\n\n\n<p><em>4)&nbsp;&nbsp;&nbsp;&nbsp;&nbsp;&nbsp;&nbsp;parafia nie powo\u0142a\u0142a Ko\u015bcielnego Inspektora Ochrony Danych.<\/em><\/p>\n\n\n\n<p><strong>3. Cel przetwarzania:&nbsp;<\/strong><em>zgodnie z obowi\u0105zuj\u0105cym powszechnym i partykularnym prawem kanonicznym:&nbsp;np. prowadzenie ewidencji parafian i by\u0142ych parafian, prowadzenie ksi\u0105g metrykalnych i innych rejestr\u00f3w (dokumentacji) zwi\u0105zanych z udzieleniem sakrament\u00f3w i sakramentali\u00f3w oraz zwi\u0105zanych ze stanem kanonicznym, prowadzenie kartotek parafialnych, wydawanie wypis\u00f3w z rejestr\u00f3w parafialnych a tak\u017ce inne, je\u017celi w danej sytuacji ma to miejsce np. informacje o autorstwie artyku\u0142\u00f3w w gazetce parafialnej, przynale\u017cno\u015b\u0107 do grupy parafialnej.<\/em><\/p>\n\n\n\n<p><strong>4. Kategorie danych osobowych:&nbsp;<\/strong><em>imi\u0119 i nazwisko, data urodzenia, wyznanie, adres zamieszkania, numer telefonu, wizerunek oraz inne np. zwi\u0105zane z udzielanymi sakramentami lub zgodnie z procesow\u0105 procedur\u0105 kanoniczn\u0105.<\/em><\/p>\n\n\n\n<p><strong>5. Odbiorcy danych osobowych:&nbsp;<\/strong><em>inne instytucje ko\u015bcielne zgodnie z prawem kanonicznym na terenie Unii Europejskiej oraz instytucje wskazane na Pani\/Pana pro\u015bb\u0119. Do odbioru wypis\u00f3w z ksi\u0105g metrykalnych upowa\u017cniona jest tylko zainteresowana osoba, kt\u00f3rej dane dotycz\u0105 za okazaniem dokumentu to\u017csamo\u015bci lub pe\u0142nomocnictwa osoby, kt\u00f3rej dane dotycz\u0105.<\/em><\/p>\n\n\n\n<p><strong>6. Planowany czas przechowywania danych osobowych:&nbsp;<\/strong><em>ustalony zgodnie z prawem kanonicznym.<\/em><\/p>\n\n\n\n<p><strong>7. Sprostowanie, usuni\u0119cie lub ograniczenie przetwarzania danych osobowych:&nbsp;<\/strong><em>zgodnie z Dekretem informujemy, \u017ce ma Pani\/Pan prawo do:<\/em><\/p>\n\n\n\n<p><em>1) &nbsp;\u017c\u0105dania od administratora sprostowania danych osobowych w przypadkach okre\u015blonych w art. 12 Dekretu,<\/em><\/p>\n\n\n\n<p><em>2) usuni\u0119cia danych niedotycz\u0105cych udzielonych sakrament\u00f3w b\u0105d\u017a w innych spos\u00f3b odnosz\u0105cych si\u0119 do kanonicznego statusu &#8211; w przypadkach okre\u015blonych w art. 14 Dekretu,<\/em><\/p>\n\n\n\n<p><em>3) ograniczenia przetwarzania danych w przypadkach okre\u015blonych w art. 15 Dekretu.<\/em><\/p>\n\n\n\n<p><strong>8. \u017br\u00f3d\u0142o danych:<\/strong>&nbsp;<em>je\u017celi dane osobowe nie zosta\u0142y zebrane od Pani\/Pana, administrator otrzyma\u0142 je od Pani\/Pana rodzic\u00f3w lub innych sprawuj\u0105cych opiek\u0119 prawn\u0105.<\/em><\/p>\n\n\n\n<p><strong>9. Wizerunek:<\/strong><\/p>\n\n\n\n<p><em>1) Administrator ma prawo umieszcza\u0107 na stronie internetowej i w periodykach parafialnych fotografie, kt\u00f3re zwi\u0105zane s\u0105 z relacj\u0105 wydarze\u0144 religijnych o charakterze publicznym oraz fotografie os\u00f3b, kt\u00f3re sprawuj\u0105 funkcje publiczne,<\/em><\/p>\n\n\n\n<p><em>2) wizerunki nie wynikaj\u0105ce z misji (dzia\u0142alno\u015bci statutowej) Ko\u015bcio\u0142a mog\u0105 by\u0107 publikowane za zgod\u0105 zainteresowanych os\u00f3b, a w przypadku os\u00f3b ma\u0142oletnich, za zgod\u0105 ich rodzic\u00f3w lub prawnych opiekun\u00f3w.<\/em><\/p>\n\n\n\n<p><strong>10. Monitoring:&nbsp;<\/strong><em>obiekt dolnego ko\u015bcio\u0142a oraz dom parafialny jest monitorowany. Wej\u015bcie na ten teren wi\u0105\u017ce si\u0119 z wyra\u017ceniem zgody na przetwarzanie danych osobowych (wizerunku) w rozumieniu przepis\u00f3w KIOD do cel\u00f3w zwi\u0105zanych z funkcjonowaniem monitoringu.<\/em><\/p>\n\n\n\n<p><strong>Informujemy, ze zgodnie z art. 41 Dekretu, je\u017celi Pani\/Pan uzna, \u017ce przetwarzanie danych nie jest zgodne z przepisami Dekretu, ma Pani\/Pan prawo do wniesienia skargi do Ko\u015bcielnego Inspektora Ochrony Danych w Archidiecezji Gda\u0144skiej, ul. Bpa. E. Nowickiego 1, 80-330 Gda\u0144sk, a w kolejnej instancji do Ko\u015bcielnego Inspektora Ochrony Danych. Skwer kard. Stefana Wyszy\u0144skiego 6, 01-015 Warszawa,&nbsp;<a href=\"mailto:kiod@episkopat.pl\">kiod@episkopat.pl<\/a>, www.kiod.epoiskopat.pl<\/strong><\/p>\n","protected":false},"excerpt":{"rendered":"<p>KARTA INFORMACYJNA DOTYCZ\u0104CA PRZETWARZANIA DANYCH OSOBOWYCH Informujemy, \u017ce parafia rzymskokatolicka pw. \u015bw. Miko\u0142aja w Gdyni-Chyloni przetwarza Pani\/Pana dane osobowe na podstawie&nbsp;Dekretu og\u00f3lnego w sprawie ochrony os\u00f3b fizycznych w zwi\u0105zku z przetwarzaniem danych osobowych w Ko\u015bciele Katolickim&nbsp;z dnia 13 marca 2018 r. Przetwarzanie danych wynika z przepis\u00f3w prawa kanonicznego. 1. Administrator danych osobowych:&nbsp;administratorem Pani\/Pana danych osobowych [&hellip;]<\/p>\n","protected":false},"author":2,"featured_media":0,"parent":0,"menu_order":0,"comment_status":"closed","ping_status":"closed","template":"","meta":{"footnotes":""},"publishpress_future_action":{"enabled":false,"date":"1970-01-01 01:00:00","action":"","terms":[],"taxonomy":"","browser_timezone_offset":0},"_links":{"self":[{"href":"https:\/\/swmikolaj.org\/index.php\/wp-json\/wp\/v2\/pages\/122"}],"collection":[{"href":"https:\/\/swmikolaj.org\/index.php\/wp-json\/wp\/v2\/pages"}],"about":[{"href":"https:\/\/swmikolaj.org\/index.php\/wp-json\/wp\/v2\/types\/page"}],"author":[{"embeddable":true,"href":"https:\/\/swmikolaj.org\/index.php\/wp-json\/wp\/v2\/users\/2"}],"replies":[{"embeddable":true,"href":"https:\/\/swmikolaj.org\/index.php\/wp-json\/wp\/v2\/comments?post=122"}],"version-history":[{"count":2,"href":"https:\/\/swmikolaj.org\/index.php\/wp-json\/wp\/v2\/pages\/122\/revisions"}],"predecessor-version":[{"id":1741,"href":"https:\/\/swmikolaj.org\/index.php\/wp-json\/wp\/v2\/pages\/122\/revisions\/1741"}],"wp:attachment":[{"href":"https:\/\/swmikolaj.org\/index.php\/wp-json\/wp\/v2\/media?parent=122"}],"curies":[{"name":"wp","href":"https:\/\/api.w.org\/{rel}","templated":true}]}}