{"id":121,"date":"2020-03-04T20:47:43","date_gmt":"2020-03-04T20:47:43","guid":{"rendered":"http:\/\/nowa.swmikolaj.org\/?page_id=121"},"modified":"2026-04-07T11:34:14","modified_gmt":"2026-04-07T10:34:14","slug":"biuro-parafialne","status":"publish","type":"page","link":"https:\/\/swmikolaj.org\/index.php\/biuro-parafialne\/","title":{"rendered":"Biuro Parafialne"},"content":{"rendered":"<p style=\"text-align: center;\"><strong>GODZINY OTWARCIA <\/strong><\/p>\n<p style=\"text-align: center;\"><strong>KANCELARII PARAFIALNEJ<\/strong><\/p>\n<p>PONIEDZIA\u0141EK\u00a0 \u00a009:30 &#8211; 12:30 i 16:00 &#8211; 17:30<\/p>\n<p>WTOREK\u00a0 \u00a0 09:30 &#8211; 12:30<\/p>\n<p>\u015aRODA\u00a0 NIECZYNNE<\/p>\n<p>CZWARTEK\u00a0 \u00a009:30 &#8211; 12:30 i 16:00 &#8211; 17:30<\/p>\n<p>PI\u0104TEK\u00a0 \u00a009:30 &#8211; 12:30<\/p>\n<p style=\"text-align: center;\">***<\/p>\n<p><strong>pracownik biura: p. Joanna Wenta<\/strong><\/p>\n<p>Tel.: +48 58 663-44-14<br \/>\ne-mail:\u00a0<a href=\"mailto:kancelaria@swmikolaj.org\">kancelaria@swmikolaj.org<\/a><\/p>\n<p>Nr telefonu do ksi\u0119dza dy\u017curnego (tylko w spawach wezwa\u0144 do chorych i umieraj\u0105cych): tel. 516368194<\/p>\n<hr \/>\n<p><strong>Kontakt z osobami pracuj\u0105cymi w parafii:<\/strong><\/p>\n<p>organista: p. Andrzej Ka\u0142dowski &#8211; tel. 606195684<\/p>\n","protected":false},"excerpt":{"rendered":"<p>GODZINY OTWARCIA KANCELARII PARAFIALNEJ PONIEDZIA\u0141EK\u00a0 \u00a009:30 &#8211; 12:30 i 16:00 &#8211; 17:30 WTOREK\u00a0 \u00a0 09:30 &#8211; 12:30 \u015aRODA\u00a0 NIECZYNNE CZWARTEK\u00a0 \u00a009:30 &#8211; 12:30 i 16:00 &#8211; 17:30 PI\u0104TEK\u00a0 \u00a009:30 &#8211; 12:30 *** pracownik biura: p. Joanna Wenta Tel.: +48 58 663-44-14 e-mail:\u00a0kancelaria@swmikolaj.org Nr telefonu do ksi\u0119dza dy\u017curnego (tylko w spawach wezwa\u0144 do chorych i umieraj\u0105cych): [&hellip;]<\/p>\n","protected":false},"author":2,"featured_media":0,"parent":0,"menu_order":0,"comment_status":"closed","ping_status":"closed","template":"","meta":{"footnotes":""},"publishpress_future_action":{"enabled":false,"date":"1970-01-01 01:00:00","action":"","terms":[],"taxonomy":"","browser_timezone_offset":0},"_links":{"self":[{"href":"https:\/\/swmikolaj.org\/index.php\/wp-json\/wp\/v2\/pages\/121"}],"collection":[{"href":"https:\/\/swmikolaj.org\/index.php\/wp-json\/wp\/v2\/pages"}],"about":[{"href":"https:\/\/swmikolaj.org\/index.php\/wp-json\/wp\/v2\/types\/page"}],"author":[{"embeddable":true,"href":"https:\/\/swmikolaj.org\/index.php\/wp-json\/wp\/v2\/users\/2"}],"replies":[{"embeddable":true,"href":"https:\/\/swmikolaj.org\/index.php\/wp-json\/wp\/v2\/comments?post=121"}],"version-history":[{"count":113,"href":"https:\/\/swmikolaj.org\/index.php\/wp-json\/wp\/v2\/pages\/121\/revisions"}],"predecessor-version":[{"id":167442,"href":"https:\/\/swmikolaj.org\/index.php\/wp-json\/wp\/v2\/pages\/121\/revisions\/167442"}],"wp:attachment":[{"href":"https:\/\/swmikolaj.org\/index.php\/wp-json\/wp\/v2\/media?parent=121"}],"curies":[{"name":"wp","href":"https:\/\/api.w.org\/{rel}","templated":true}]}}