{"id":120,"date":"2020-03-04T20:47:43","date_gmt":"2020-03-04T20:47:43","guid":{"rendered":"http:\/\/nowa.swmikolaj.org\/?page_id=120"},"modified":"2025-09-21T16:30:54","modified_gmt":"2025-09-21T15:30:54","slug":"rada-duszpasterska","status":"publish","type":"page","link":"https:\/\/swmikolaj.org\/index.php\/rada-duszpasterska\/","title":{"rendered":"Rada Duszpasterska"},"content":{"rendered":"\n<p><strong>NOWY SK\u0141AD 24.10.2021 R.<\/strong><\/p>\n\n\n\n<p><strong>Szymon Banaszczyk<\/strong> (Stowarzyszenie \u015aw. Miko\u0142aja Biskupa, grupa modlitwy kontemplacyjnej)<\/p>\n\n\n\n<p><strong>Aneta Batko<\/strong> (Diakonia Medialna \u201eG\u0142os Miko\u0142aja\u201d, Szko\u0142a Ewangelizacji Magnificat)<\/p>\n\n\n\n<p><strong>Kinga Bronk<\/strong> (Tr\u00f3jmiejska Formacja Uwielbienia)<\/p>\n\n\n\n<p><strong>Barbara Chalecka<\/strong> (Apostolat Maryjny)<\/p>\n\n\n\n<p><strong>Ma\u0142gorzata Chojnowska<\/strong> (Klub Seniora)<\/p>\n\n\n\n<p><strong>Andrzej Ka\u0142dowski<\/strong> (organista, Diakonia Muzyczna \u015aw. Miko\u0142aja)<\/p>\n\n\n\n<p><strong>Ewa Kosza\u0142ka<\/strong> (PZ Caritas, Zupa Chylo\u0144ska, Szko\u0142a Ewangelizacji Magnificat)<\/p>\n\n\n\n<p><strong>Kordian Kulaszewicz<\/strong> (Nadzwyczajny Szafarz Komunii \u015awi\u0119tej)<\/p>\n\n\n\n<p><strong>Danuta Necel-Lewandowska <\/strong> (Wsp\u00f3lnota Trudnych Ma\u0142\u017ce\u0144stw Sychar)<\/p>\n\n\n\n<p><strong>Marta Nowicka<\/strong> (Sp\u00f3\u0142dzielnia Socjalna Dobre Miejsce, )<\/p>\n\n\n\n<p><strong>Anna Pitala<\/strong> (Dzieje 2)<\/p>\n\n\n\n<p><strong><strong>&nbsp;\u0141ucja Piotrowska-Ferens<\/strong><\/strong> (\u017bywy R\u00f3\u017caniec)<\/p>\n\n\n\n<p><strong>Emil Rojek<\/strong> (Szko\u0142a Ewangelizacji Magnificat)<\/p>\n\n\n\n<p><strong>Wojciech Roman<\/strong> (Szko\u0142a Ewangelizacji Magnificat, ministrant senior)<\/p>\n\n\n\n<p><strong>Irena Ros\u0142anek<\/strong> (Czciciele Mi\u0142osierdzia Bo\u017cego, Kurs dla narzeczonych)<\/p>\n\n\n\n<p><strong>Iwona Saci\u0142owska<\/strong> (Szko\u0142a Ewangelizacji Magnificat)<\/p>\n\n\n\n<p><strong>Roman Szpura<\/strong> (Droga Neokatechumenalna)<\/p>\n\n\n\n<p><strong>Joanna Wenta<\/strong> (pracownik Biura Parafialnego, Szko\u0142a Ewangelizacji Magnificat)<\/p>\n\n\n\n<p><\/p>\n\n\n\n<p><\/p>\n\n\n\n<p>Ksi\u0119\u017ca pracuj\u0105cy aktualnie w parafii \u015bw. Miko\u0142aja<\/p>\n\n\n\n<p>                                                    ***<\/p>\n\n\n\n<p>&nbsp;Polecamy film o naszej Parafialnej Radzie Duszpasterskiej z listopada 2018 r. <\/p>\n\n\n\n<figure class=\"wp-block-embed is-type-video is-provider-youtube wp-block-embed-youtube wp-embed-aspect-16-9 wp-has-aspect-ratio\"><div class=\"wp-block-embed__wrapper\">\n<iframe loading=\"lazy\" title=\"Mapa Wiary #8 Parafialna Rada Duszpasterska\" width=\"676\" height=\"380\" src=\"https:\/\/www.youtube.com\/embed\/afaJ4f8vZWE?feature=oembed\" frameborder=\"0\" allow=\"accelerometer; autoplay; clipboard-write; encrypted-media; gyroscope; picture-in-picture; web-share\" allowfullscreen><\/iframe>\n<\/div><\/figure>\n\n\n\n<p>Spotkanie:<\/p>\n\n\n\n<p>6.03.2016 r., godz. 16:00<\/p>\n\n\n\n<p>5.06.2016 r., godz. 16:00&nbsp;<\/p>\n\n\n\n<p>&nbsp;9.10.2016 r. godz. 16:00<\/p>\n\n\n\n<p>11.12.2016 r. godz. 16:00<\/p>\n\n\n\n<p>12.03.2017 r., godz. 16:00<\/p>\n\n\n\n<p>18.06.2017, godz. 16:00<\/p>\n\n\n\n<p>10.09.2017, godz. 16:00<\/p>\n\n\n\n<p>1.10.2017, 15:30 &#8211; spotkanie z ks. Grzegorzem Strzelczykiem<\/p>\n\n\n\n<p>19.11.2017 r. godz. 16:30<\/p>\n\n\n\n<p>10.12.2017 r. godz. 19:30 &#8211; spotkanie z o. Kasprem Mariuszem Kaproniem<\/p>\n\n\n\n<p>10.06.2018 r., godz. 16:00<\/p>\n\n\n\n<p>18.11.2018 r. 16:30 w bibliotece domu parafialanego<\/p>\n\n\n\n<p>3.02.2019 r., 16:00&nbsp; w bibliotece domu parafialnego<\/p>\n\n\n\n<p>1.12.2019 r. 16:00 w bibliotece domu par.<\/p>\n\n\n\n<p>&nbsp;2.02.2020, 16:00.<\/p>\n\n\n\n<p>11.03.2022 r. 16:00 &#8211;  na plebanii                       <\/p>\n\n\n\n<p>22.05.20022 r., 16:00 &#8211; w sali nr 5<\/p>\n\n\n\n<p>12.03.2023 r. 16:00 &#8211;  na plebanii<\/p>\n\n\n\n<p>1.10.2023, godz. 16:30, kawiarenka domu parafialnego<\/p>\n\n\n\n<p>22.09.2025 r. godz. 19:15, kawiarenka domu parafialnego<\/p>\n\n\n<div class=\"wp-block-image\">\n<figure class=\"aligncenter\"><img decoding=\"async\" loading=\"lazy\" width=\"800\" height=\"600\" src=\"http:\/\/swmikolaj.org\/wp-content\/uploads\/2020\/03\/IMG_0009-3.jpg\" alt=\"\" class=\"wp-image-1674\" srcset=\"https:\/\/swmikolaj.org\/wp-content\/uploads\/2020\/03\/IMG_0009-3.jpg 800w, https:\/\/swmikolaj.org\/wp-content\/uploads\/2020\/03\/IMG_0009-3-300x225.jpg 300w, https:\/\/swmikolaj.org\/wp-content\/uploads\/2020\/03\/IMG_0009-3-768x576.jpg 768w, https:\/\/swmikolaj.org\/wp-content\/uploads\/2020\/03\/IMG_0009-3-676x507.jpg 676w\" sizes=\"(max-width: 800px) 100vw, 800px\" \/><\/figure><\/div>\n\n\n<p>RADA DUSZPASTERSKA 2012 R.<\/p>\n","protected":false},"excerpt":{"rendered":"<p>NOWY SK\u0141AD 24.10.2021 R. Szymon Banaszczyk (Stowarzyszenie \u015aw. Miko\u0142aja Biskupa, grupa modlitwy kontemplacyjnej) Aneta Batko (Diakonia Medialna \u201eG\u0142os Miko\u0142aja\u201d, Szko\u0142a Ewangelizacji Magnificat) Kinga Bronk (Tr\u00f3jmiejska Formacja Uwielbienia) Barbara Chalecka (Apostolat Maryjny) Ma\u0142gorzata Chojnowska (Klub Seniora) Andrzej Ka\u0142dowski (organista, Diakonia Muzyczna \u015aw. Miko\u0142aja) Ewa Kosza\u0142ka (PZ Caritas, Zupa Chylo\u0144ska, Szko\u0142a Ewangelizacji Magnificat) Kordian Kulaszewicz (Nadzwyczajny Szafarz [&hellip;]<\/p>\n","protected":false},"author":2,"featured_media":0,"parent":0,"menu_order":0,"comment_status":"closed","ping_status":"closed","template":"","meta":{"footnotes":""},"publishpress_future_action":{"enabled":false,"date":"1970-01-01 01:00:00","action":"","terms":[],"taxonomy":"","browser_timezone_offset":0},"_links":{"self":[{"href":"https:\/\/swmikolaj.org\/index.php\/wp-json\/wp\/v2\/pages\/120"}],"collection":[{"href":"https:\/\/swmikolaj.org\/index.php\/wp-json\/wp\/v2\/pages"}],"about":[{"href":"https:\/\/swmikolaj.org\/index.php\/wp-json\/wp\/v2\/types\/page"}],"author":[{"embeddable":true,"href":"https:\/\/swmikolaj.org\/index.php\/wp-json\/wp\/v2\/users\/2"}],"replies":[{"embeddable":true,"href":"https:\/\/swmikolaj.org\/index.php\/wp-json\/wp\/v2\/comments?post=120"}],"version-history":[{"count":14,"href":"https:\/\/swmikolaj.org\/index.php\/wp-json\/wp\/v2\/pages\/120\/revisions"}],"predecessor-version":[{"id":166114,"href":"https:\/\/swmikolaj.org\/index.php\/wp-json\/wp\/v2\/pages\/120\/revisions\/166114"}],"wp:attachment":[{"href":"https:\/\/swmikolaj.org\/index.php\/wp-json\/wp\/v2\/media?parent=120"}],"curies":[{"name":"wp","href":"https:\/\/api.w.org\/{rel}","templated":true}]}}