{"id":119,"date":"2020-03-04T20:47:43","date_gmt":"2020-03-04T19:47:43","guid":{"rendered":"http:\/\/nowa.swmikolaj.org\/?page_id=119"},"modified":"2025-12-27T16:04:20","modified_gmt":"2025-12-27T15:04:20","slug":"duszpasterze","status":"publish","type":"page","link":"https:\/\/swmikolaj.org\/index.php\/duszpasterze\/","title":{"rendered":"Duszpasterze"},"content":{"rendered":"\n<h4 class=\"wp-block-heading\"><strong>Proboszcz:<\/strong><\/h4>\n\n\n\n<figure class=\"wp-block-image is-resized\"><img decoding=\"async\" loading=\"lazy\" width=\"1024\" height=\"678\" src=\"http:\/\/swmikolaj.org\/wp-content\/uploads\/2020\/03\/Z_konwiwencji_listopad_2016-1024x678.jpg\" alt=\"\" class=\"wp-image-434\" style=\"width:272px;height:180px\" srcset=\"https:\/\/swmikolaj.org\/wp-content\/uploads\/2020\/03\/Z_konwiwencji_listopad_2016-1024x678.jpg 1024w, https:\/\/swmikolaj.org\/wp-content\/uploads\/2020\/03\/Z_konwiwencji_listopad_2016-300x199.jpg 300w, https:\/\/swmikolaj.org\/wp-content\/uploads\/2020\/03\/Z_konwiwencji_listopad_2016-768x509.jpg 768w, https:\/\/swmikolaj.org\/wp-content\/uploads\/2020\/03\/Z_konwiwencji_listopad_2016-676x448.jpg 676w, https:\/\/swmikolaj.org\/wp-content\/uploads\/2020\/03\/Z_konwiwencji_listopad_2016.jpg 1184w\" sizes=\"(max-width: 1024px) 100vw, 1024px\" \/><\/figure>\n\n\n\n<h5 class=\"wp-block-heading\"><strong>ks. Jacek Socha<\/strong><\/h5>\n\n\n\n<p><strong>Urodzony: <\/strong>30.06.1969 r. w Gda\u0144sku.<br><strong>Wy\u015bwi\u0119cony:<\/strong> 21.05.1994 w Bazylice Mariackiej, w Gda\u0144sku;<br> dr teologii.<\/p>\n\n\n\n<p>Od 25.04.2009 r. proboszcz parafii pw. \u015bw. Miko\u0142aja w Gdyni-Chyloni.<\/p>\n\n\n\n<p>Od 31.03.2025 r. czasowo zwolniony z administrowania parafi\u0105.<\/p>\n\n\n\n<p>Duszpasterz: Wsp\u00f3lnoty SE &#8222;Magnificat&#8221;, V Wsp\u00f3lnoty Neokatechumenlanej, Klubu Seniora, Parafialnego Zespo\u0142u Caritas, Tr\u00f3jmiejskiej Fromacji Uwielbienia.  Equipe Notre Dame, jednego rocznika Postcresima, Doradca Duchowy w Stowarzyszeniu \u015aw. Miko\u0142aja Biskupa, redaktor &#8222;G\u0142osu Miko\u0142aja&#8221; oraz duszpasterz projektu Baranki. <\/p>\n\n\n\n<p>W niedziel\u0119 sprawuje Msz\u0119 \u015awi\u0119t\u0105 zazwyczaj  o 10:00 i 18:30.<\/p>\n\n\n\n<p>e-mail: <a href=\"mailto:jaceksocha2@gmail.com\">jaceksocha2@gmail.com<\/a><\/p>\n\n\n\n<p><\/p>\n\n\n\n<h3 class=\"wp-block-heading a2a_clear\">Administrator:<\/h3>\n\n\n\n<p><\/p>\n\n\n\n<hr class=\"wp-block-separator has-css-opacity\"\/>\n\n\n\n<p><\/p>\n\n\n\n<p><strong><img decoding=\"async\" loading=\"lazy\" class=\"alignnone  wp-image-23455\" src=\"https:\/\/swmikolaj.org\/wp-content\/uploads\/2022\/09\/116493_gd50s03_xWadrzyk_1_82.jpg.webp_-196x300.jpeg\" alt=\"\" width=\"129\" height=\"197\" srcset=\"https:\/\/swmikolaj.org\/wp-content\/uploads\/2022\/09\/116493_gd50s03_xWadrzyk_1_82.jpg.webp_-196x300.jpeg 196w, https:\/\/swmikolaj.org\/wp-content\/uploads\/2022\/09\/116493_gd50s03_xWadrzyk_1_82.jpg.webp_.jpeg 340w\" sizes=\"(max-width: 129px) 100vw, 129px\" \/>\u00a0 \u00a0ks. Zbigniew W\u0105drzyk\u00a0<\/strong><\/p>\n<p>ur. 18.03.1971 r.\u00a0<\/p>\n<p>wy\u015bwi\u0119cony 22.06.1996 r. w Gda\u0144sku<\/p>\n<p>Od 06.04.2025 r. administrator <em>ad tempus<\/em> parafii.<\/p>\n<p>e-mail: <a href=\"mailto:uuuf@wp.pl\">uuuf@wp.pl<\/a><\/p>\n<p>Duszpasterz: VII Wspolnoty Neokatechumenalnej, jednego z rocznik\u00f3w Postcresima, Wsp\u00f3lnoty &#8222;Dzieje 2&#8221;, Wspolnoty Trudnych Ma\u0142\u017ce\u0144stw Sychar, Apostolatu Maryjnego, \u017bywego R\u00f3\u017ca\u0144ca, zaanga\u017cowany w Zup\u0119 Chylo\u0144sk\u0105, duszpasterz narzeczonych, odpowiedzialny za przygotowanie m\u0142odzie\u017cy do Bierzmowania .<\/p>\n<p>W niedziel\u0119 zazwyczaj sprawuje Msz\u0119 \u015bwi\u0119t\u0105 o 13:00 i 20:00 (w dolnym ko\u015bciele)<\/p>\n<p>\u00a0<\/p>\n\n\n\n<p><span style=\"font-size: 24pt;\"><strong>Wikariusze<\/strong>:<\/span><\/p>\n\n\n\n<p><strong><img decoding=\"async\" loading=\"lazy\" class=\"alignnone  wp-image-8294\" src=\"https:\/\/swmikolaj.org\/wp-content\/uploads\/2021\/08\/Unknown.jpeg\" alt=\"\" width=\"174\" height=\"137\">ks. Tomasz Makowsk<\/strong>i<\/p>\n<p>Ur. 11.12.1970 r.&nbsp;<\/p>\n<p>Wy\u015bwi\u0119cony 22.06.1996 r. w Gda\u0144sku<\/p>\n<p>e-mail: <a href=\"mailto:tmaku@mac.com\">tomasz.makowski@gmail.com<\/a><\/p>\n<p>Duszpasterz: &nbsp; KSM Semper Fidelis, Kr\u0119gu Biblijnego, R\u00f3\u017ca\u0144ca Rodzic\u00f3w za Dzieci, &nbsp;IV Wspolnoty neokatechumenalnej, jednego z rocznik\u00f3w Postcresima.<\/p>\n<p>W niedziel\u0119 sprawuje Msz\u0119 \u015bwi\u0119t\u0105 zazwyczaj o 8:00<\/p>\n<p>&nbsp;<\/p>\n\n\n\n<p><img decoding=\"async\" loading=\"lazy\" class=\"alignnone size-full wp-image-163416\" src=\"https:\/\/swmikolaj.org\/wp-content\/uploads\/2024\/08\/Unknown.jpeg\" alt=\"\" width=\"186\" height=\"175\" \/> <strong>ks. Oskar Gramacki<\/strong><\/p>\n<p>ur. 11.09.1995 r. w Gda\u0144sku<\/p>\n<p>Wy\u015bwi\u0119cony 15.05.2021r.\u00a0<\/p>\n<p>Duszpasterz: LSO, Nadzwyczajnych Szafarzy Komunii \u015awi\u0119tej, dzieci przygotowuj\u0105cych si\u0119 do Pierwszej Komunii \u015bwi\u0119tej, jednego z rocznik\u00f3w Postcresima, III wsp\u00f3lnoty neokatechumnelanej, czcicieli mi\u0142osierdzia Bo\u017cego, nauczyciel religii w szkole podstawowej w Redzie.\u00a0<\/p>\n<p>W niedziel\u0119 sprawuje Msze \u015bwi\u0119ta zazwyczaj o 11:30\u00a0<\/p>\n\n\n\n<hr class=\"wp-block-separator has-css-opacity\"\/>\n\n\n\n<h3 class=\"wp-block-heading a2a_clear\"><\/h3>\n","protected":false},"excerpt":{"rendered":"<p>Proboszcz: ks. Jacek Socha Urodzony: 30.06.1969 r. w Gda\u0144sku.Wy\u015bwi\u0119cony: 21.05.1994 w Bazylice Mariackiej, w Gda\u0144sku; dr teologii. Od 25.04.2009 r. proboszcz parafii pw. \u015bw. Miko\u0142aja w Gdyni-Chyloni. Od 31.03.2025 r. czasowo zwolniony z administrowania parafi\u0105. Duszpasterz: Wsp\u00f3lnoty SE &#8222;Magnificat&#8221;, V Wsp\u00f3lnoty Neokatechumenlanej, Klubu Seniora, Parafialnego Zespo\u0142u Caritas, Tr\u00f3jmiejskiej Fromacji Uwielbienia. Equipe Notre Dame, jednego rocznika [&hellip;]<\/p>\n","protected":false},"author":2,"featured_media":0,"parent":0,"menu_order":0,"comment_status":"closed","ping_status":"closed","template":"","meta":{"footnotes":""},"publishpress_future_action":{"enabled":false,"date":"1970-01-01 01:00:00","action":"","terms":[],"taxonomy":"","browser_timezone_offset":0},"_links":{"self":[{"href":"https:\/\/swmikolaj.org\/index.php\/wp-json\/wp\/v2\/pages\/119"}],"collection":[{"href":"https:\/\/swmikolaj.org\/index.php\/wp-json\/wp\/v2\/pages"}],"about":[{"href":"https:\/\/swmikolaj.org\/index.php\/wp-json\/wp\/v2\/types\/page"}],"author":[{"embeddable":true,"href":"https:\/\/swmikolaj.org\/index.php\/wp-json\/wp\/v2\/users\/2"}],"replies":[{"embeddable":true,"href":"https:\/\/swmikolaj.org\/index.php\/wp-json\/wp\/v2\/comments?post=119"}],"version-history":[{"count":69,"href":"https:\/\/swmikolaj.org\/index.php\/wp-json\/wp\/v2\/pages\/119\/revisions"}],"predecessor-version":[{"id":166778,"href":"https:\/\/swmikolaj.org\/index.php\/wp-json\/wp\/v2\/pages\/119\/revisions\/166778"}],"wp:attachment":[{"href":"https:\/\/swmikolaj.org\/index.php\/wp-json\/wp\/v2\/media?parent=119"}],"curies":[{"name":"wp","href":"https:\/\/api.w.org\/{rel}","templated":true}]}}