{"id":118,"date":"2020-03-04T20:47:43","date_gmt":"2020-03-04T19:47:43","guid":{"rendered":"http:\/\/nowa.swmikolaj.org\/?page_id=118"},"modified":"2026-04-17T13:04:43","modified_gmt":"2026-04-17T12:04:43","slug":"dyzury-spowiednikow","status":"publish","type":"page","link":"https:\/\/swmikolaj.org\/index.php\/dyzury-spowiednikow\/","title":{"rendered":"Dy\u017cury spowiednik\u00f3w"},"content":{"rendered":"<p data-tfs-translated=\"true\">Poza zwyczajnymi godzinami sprawowania Sakramentu Pokuty w g\u00f3rnym ko\u015bciele , czyli przed i na pocz\u0105tku ka\u017cdej Mszy \u015bwi\u0119tej,\u00a0 ksi\u0119\u017ca spowiadaj\u0105 w nast\u0119puj\u0105cych terminach:<\/p>\n<p data-tfs-translated=\"true\"><strong>Ks. Jacek Socha<\/strong><\/p>\n\n\n<p>21 kwietnia  (wtorek ) &#8211; 17:00-18:10 w dolnym ko\u015bciele<\/p>\n\n\n\n<p>22 kwietnia (\u015broda) &#8211; 17:00-18:10 w dolnym ko\u015bciele<\/p>\n\n\n\n<p><\/p>\n\n\n\n<p><\/p>\n\n\n\n<p><\/p>\n\n\n\n<p><\/p>\n\n\n\n<p class=\"has-regular-font-size\"><\/p>\n\n\n\n<p><\/p>\n\n\n\n<p><\/p>\n\n\n\n<p><\/p>\n\n\n\n<p><\/p>\n\n\n\n<p class=\"has-regular-font-size\"><\/p>\n\n\n\n<p><\/p>\n\n\n<p data-tfs-translated=\"true\"><strong>Ks. Zbigniew W\u0105drzyk<\/strong><\/p>\n<p data-tfs-translated=\"true\">czwartki &#8211; 17:00 &#8211; 18:10 dolny ko\u015bci\u00f3\u0142<\/p>\n<p data-tfs-translated=\"true\"><strong>Ks. Tomasz Makowski<\/strong><\/p>\n<p data-tfs-translated=\"true\">poniedzia\u0142ki &#8211; 17:00 &#8211; 18:00 dolny ko\u015bci\u00f3\u0142<\/p>\n\n\n<p><\/p>\n\n\n\n<p><\/p>\n\n\n\n<p><\/p>\n\n\n\n<p><\/p>\n\n\n\n<p><\/p>\n\n\n\n<p><\/p>\n\n\n\n<p><\/p>\n\n\n\n<p><\/p>\n\n\n\n<p><\/p>\n\n\n\n<p><\/p>\n\n\n\n<p><\/p>\n\n\n\n<p><\/p>\n","protected":false},"excerpt":{"rendered":"<p>Poza zwyczajnymi godzinami sprawowania Sakramentu Pokuty w g\u00f3rnym ko\u015bciele , czyli przed i na pocz\u0105tku ka\u017cdej Mszy \u015bwi\u0119tej,\u00a0 ksi\u0119\u017ca spowiadaj\u0105 w nast\u0119puj\u0105cych terminach: Ks. Jacek Socha 21 kwietnia (wtorek ) &#8211; 17:00-18:10 w dolnym ko\u015bciele 22 kwietnia (\u015broda) &#8211; 17:00-18:10 w dolnym ko\u015bciele Ks. Zbigniew W\u0105drzyk czwartki &#8211; 17:00 &#8211; 18:10 dolny ko\u015bci\u00f3\u0142 Ks. Tomasz [&hellip;]<\/p>\n","protected":false},"author":3,"featured_media":0,"parent":0,"menu_order":0,"comment_status":"closed","ping_status":"closed","template":"","meta":{"footnotes":""},"publishpress_future_action":{"enabled":false,"date":"1970-01-01 01:00:00","action":"","terms":[],"taxonomy":"","browser_timezone_offset":0},"_links":{"self":[{"href":"https:\/\/swmikolaj.org\/index.php\/wp-json\/wp\/v2\/pages\/118"}],"collection":[{"href":"https:\/\/swmikolaj.org\/index.php\/wp-json\/wp\/v2\/pages"}],"about":[{"href":"https:\/\/swmikolaj.org\/index.php\/wp-json\/wp\/v2\/types\/page"}],"author":[{"embeddable":true,"href":"https:\/\/swmikolaj.org\/index.php\/wp-json\/wp\/v2\/users\/3"}],"replies":[{"embeddable":true,"href":"https:\/\/swmikolaj.org\/index.php\/wp-json\/wp\/v2\/comments?post=118"}],"version-history":[{"count":369,"href":"https:\/\/swmikolaj.org\/index.php\/wp-json\/wp\/v2\/pages\/118\/revisions"}],"predecessor-version":[{"id":167518,"href":"https:\/\/swmikolaj.org\/index.php\/wp-json\/wp\/v2\/pages\/118\/revisions\/167518"}],"wp:attachment":[{"href":"https:\/\/swmikolaj.org\/index.php\/wp-json\/wp\/v2\/media?parent=118"}],"curies":[{"name":"wp","href":"https:\/\/api.w.org\/{rel}","templated":true}]}}