{"id":117,"date":"2020-03-04T20:47:43","date_gmt":"2020-03-04T20:47:43","guid":{"rendered":"http:\/\/nowa.swmikolaj.org\/?page_id=117"},"modified":"2025-12-27T16:01:19","modified_gmt":"2025-12-27T15:01:19","slug":"liturgie-i-nabozenstwa","status":"publish","type":"page","link":"https:\/\/swmikolaj.org\/index.php\/liturgie-i-nabozenstwa\/","title":{"rendered":"Msze \u015bwi\u0119te"},"content":{"rendered":"\n<h4 class=\"wp-block-heading\">Liturgia Mszy \u015awi\u0119tej w niedziele i uroczysto\u015bci<\/h4>\n\n\n\n<p>18:30 (wigilijna w sobot\u0119)<br>08:00<br>10:00 (suma parafialna)*<br>11:30 (z udzia\u0142em rodzic\u00f3w i dzieci)<br>13:00<br>18:30<\/p>\n\n\n\n<p>20:00 (w dolnym ko\u015bciele)<\/p>\n\n\n\n<p><\/p>\n\n\n\n<p><\/p>\n\n\n\n<p>*  transmitowana przez <a href=\"https:\/\/www.youtube.com\/channel\/UCloW1cN6eAZE3EK5IwhjUGQ\/featured\">kana\u0142 YouTube &#8222;G\u0142os Miko\u0142aja&#8221;<\/a><\/p>\n\n\n\n<p><\/p>\n\n\n\n<h4 class=\"wp-block-heading\"> <br>Liturgia Mszy \u015awi\u0119tej w dni powszednie <\/h4>\n\n\n\n<p> 08:00; 18:30 <\/p>\n","protected":false},"excerpt":{"rendered":"<p>Liturgia Mszy \u015awi\u0119tej w niedziele i uroczysto\u015bci 18:30 (wigilijna w sobot\u0119)08:0010:00 (suma parafialna)*11:30 (z udzia\u0142em rodzic\u00f3w i dzieci)13:0018:30 20:00 (w dolnym ko\u015bciele) * transmitowana przez kana\u0142 YouTube &#8222;G\u0142os Miko\u0142aja&#8221; Liturgia Mszy \u015awi\u0119tej w dni powszednie 08:00; 18:30<\/p>\n","protected":false},"author":2,"featured_media":2285,"parent":0,"menu_order":0,"comment_status":"closed","ping_status":"closed","template":"","meta":{"footnotes":""},"publishpress_future_action":{"enabled":false,"date":"1970-01-01 01:00:00","action":"","terms":[],"taxonomy":"","browser_timezone_offset":0},"_links":{"self":[{"href":"https:\/\/swmikolaj.org\/index.php\/wp-json\/wp\/v2\/pages\/117"}],"collection":[{"href":"https:\/\/swmikolaj.org\/index.php\/wp-json\/wp\/v2\/pages"}],"about":[{"href":"https:\/\/swmikolaj.org\/index.php\/wp-json\/wp\/v2\/types\/page"}],"author":[{"embeddable":true,"href":"https:\/\/swmikolaj.org\/index.php\/wp-json\/wp\/v2\/users\/2"}],"replies":[{"embeddable":true,"href":"https:\/\/swmikolaj.org\/index.php\/wp-json\/wp\/v2\/comments?post=117"}],"version-history":[{"count":14,"href":"https:\/\/swmikolaj.org\/index.php\/wp-json\/wp\/v2\/pages\/117\/revisions"}],"predecessor-version":[{"id":166776,"href":"https:\/\/swmikolaj.org\/index.php\/wp-json\/wp\/v2\/pages\/117\/revisions\/166776"}],"wp:featuredmedia":[{"embeddable":true,"href":"https:\/\/swmikolaj.org\/index.php\/wp-json\/wp\/v2\/media\/2285"}],"wp:attachment":[{"href":"https:\/\/swmikolaj.org\/index.php\/wp-json\/wp\/v2\/media?parent=117"}],"curies":[{"name":"wp","href":"https:\/\/api.w.org\/{rel}","templated":true}]}}